{"id":12157,"date":"2022-08-11T03:42:37","date_gmt":"2022-08-11T03:42:37","guid":{"rendered":"https:\/\/worknow.vn\/copywriter\/"},"modified":"2023-06-02T08:24:57","modified_gmt":"2023-06-02T08:24:57","slug":"nguoi-viet-quang-cao","status":"publish","type":"page","link":"https:\/\/worknow.vn\/vi\/nguoi-viet-quang-cao\/","title":{"rendered":"Ng\u01b0\u1eddi vi\u1ebft qu\u1ea3ng c\u00e1o"},"content":{"rendered":"<div class=\"wpb-content-wrapper\">[vc_row top_margin=&#8221;0&#8243; bottom_margin=&#8221;0&#8243; css=&#8221;.vc_custom_1499912039446{margin-top: -30px !important;}&#8221;][vc_column]<div class=\"shortcode-wrapper shortcode-title clearfix hb-animate-element hb-fade-in\"><p style=\"color:#878787!important;border-color:#878787\" class=\"hb-text-large aligncenter\">Ng\u01b0\u1eddi vi\u1ebft qu\u1ea3ng c\u00e1o<\/p><\/div>[vc_row_inner][vc_column_inner][vc_empty_space height=&#8221;10px&#8221;]<div class=\"shortcode-wrapper shortcode-icon-box clearfix\"><div class=\"feature-box alternative left-icon-box aligncenter\"><div class=\"feature-box-content\"><h4 class=\"bold\">M\u00f4 t\u1ea3 c\u00f4ng vi\u1ec7c<\/h4><p>N\u1ebfu b\u1ea1n th\u00edch vi\u1ebft l\u00e1ch, b\u1ea1n c\u00f3 th\u1ec3 \u0111\u00e3 \u1ea5p \u1ee7 \u00fd ngh\u0129 tr\u1edf th\u00e0nh m\u1ed9t copywriter. Ng\u01b0\u1eddi vi\u1ebft qu\u1ea3ng c\u00e1o d\u00e0nh c\u1ea3 ng\u00e0y \u0111\u1ec3 vi\u1ebft v\u0103n xu\u00f4i v\u1edbi m\u1ee5c \u0111\u00edch qu\u1ea3ng c\u00e1o \u0111\u1ec3 qu\u1ea3ng b\u00e1 v\u00e0 b\u00e1n h\u00e0ng h\u00f3a v\u00e0 d\u1ecbch v\u1ee5. V\u00ed d\u1ee5, m\u1ed9t ng\u01b0\u1eddi vi\u1ebft qu\u1ea3ng c\u00e1o c\u00f3 th\u1ec3 vi\u1ebft m\u1ed9t \u0111o\u1ea1n nh\u1ea1c leng keng m\u1edbi cho qu\u1ea3ng c\u00e1o ng\u0169 c\u1ed1c ho\u1eb7c ngh\u0129 ra m\u1ed9t kh\u1ea9u hi\u1ec7u m\u1edbi cho c\u00f4ng ty. T\u1ea1i c\u00e1c c\u00f4ng ty qu\u1ea3ng c\u00e1o, m\u1ed9t copywriter \u0111\u01b0\u1ee3c bi\u1ebft \u0111\u1ebfn nh\u01b0 m\u1ed9t \u201cng\u01b0\u1eddi s\u00e1ng t\u1ea1o\u201d b\u1edfi v\u00ec c\u00f4 \u1ea5y t\u1ea1o ra c\u00e1c kh\u1ea9u hi\u1ec7u ho\u1eb7c sao ch\u00e9p \u0111\u1ec3 th\u00fac \u0111\u1ea9y c\u00e1c chi\u1ebfn d\u1ecbch qu\u1ea3ng c\u00e1o. C\u00f4ng vi\u1ec7c c\u1ee7a m\u1ed9t copywriter c\u00f3 th\u1ec3 kh\u00f4ng \u0111\u01b0\u1ee3c ch\u00fa \u00fd ho\u1eb7c r\u1ea5t h\u00e0o nho\u00e1ng, v\u00e0 hi\u1ebfm khi c\u00f4ng vi\u1ec7c tr\u1edf th\u00e0nh m\u1ed9t c\u1ee5m t\u1eeb quen thu\u1ed9c, nh\u01b0ng vai tr\u00f2 n\u00e0y l\u00e0 m\u1ed9t c\u00f4ng vi\u1ec7c quan tr\u1ecdng c\u00f3 \u1ea3nh h\u01b0\u1edfng l\u1edbn \u0111\u1ebfn h\u00ecnh \u1ea3nh v\u00e0 danh ti\u1ebfng c\u1ee7a m\u1ed9t c\u00f4ng ty ho\u1eb7c th\u01b0\u01a1ng hi\u1ec7u.<br \/>\nVi\u1ebft qu\u1ea3ng c\u00e1o l\u00e0 v\u1ec1 s\u1ef1 s\u00e1ng t\u1ea1o, v\u00ec v\u1eady b\u1ea1n th\u1ef1c s\u1ef1 c\u1ea7n ph\u1ea3i c\u00f3 t\u00e0i n\u0103ng cho c\u00f4ng vi\u1ec7c. M\u1ed9t \u1ee9ng vi\u00ean th\u00e0nh c\u00f4ng s\u1ebd n\u1eafm v\u1eefng c\u00e1c kh\u00e1i ni\u1ec7m SEO, k\u1ef9 n\u0103ng \u0111\u1eb7c bi\u1ec7t v\u00e0 hi\u1ec3u bi\u1ebft v\u1ec1 c\u00e1c s\u1eafc th\u00e1i c\u1ee7a b\u00e0i vi\u1ebft tr\u00ean m\u1ea1ng x\u00e3 h\u1ed9i. M\u1eb7c d\u00f9 m\u1ed9t s\u1ed1 ng\u01b0\u1eddi c\u00f3 th\u1ec3 h\u1ecdc h\u1ecfi trong c\u00f4ng vi\u1ec7c, nh\u01b0ng lo\u1ea1i c\u00f4ng vi\u1ec7c n\u00e0y ph\u00f9 h\u1ee3p nh\u1ea5t v\u1edbi nh\u1eefng ng\u01b0\u1eddi c\u00f3 th\u1ec3 t\u1ea1o ra nh\u1eefng c\u00e2u chuy\u1ec7n b\u1eb1ng h\u00ecnh \u1ea3nh v\u00e0 t\u1eeb ng\u1eef c\u0169ng nh\u01b0 suy ngh\u0129 v\u01b0\u1ee3t tr\u1ed9i. \u0110\u00f3 l\u00e0 nh\u1eefng c\u00e2u chuy\u1ec7n th\u01b0\u1eddng b\u00e1n \u0111\u01b0\u1ee3c s\u1ea3n ph\u1ea9m, c\u00f2n nh\u1eefng kh\u1ea9u hi\u1ec7u v\u00e0 h\u00ecnh \u1ea3nh ch\u1ec9 \u0111\u01a1n gi\u1ea3n l\u00e0 k\u1ec3 nh\u1eefng c\u00e2u chuy\u1ec7n. Th\u1ef1c t\u1eadp trong b\u1ed9 ph\u1eadn s\u00e1ng t\u1ea1o c\u1ee7a m\u1ed9t c\u00f4ng ty c\u0169ng l\u00e0 m\u1ed9t c\u00e1ch t\u1ed1t \u0111\u1ec3 t\u00ecm hi\u1ec3u xem b\u1ea1n c\u00f3 t\u00e0i n\u0103ng tr\u1edf th\u00e0nh m\u1ed9t ng\u01b0\u1eddi vi\u1ebft qu\u1ea3ng c\u00e1o hay kh\u00f4ng. M\u1ed9t copywriter ph\u1ea3i c\u00f3 kh\u1ea3 n\u0103ng giao ti\u1ebfp t\u1ed1t v\u1edbi kh\u00e1ch h\u00e0ng v\u00e0 \u0111\u1ed3ng nghi\u1ec7p. H\u1ecd c\u0169ng ph\u1ea3i ch\u00fa \u00fd \u0111\u1ebfn c\u00e1c chi ti\u1ebft v\u00ec s\u1ef1 h\u00e0i l\u00f2ng c\u1ee7a kh\u00e1ch h\u00e0ng l\u00e0 t\u1ea5t c\u1ea3 v\u1ec1 c\u00e1c chi ti\u1ebft.<br \/>\nM\u1eb7c d\u00f9 b\u1ea1n c\u00f3 th\u1ec3 t\u00ecm \u0111\u01b0\u1ee3c vi\u1ec7c l\u00e0m b\u1eb1ng c\u00e1ch t\u1ea1o qu\u1ea3ng c\u00e1o c\u1ee5 th\u1ec3, nh\u01b0ng ng\u01b0\u1eddi qu\u1ea3n l\u00fd tuy\u1ec3n d\u1ee5ng th\u00edch xem c\u00f4ng vi\u1ec7c b\u1ea1n \u0111\u00e3 ho\u00e0n th\u00e0nh khi th\u1ef1c t\u1eadp t\u1ea1i m\u1ed9t c\u00f4ng ty. Ngo\u00e0i ra, m\u1eb7c d\u00f9 b\u1ea1n kh\u00f4ng c\u1ea7n b\u1eb1ng t\u1ed1t nghi\u1ec7p \u0111\u1ec3 tr\u1edf th\u00e0nh m\u1ed9t copywriter, nh\u01b0ng c\u00e1c nh\u00e0 qu\u1ea3n l\u00fd tuy\u1ec3n d\u1ee5ng mu\u1ed1n th\u1ea5y r\u1eb1ng b\u1ea1n \u0111\u00e3 c\u00f3 b\u1eb1ng \u0111\u1ea1i h\u1ecdc v\u1ec1 ti\u1ebfng Anh, truy\u1ec1n th\u00f4ng ho\u1eb7c b\u00e1o ch\u00ed.<\/p><\/div><\/div><\/div>[vc_empty_space height=&#8221;30px&#8221;]<div class=\"shortcode-wrapper shortcode-icon-box clearfix\"><div class=\"feature-box alternative left-icon-box aligncenter\"><div class=\"feature-box-content\"><h4 class=\"bold\">Vai tr\u00f2 v\u00e0 tr\u00e1ch nhi\u1ec7m<\/h4><p>\u2022 Vi\u1ebft n\u1ed9i dung r\u00f5 r\u00e0ng, h\u1ea5p d\u1eabn v\u1edbi gi\u1ecdng v\u0103n kh\u00e1c bi\u1ec7t<br \/>\n\u2022 Gi\u1ea3i th\u00edch t\u00f3m t\u1eaft v\u1ec1 vi\u1ebft qu\u1ea3ng c\u00e1o \u0111\u1ec3 hi\u1ec3u c\u00e1c y\u00eau c\u1ea7u c\u1ee7a d\u1ef1 \u00e1n<br \/>\n\u2022 C\u1ed9ng t\u00e1c v\u1edbi c\u00e1c nh\u00e0 thi\u1ebft k\u1ebf, PR v\u00e0 c\u00e1c chuy\u00ean gia kh\u00e1c trong c\u00e1c d\u1ef1 \u00e1n ti\u1ebfp th\u1ecb quy m\u00f4 l\u1edbn v\u00e0 nh\u1ecf (v\u00ed d\u1ee5: chi\u1ebfn d\u1ecbch email v\u00e0 trang \u0111\u00edch)<br \/>\n\u2022 Th\u1ef1c hi\u1ec7n nghi\u00ean c\u1ee9u v\u00e0 ph\u1ecfng v\u1ea5n ch\u1ea5t l\u01b0\u1ee3ng cao<br \/>\n\u2022 Ch\u1ec9nh s\u1eeda v\u00e0 hi\u1ec7u \u0111\u00ednh b\u1ea3n sao khi c\u1ea7n<br \/>\n\u2022 S\u1eed d\u1ee5ng c\u00e1c nguy\u00ean t\u1eafc SEO \u0111\u1ec3 t\u1ed1i \u0111a h\u00f3a ph\u1ea1m vi ti\u1ebfp c\u1eadn c\u1ee7a n\u1ed9i dung<br \/>\n\u2022 Ngu\u1ed3n h\u00ecnh \u1ea3nh v\u00e0 n\u1ed9i dung kh\u00e1c<br \/>\nK\u1ef9 n\u0103ng:<br \/>\n\u2022 Kinh nghi\u1ec7m \u0111\u00e3 \u0111\u01b0\u1ee3c ch\u1ee9ng minh v\u1edbi t\u01b0 c\u00e1ch l\u00e0 ng\u01b0\u1eddi vi\u1ebft qu\u1ea3ng c\u00e1o ho\u1eb7c vai tr\u00f2 li\u00ean quan<br \/>\n\u2022 Ki\u1ebfn th\u1ee9c v\u1ec1 chi\u1ebfn l\u01b0\u1ee3c v\u00e0 s\u00e1ng t\u1ea1o n\u1ed9i dung tr\u1ef1c tuy\u1ebfn<br \/>\n\u2022 K\u1ef9 n\u0103ng vi\u1ebft, ch\u1ec9nh s\u1eeda v\u00e0 hi\u1ec7u \u0111\u00ednh xu\u1ea5t s\u1eafc<br \/>\n\u2022 Kinh nghi\u1ec7m l\u00e0m SEO<br \/>\n\u2022 K\u1ef9 n\u0103ng nghi\u00ean c\u1ee9u m\u1ea1nh m\u1ebd<br \/>\n\u2022 S\u00e1ng t\u1ea1o<br \/>\n\u2022 Tinh th\u1ea7n h\u1ee3p t\u00e1c<br \/>\n\u2022 K\u1ef9 n\u0103ng t\u1ed5 ch\u1ee9c v\u00e0 qu\u1ea3n l\u00fd th\u1eddi gian xu\u1ea5t s\u1eafc<br \/>\n\u2022 Tr\u00ecnh \u0111\u1ed9 chuy\u00ean m\u00f4n: C\u1eed nh\u00e2n\/c\u1eed nh\u00e2n marketing, ti\u1ebfng Anh, b\u00e1o ch\u00ed ho\u1eb7c l\u0129nh v\u1ef1c li\u00ean quan<\/p><\/div><\/div><\/div>[\/vc_column_inner][\/vc_row_inner][\/vc_column][\/vc_row]\n<\/div>","protected":false},"excerpt":{"rendered":"<p>[vc_row top_margin=&#8221;0&#8243; bottom_margin=&#8221;0&#8243; css=&#8221;.vc_custom_1499912039446{margin-top: -30px !important;}&#8221;][vc_column][vc_row_inner][vc_column_inner][vc_empty_space height=&#8221;10px&#8221;][vc_empty_space height=&#8221;30px&#8221;][\/vc_column_inner][\/vc_row_inner][\/vc_column][\/vc_row]<\/p>\n","protected":false},"author":4,"featured_media":0,"parent":0,"menu_order":0,"comment_status":"closed","ping_status":"closed","template":"","meta":{"nf_dc_page":"","footnotes":""},"class_list":["post-12157","page","type-page","status-publish","hentry"],"_links":{"self":[{"href":"https:\/\/worknow.vn\/vi\/wp-json\/wp\/v2\/pages\/12157","targetHints":{"allow":["GET"]}}],"collection":[{"href":"https:\/\/worknow.vn\/vi\/wp-json\/wp\/v2\/pages"}],"about":[{"href":"https:\/\/worknow.vn\/vi\/wp-json\/wp\/v2\/types\/page"}],"author":[{"embeddable":true,"href":"https:\/\/worknow.vn\/vi\/wp-json\/wp\/v2\/users\/4"}],"replies":[{"embeddable":true,"href":"https:\/\/worknow.vn\/vi\/wp-json\/wp\/v2\/comments?post=12157"}],"version-history":[{"count":1,"href":"https:\/\/worknow.vn\/vi\/wp-json\/wp\/v2\/pages\/12157\/revisions"}],"predecessor-version":[{"id":12158,"href":"https:\/\/worknow.vn\/vi\/wp-json\/wp\/v2\/pages\/12157\/revisions\/12158"}],"wp:attachment":[{"href":"https:\/\/worknow.vn\/vi\/wp-json\/wp\/v2\/media?parent=12157"}],"curies":[{"name":"wp","href":"https:\/\/api.w.org\/{rel}","templated":true}]}}