{"id":12169,"date":"2022-08-09T07:27:11","date_gmt":"2022-08-09T07:27:11","guid":{"rendered":"https:\/\/worknow.vn\/headhunter\/"},"modified":"2023-06-02T09:07:37","modified_gmt":"2023-06-02T09:07:37","slug":"chuyen-vien-tuyen-dung-cap-cao","status":"publish","type":"page","link":"https:\/\/worknow.vn\/vi\/chuyen-vien-tuyen-dung-cap-cao\/","title":{"rendered":"Chuy\u00ean Vi\u00ean Tuy\u1ec3n D\u1ee5ng C\u1ea5p Cao"},"content":{"rendered":"<div class=\"wpb-content-wrapper\">[vc_row top_margin=&#8221;0&#8243; bottom_margin=&#8221;0&#8243; css=&#8221;.vc_custom_1499912039446{margin-top: -30px !important;}&#8221;][vc_column]<div class=\"shortcode-wrapper shortcode-title clearfix hb-animate-element hb-fade-in\"><p style=\"color:#878787!important;border-color:#878787\" class=\"hb-text-large aligncenter\">Chuy\u00ean Vi\u00ean Tuy\u1ec3n D\u1ee5ng C\u1ea5p Cao<\/p><\/div>[vc_row_inner][vc_column_inner][vc_empty_space height=&#8221;10px&#8221;]<div class=\"shortcode-wrapper shortcode-icon-box clearfix\"><div class=\"feature-box alternative left-icon-box aligncenter\"><div class=\"feature-box-content\"><h4 class=\"bold\">M\u00f4 t\u1ea3 c\u00f4ng vi\u1ec7c<\/h4><p>L\u00e0 c\u00f4ng ty ho\u1eb7c c\u00e1 nh\u00e2n cung c\u1ea5p d\u1ecbch v\u1ee5 tuy\u1ec3n d\u1ee5ng vi\u1ec7c l\u00e0m thay m\u1eb7t cho ch\u1ee7 lao \u0111\u1ed9ng. \u0110\u01b0\u1ee3c thu\u00ea \u0111\u1ec3 t\u00ecm ki\u1ebfm nh\u00e2n t\u00e0i v\u00e0 \u0111\u1ecbnh v\u1ecb c\u00e1 nh\u00e2n \u0111\u00e1p \u1ee9ng c\u00e1c y\u00eau c\u1ea7u c\u00f4ng vi\u1ec7c c\u1ee5 th\u1ec3. C\u00f3 th\u1ec3 g\u1ecdi l\u00e0 nh\u00e0 tuy\u1ec3n d\u1ee5ng \u0111i\u1ec1u h\u00e0nh v\u00ec c\u00f3 ch\u1ee9c n\u0103ng t\u00ecm ki\u1ebfm \u0111i\u1ec1u h\u00e0nh. Tr\u1ecdng t\u00e2m c\u00f4ng vi\u1ec7c l\u00e0 \u0111\u1ea3m b\u1ea3o nh\u00e2n s\u1ef1 cho c\u00e1c v\u1ecb tr\u00ed cao c\u1ea5p v\u00e0 th\u01b0\u1eddng l\u00e0m vi\u1ec7c v\u1edbi l\u1ecbch tr\u00ecnh d\u00e0y \u0111\u1eb7c v\u1edbi t\u1ed1c \u0111\u1ed9 nhanh ch\u00f3ng. Chuy\u00ean vi\u00ean tuy\u1ec3n d\u1ee5ng c\u1ea5p cao ph\u1ea3i c\u00f3 con m\u1eaft tinh t\u01b0\u1eddng, s\u00e0ng l\u1ecdc CV trong v\u00e0i gi\u00e2y, v\u00e0 x\u00e1c \u0111\u1ecbnh xem ai c\u00f3 th\u1ec3 ho\u1eb7c kh\u00f4ng th\u1ec3 l\u00e0m vi\u1ec7c cho vai tr\u00f2 \u0111\u01b0\u1ee3c \u0111\u1ec1 c\u1eadp. C\u00f9ng v\u1edbi vi\u1ec7c g\u1eb7p g\u1ee1 c\u00e1c \u1ee9ng vi\u00ean, ph\u1ea7n l\u1edbn c\u00f4ng vi\u1ec7c n\u00e0y bao g\u1ed3m vi\u1ebft email, n\u1ed9p h\u1ed3 s\u01a1 gi\u1ea5y t\u1edd, g\u1ecdi l\u1ea1i cho kh\u00e1ch h\u00e0ng v\u00e0 c\u00e1c c\u00f4ng vi\u1ec7c h\u00e0nh ch\u00ednh kh\u00e1c.<\/p>\n<p><strong>Vai tr\u00f2 v\u00e0 tr\u00e1ch nhi\u1ec7m<\/strong><\/p>\n<ul>\n<li>C\u1ed9ng t\u00e1c v\u1edbi c\u00e1c kh\u00e1ch h\u00e0ng doanh nghi\u1ec7p \u0111\u1ec3 vi\u1ebft m\u00f4 t\u1ea3 c\u00f4ng vi\u1ec7c, t\u00ecm ra c\u00e1c \u1ee9ng vi\u00ean l\u00fd t\u01b0\u1edfng v\u00e0 hi\u1ec3u r\u00f5 nhu c\u1ea7u c\u1ee7a c\u00f4ng ty.<\/li>\n<li>X\u00e1c \u0111\u1ecbnh c\u00e1c \u1ee9ng vi\u00ean ti\u1ec1m n\u0103ng ph\u00f9 h\u1ee3p nh\u1ea5t cho c\u00f4ng vi\u1ec7c c\u1ee7a kh\u00e1ch h\u00e0ng c\u1ee7a h\u1ecd.<\/li>\n<li>K\u1ebft n\u1ed1i v\u1edbi c\u00e1c \u1ee9ng vi\u00ean \u0111\u1ec3 t\u00ecm hi\u1ec3u n\u1ebfu h\u1ecd quan t\u00e2m \u0111\u1ebfn m\u1ed9t c\u01a1 h\u1ed9i vi\u1ec7c l\u00e0m ti\u1ec1m n\u0103ng.<\/li>\n<li>Th\u1ef1c hi\u1ec7n ph\u1ecfng v\u1ea5n s\u00e0ng l\u1ecdc qua \u0111i\u1ec7n tho\u1ea1i \u0111\u1ec3 t\u00ecm hi\u1ec3u th\u00eam v\u1ec1 m\u1ee5c ti\u00eau ngh\u1ec1 nghi\u1ec7p, tr\u00ecnh \u0111\u1ed9 v\u00e0 kinh nghi\u1ec7m c\u1ee7a \u1ee9ng vi\u00ean.<\/li>\n<li>G\u1eb7p g\u1ee1 c\u00e1c \u1ee9ng vi\u00ean \u0111\u1ec3 ph\u1ecfng v\u1ea5n h\u1ecd cho c\u00e1c c\u01a1 h\u1ed9i tuy\u1ec3n d\u1ee5ng c\u1ee7a kh\u00e1ch h\u00e0ng.<\/li>\n<li>Tham d\u1ef1 c\u00e1c h\u1ed9i ch\u1ee3 ngh\u1ec1 nghi\u1ec7p \u0111\u1ec3 k\u1ebft n\u1ed1i v\u1edbi ng\u01b0\u1eddi t\u00ecm vi\u1ec7c v\u00e0 thu th\u1eadp th\u00f4ng tin li\u00ean h\u1ec7.<\/li>\n<li>M\u1edf r\u1ed9ng c\u00e1c \u0111\u1ec1 ngh\u1ecb tuy\u1ec3n d\u1ee5ng cho c\u00e1c \u1ee9ng vi\u00ean h\u00e0ng \u0111\u1ea7u, th\u01b0\u1eddng l\u00e0 th\u01b0\u01a1ng l\u01b0\u1ee3ng c\u00e1c \u0111i\u1ec1u kho\u1ea3n tuy\u1ec3n d\u1ee5ng, l\u01b0\u01a1ng v\u00e0 ph\u00fac l\u1ee3i.<\/li>\n<li>Gi\u00fap \u0111\u1ee1 nh\u1eefng ng\u01b0\u1eddi \u0111\u01b0\u1ee3c tuy\u1ec3n d\u1ee5ng g\u1ea7n \u0111\u00e2y th\u00f4ng qua qu\u00e1 tr\u00ecnh gi\u1edbi thi\u1ec7u c\u00f4ng vi\u1ec7c m\u1edbi c\u1ee7a h\u1ecd.<\/li>\n<\/ul>\n<\/p><\/div><\/div><\/div>[vc_empty_space height=&#8221;30px&#8221;]<div class=\"shortcode-wrapper shortcode-icon-box clearfix\"><div class=\"feature-box alternative left-icon-box aligncenter\"><div class=\"feature-box-content\"><h4 class=\"bold\">K\u1ef9 n\u0103ng thi\u1ebft y\u1ebfu<\/h4><p>\n<ul>\n<li>C\u00f3 kinh nghi\u1ec7m l\u00e0m vi\u1ec7c \u1edf v\u1ecb tr\u00ed l\u00e0 Chuy\u00ean vi\u00ean tuy\u1ec3n d\u1ee5ng c\u1ea5p cao, Tuy\u1ec3n d\u1ee5ng vi\u00ean ho\u1eb7c t\u01b0\u01a1ng t\u1ef1.<\/li>\n<li>Ki\u1ebfn th\u1ee9c n\u00e2ng cao v\u1ec1 k\u1ef9 thu\u1eadt t\u00ecm ngu\u1ed3n \u1ee9ng vi\u00ean(bao g\u1ed3m c\u1ea3 t\u00ecm ki\u1ebfm Boolean).<\/li>\n<li>Th\u00e0nh th\u1ea1o c\u01a1 s\u1edf d\u1eef li\u1ec7u nh\u00e2n s\u1ef1 v\u00e0 H\u1ec7 th\u1ed1ng theo d\u00f5i \u1ee9ng vi\u00ean ( ATS)<\/li>\n<li>Kh\u1ea3 n\u0103ng giao ti\u1ebfp v\u00e0 thuy\u1ebft ph\u1ee5c (\u0111\u1eb7c bi\u1ec7t khi th\u1ef1c hi\u1ec7n c\u00e1c cu\u1ed9c g\u1ecdi nhanh v\u00e0 g\u1eedi email tuy\u1ec3n d\u1ee5ng)<\/li>\n<li>K\u1ef9 n\u0103ng qu\u1ea3n l\u00fd th\u1eddi gian v\u1edbi kh\u1ea3 n\u0103ng x\u1eed l\u00fd nhi\u1ec1u vai tr\u00f2 kh\u00e1c nhau.<\/li>\n<li>K\u1ef9 n\u0103ng ra quy\u1ebft \u0111\u1ecbnh t\u1ed1t.<\/li>\n<\/ul>\n<\/p><\/div><\/div><\/div>[\/vc_column_inner][\/vc_row_inner][\/vc_column][\/vc_row]\n<\/div>","protected":false},"excerpt":{"rendered":"<p>[vc_row top_margin=&#8221;0&#8243; bottom_margin=&#8221;0&#8243; css=&#8221;.vc_custom_1499912039446{margin-top: -30px !important;}&#8221;][vc_column][vc_row_inner][vc_column_inner][vc_empty_space height=&#8221;10px&#8221;][vc_empty_space height=&#8221;30px&#8221;][\/vc_column_inner][\/vc_row_inner][\/vc_column][\/vc_row]<\/p>\n","protected":false},"author":4,"featured_media":0,"parent":0,"menu_order":0,"comment_status":"closed","ping_status":"closed","template":"","meta":{"nf_dc_page":"","footnotes":""},"class_list":["post-12169","page","type-page","status-publish","hentry"],"_links":{"self":[{"href":"https:\/\/worknow.vn\/vi\/wp-json\/wp\/v2\/pages\/12169","targetHints":{"allow":["GET"]}}],"collection":[{"href":"https:\/\/worknow.vn\/vi\/wp-json\/wp\/v2\/pages"}],"about":[{"href":"https:\/\/worknow.vn\/vi\/wp-json\/wp\/v2\/types\/page"}],"author":[{"embeddable":true,"href":"https:\/\/worknow.vn\/vi\/wp-json\/wp\/v2\/users\/4"}],"replies":[{"embeddable":true,"href":"https:\/\/worknow.vn\/vi\/wp-json\/wp\/v2\/comments?post=12169"}],"version-history":[{"count":2,"href":"https:\/\/worknow.vn\/vi\/wp-json\/wp\/v2\/pages\/12169\/revisions"}],"predecessor-version":[{"id":12171,"href":"https:\/\/worknow.vn\/vi\/wp-json\/wp\/v2\/pages\/12169\/revisions\/12171"}],"wp:attachment":[{"href":"https:\/\/worknow.vn\/vi\/wp-json\/wp\/v2\/media?parent=12169"}],"curies":[{"name":"wp","href":"https:\/\/api.w.org\/{rel}","templated":true}]}}