{"id":5170,"date":"2014-03-31T23:15:15","date_gmt":"2014-03-31T23:15:15","guid":{"rendered":"https:\/\/colaw.vn\/home\/"},"modified":"2023-06-19T09:23:59","modified_gmt":"2023-06-19T09:23:59","slug":"home","status":"publish","type":"page","link":"https:\/\/worknow.vn\/vi\/","title":{"rendered":"WorkNow"},"content":{"rendered":"<div class=\"wpb-content-wrapper\">[vc_row css=&#8221;.vc_custom_1655005469748{margin-top: -20px !important;}&#8221;][vc_column]<div class=\"shortcode-wrapper shortcode-title clearfix hb-animate-element hb-flip-x\"><h1 style=\"color:#878787!important;border-color:#878787\" class=\"aligncenter\">\u0110\u00fang Ng\u01b0\u1eddi \u0110\u00fang vi\u1ec7c v\u00e0o \u0110\u00fang Th\u1eddi \u0111i\u1ec3m<\/h1><\/div>[vc_empty_space height=&#8221;20px&#8221;][vc_custom_heading text=&#8221;WorkNow l\u00e0 m\u1ed9t c\u00f4ng ty cung c\u1ea5p c\u00e1c gi\u1ea3i ph\u00e1p s\u00e1ng t\u1ea1o ngu\u1ed3n nh\u00e2n l\u1ef1c, th\u00e0nh c\u00f4ng trong vi\u1ec7c cung c\u1ea5p nh\u00e2n s\u1ef1, tuy\u1ec3n d\u1ee5ng v\u00e0 thu\u00ea ngo\u00e0i cho Kh\u00e1ch h\u00e0ng, Nh\u00e2n vi\u00ean v\u00e0 \u1ee8ng vi\u00ean c\u1ee7a ch\u00fang t\u00f4i.&#8221; font_container=&#8221;tag:h4|text_align:center|color:%23595959&#8243; use_theme_fonts=&#8221;yes&#8221; css=&#8221;.vc_custom_1682871784962{margin-top: -10px !important;}&#8221;][vc_empty_space height=&#8221;20px&#8221;][\/vc_column][\/vc_row][vc_row][vc_column width=&#8221;1\/3&#8243;]<div class=\"shortcode-wrapper shortcode-teaser\"><div class=\"hb-teaser-column alternative\"><a href=\" https:\/\/worknow.vn\/vi\/tai-sao-nen-chon-worknow\/\" target=\"_self\"><img loading=\"lazy\" decoding=\"async\" src=\"https:\/\/worknow.vn\/wp-content\/uploads\/2022\/09\/About-work-now-500-526x350.png\" width=\"526\" height=\"350\" alt=\"\" \/><\/a><div class=\"teaser-content alignleft\"><a href=\" https:\/\/worknow.vn\/vi\/tai-sao-nen-chon-worknow\/\" target=\"_self\"><h6 class=\"special\">T\u1ea1i Sao N\u00ean Ch\u1ecdn WorkNow<\/h6><\/a>D\u1eabn \u0111\u1ea7u trong vi\u1ec7c cung c\u1ea5p c\u00e1c gi\u1ea3i ph\u00e1p nh\u00e2n s\u1ef1 hi\u1ec7u qu\u1ea3 v\u1ec1 chi ph\u00ed, \u0111\u01b0\u1ee3c thi\u1ebft k\u1ebf ri\u00eang cho t\u1ea5t c\u1ea3 c\u00e1c nhu c\u1ea7u v\u1ec1 nh\u00e2n s\u1ef1, tuy\u1ec3n d\u1ee5ng v\u00e0 thu\u00ea ngo\u00e0i c\u1ee7a kh\u00e1ch h\u00e0ng<a href=\" https:\/\/worknow.vn\/vi\/tai-sao-nen-chon-worknow\/\" class=\"simple-read-more\" target=\"_self\">more<\/a><\/div><\/div><!-- END .hb-teaser-column --><\/div>[vc_empty_space height=&#8221;20px&#8221;][vc_empty_space height=&#8221;20px&#8221;][\/vc_column][vc_column width=&#8221;1\/3&#8243;]<div class=\"shortcode-wrapper shortcode-teaser\"><div class=\"hb-teaser-column alternative\"><a href=\" https:\/\/worknow.vn\/vi\/giai-phap-cho-nha-tuyen-dung\/\" target=\"_self\"><img loading=\"lazy\" decoding=\"async\" src=\"https:\/\/worknow.vn\/wp-content\/uploads\/2022\/10\/Employers-nn-e1665833196341-526x350.png\" width=\"526\" height=\"350\" alt=\"\" \/><\/a><div class=\"teaser-content alignleft\"><a href=\" https:\/\/worknow.vn\/vi\/giai-phap-cho-nha-tuyen-dung\/\" target=\"_self\"><h6 class=\"special\">Gi\u00e0i ph\u00e1p cho Nh\u00e0 tuy\u1ec3n d\u1ee5ng<\/h6><\/a>Cho d\u00f9 kh\u00e1ch h\u00e0ng c\u1ea7n m\u1ed9t nh\u00e2n vi\u00ean trong th\u1eddi gian ng\u1eafn, l\u00e2u d\u00e0i hay c\u1ea7n h\u1ed7 tr\u1ee3 cho m\u1ed9t v\u1ecb tr\u00ed \u0111\u1eb7c bi\u1ec7t kh\u00f3 tuy\u1ec3n d\u1ee5ng, WorkNow s\u1ebd lo\u1ea1i b\u1ecf vi\u1ec7c ph\u1ecfng \u0111o\u00e1n kh\u1ecfi quy tr\u00ecnh tuy\u1ec3n<a href=\" https:\/\/worknow.vn\/vi\/giai-phap-cho-nha-tuyen-dung\/\" class=\"simple-read-more\" target=\"_self\">more<\/a><\/div><\/div><!-- END .hb-teaser-column --><\/div>[\/vc_column][vc_column width=&#8221;1\/3&#8243;]<div class=\"shortcode-wrapper shortcode-teaser\"><div class=\"hb-teaser-column alternative\"><a href=\" https:\/\/worknow.vn\/vi\/tim-viec\/\" target=\"_self\"><img loading=\"lazy\" decoding=\"async\" src=\"https:\/\/worknow.vn\/wp-content\/uploads\/2022\/09\/Home-ms2-e1663339655554-526x350.png\" width=\"526\" height=\"350\" alt=\"\" \/><\/a><div class=\"teaser-content alignleft\"><a href=\" https:\/\/worknow.vn\/vi\/tim-viec\/\" target=\"_self\"><h6 class=\"special\">Cho Ng\u01b0\u1eddi t\u00ecm vi\u1ec7c<\/h6><\/a>T\u00ecm C\u01a1 h\u1ed9i M\u1edbi Nhanh h\u01a1n. M\u1ed9t c\u01a1 h\u1ed9i kh\u00f4ng ph\u00f9 h\u1ee3p v\u1edbi t\u1ea5t c\u1ea3. Ch\u00fang t\u00f4i cung c\u1ea5p nhi\u1ec1u c\u01a1 h\u1ed9i \u0111\u1ec3 b\u1ea1n c\u00f3 th\u1ec3 t\u00ecm \u0111\u01b0\u1ee3c c\u00f4ng vi\u1ec7c ph\u00f9 h\u1ee3p v\u1edbi m\u00ecnh.<a href=\" https:\/\/worknow.vn\/vi\/tim-viec\/\" class=\"simple-read-more\" target=\"_self\">more<\/a><\/div><\/div><!-- END .hb-teaser-column --><\/div>[\/vc_column][\/vc_row][vc_row fullwidth=&#8221;yes&#8221; top_margin=&#8221;0&#8243; bottom_margin=&#8221;0&#8243; css=&#8221;.vc_custom_1661088051522{margin-top: -20px !important;margin-bottom: 0px !important;padding-top: 20px !important;}&#8221;][vc_column][vc_empty_space]<div class=\"shortcode-wrapper shortcode-title clearfix hb-animate-element hb-flip-x\"><h5 style=\"color:#878787!important;border-color:#878787\" class=\"modern aligncenter\">Gi\u1ea3i Ph\u00e1p Nh\u00e2n L\u1ef1c Hi\u1ec7u Qu\u1ea3 V\u1ec1 Chi Ph\u00ed<br \/>\n<span style=\"color:#878787!important;border-color:#878787\" class=\"bottom-line\"><\/span><\/h5><\/div>[vc_empty_space][\/vc_column][\/vc_row][vc_row top_margin=&#8221;0&#8243; bottom_margin=&#8221;0&#8243; css=&#8221;.vc_custom_1441991441418{padding-top: 40px !important;padding-bottom: 60px !important;}&#8221;][vc_column width=&#8221;1\/4&#8243;]<div class=\"shortcode-wrapper shortcode-icon-box clearfix hb-animate-element hb-left-to-right\"><div class=\"feature-box alternative aligncenter\"><a href=\"https:\/\/worknow.vn\/vi\/giai-phap-nhan-su\/\" target=\"_blank\" class=\"hb-icon-wrapper\"><i class=\"hb-moon-puzzle-3 ic-holder-1\"><\/i><\/a><div class=\"feature-box-content\"><h4 class=\"bold\"><a href=\"https:\/\/worknow.vn\/vi\/giai-phap-nhan-su\/\" target=\"_blank\">Gi\u1ea3i Ph\u00e1p Nh\u00e2n s\u1ef1<\/a><\/h4><div class=\"hb-small-break\"><\/div><p>\n<p class=\"bold\">Ch\u00fang t\u00f4i l\u00e0 \u0111\u1ed1i t\u00e1c c\u1ee7a kh\u00e1ch h\u00e0ng, t\u0103ng c\u01b0\u1eddng nh\u00e2n l\u1ef1c cho kh\u00e1ch h\u00e0ng nh\u1edd hi\u1ec3u r\u00f5 v\u1ec1 t\u1ed5 ch\u1ee9c, v\u0103n h\u00f3a v\u00e0 ng\u00e0nh c\u1ee7a kh\u00e1ch<\/p>\n<\/p><\/div><\/div><\/div>[\/vc_column][vc_column width=&#8221;1\/4&#8243;]<div class=\"shortcode-wrapper shortcode-icon-box clearfix hb-animate-element hb-left-to-right\"><div class=\"feature-box alternative aligncenter\"><a href=\"https:\/\/worknow.vn\/vi\/tuyen-dung\/\" target=\"_blank\" class=\"hb-icon-wrapper\"><i class=\"hb-moon-user-7 ic-holder-1\"><\/i><\/a><div class=\"feature-box-content\"><h4 class=\"bold\"><a href=\"https:\/\/worknow.vn\/vi\/tuyen-dung\/\" target=\"_blank\">Tuy\u1ec3n D\u1ee5ng<\/a><\/h4><div class=\"hb-small-break\"><\/div><p>\n<p class=\"bold\">H\u00e3y tin t\u01b0\u1edfng \u0111\u1ed9i ng\u0169 tuy\u1ec3n d\u1ee5ng gi\u00e0u kinh nghi\u1ec7m c\u1ee7a ch\u00fang t\u00f4i s\u1ebd mang l\u1ea1i l\u1ee3i th\u1ebf c\u1ea1nh tranh cho doanh nghi\u1ec7p c\u1ee7a kh\u00e1ch<\/p>\n<\/p><\/div><\/div><\/div>[\/vc_column][vc_column width=&#8221;1\/4&#8243;]<div class=\"shortcode-wrapper shortcode-icon-box clearfix hb-animate-element hb-left-to-right\"><div class=\"feature-box alternative aligncenter\"><a href=\"https:\/\/worknow.vn\/vi\/thue-ngoai\/\" target=\"_blank\" class=\"hb-icon-wrapper\"><i class=\"icon-group ic-holder-1\"><\/i><\/a><div class=\"feature-box-content\"><h4 class=\"bold\"><a href=\"https:\/\/worknow.vn\/vi\/thue-ngoai\/\" target=\"_blank\">Thu\u00ea Ngo\u00e0i<\/a><\/h4><div class=\"hb-small-break\"><\/div><p>\n<p class=\"bold\">WorkNow thi\u1ebft k\u1ebf v\u00e0 tri\u1ec3n khai nh\u00e2n s\u1ef1 thu\u00ea ngo\u00e0i hi\u1ec7u qu\u1ea3 cho c\u00e1c c\u00f4ng ty thu\u1ed9c m\u1ecdi quy m\u00f4. S\u1eed d\u1ee5ng c\u00e1c nguy\u00ean t\u1eafc<\/p>\n<\/p><\/div><\/div><\/div>[\/vc_column][vc_column width=&#8221;1\/4&#8243;]<div class=\"shortcode-wrapper shortcode-icon-box clearfix hb-animate-element hb-left-to-right\"><div class=\"feature-box alternative aligncenter\"><a href=\"https:\/\/worknow.vn\/vi\/tuyen-dung-quoc-te\/\" target=\"_blank\" class=\"hb-icon-wrapper\"><i class=\"hb-moon-users-5 ic-holder-1\"><\/i><\/a><div class=\"feature-box-content\"><h4 class=\"bold\"><a href=\"https:\/\/worknow.vn\/vi\/tuyen-dung-quoc-te\/\" target=\"_blank\">Tuy\u1ec3n D\u1ee5ng Qu\u1ed1c T\u1ebf<\/a><\/h4><div class=\"hb-small-break\"><\/div><p>\n<p class=\"bold\">N\u1ebfu kh\u00e1ch h\u00e0ng \u0111ang c\u1ea7n d\u1ecbch v\u1ee5 tuy\u1ec3n d\u1ee5ng ng\u01b0\u1eddi n\u01b0\u1edbc ngo\u00e0i, ch\u00fang t\u00f4i lu\u00f4n s\u1eb5n s\u00e0ng \u0111\u00e1p \u1ee9ng nhu c\u1ea7u<\/p>\n<\/p><\/div><\/div><\/div>[\/vc_column][\/vc_row][vc_row top_margin=&#8221;0&#8243; bottom_margin=&#8221;0&#8243; css=&#8221;.vc_custom_1441991441418{padding-top: 40px !important;padding-bottom: 60px !important;}&#8221;][vc_column width=&#8221;1\/4&#8243;]<div class=\"shortcode-wrapper shortcode-icon-box clearfix hb-animate-element hb-left-to-right\"><div class=\"feature-box alternative aligncenter\"><a href=\"https:\/\/worknow.vn\/vi\/dich-vu-tro-ly-ao\/\" target=\"_blank\" class=\"hb-icon-wrapper\"><i class=\"icon-female ic-holder-1\"><\/i><\/a><div class=\"feature-box-content\"><h4 class=\"bold\"><a href=\"https:\/\/worknow.vn\/vi\/dich-vu-tro-ly-ao\/\" target=\"_blank\">D\u1ecbch V\u1ee5 Tr\u1ee3 L\u00fd \u1ea2o<\/a><\/h4><div class=\"hb-small-break\"><\/div><p>Ch\u00fang t\u00f4i cung c\u1ea5p d\u1ecbch v\u1ee5 tr\u1ee3 l\u00fd \u1ea3o h\u00e0ng \u0111\u1ea7u c\u00f3 nhi\u1ec1u kinh nghi\u1ec7m trong ng\u00e0nh n\u00e0y. D\u1ecbch v\u1ee5 tr\u1ee3 l\u00fd \u1ea3o tr\u1ef1c tuy\u1ebfn<\/p><\/div><\/div><\/div>[\/vc_column][vc_column width=&#8221;1\/4&#8243;]<div class=\"shortcode-wrapper shortcode-icon-box clearfix hb-animate-element hb-left-to-right\"><div class=\"feature-box alternative aligncenter\"><a href=\"https:\/\/worknow.vn\/vi\/quan-ly-tien-luong\/\" target=\"_blank\" class=\"hb-icon-wrapper\"><i class=\"hb-moon-calculate-2 ic-holder-1\"><\/i><\/a><div class=\"feature-box-content\"><h4 class=\"bold\"><a href=\"https:\/\/worknow.vn\/vi\/quan-ly-tien-luong\/\" target=\"_blank\">Qu\u1ea3n L\u00fd Ti\u1ec1n L\u01b0\u01a1ng<\/a><\/h4><div class=\"hb-small-break\"><\/div><p>\n<p class=\"bold\">Ch\u00fang t\u00f4i cung c\u1ea5p nhi\u1ec1u d\u1ecbch v\u1ee5, t\u1eeb c\u1ea3 tuy\u1ec3n d\u1ee5ng d\u00e0i h\u1ea1n v\u00e0 tuy\u1ec3n d\u1ee5ng theo h\u1ee3p \u0111\u1ed3ng, \u0111\u1ebfn x\u1eed l\u00fd ti\u1ec1n l\u01b0\u01a1ng<\/p>\n<\/p><\/div><\/div><\/div>[\/vc_column][vc_column width=&#8221;1\/4&#8243;]<div class=\"shortcode-wrapper shortcode-icon-box clearfix hb-animate-element hb-left-to-right\"><div class=\"feature-box alternative aligncenter\"><a href=\"https:\/\/worknow.vn\/vi\/giai-phap-hr-dich-vu-tu-van\/\" target=\"_blank\" class=\"hb-icon-wrapper\"><i class=\"icon-lightbulb ic-holder-1\"><\/i><\/a><div class=\"feature-box-content\"><h4 class=\"bold\"><a href=\"https:\/\/worknow.vn\/vi\/giai-phap-hr-dich-vu-tu-van\/\" target=\"_blank\">Gi\u1ea3i Ph\u00e1p HR &amp; D\u1ecbch V\u1ee5 T\u01b0 V\u1ea5n<\/a><\/h4><div class=\"hb-small-break\"><\/div><p>\n<p class=\"bold\">WorkNow kh\u00f4ng ch\u1ec9 l\u00e0 m\u1ed9t c\u00f4ng ty cung c\u1ea5p nh\u00e2n s\u1ef1 v\u00e0 tuy\u1ec3n d\u1ee5ng, ch\u00fang t\u00f4i c\u00f2n l\u00e0 \u0111\u1ed1i t\u00e1c c\u1ee7a kh\u00e1ch h\u00e0ng, t\u0103ng c\u01b0\u1eddng nh\u00e2n l\u1ef1c<\/p>\n<\/p><\/div><\/div><\/div>[\/vc_column][vc_column width=&#8221;1\/4&#8243;]<div class=\"shortcode-wrapper shortcode-icon-box clearfix hb-animate-element hb-left-to-right\"><div class=\"feature-box alternative aligncenter\"><a href=\"https:\/\/worknow.vn\/vi\/dich-vu-nguoi-nuoc-ngoai\/\" target=\"_blank\" class=\"hb-icon-wrapper\"><i class=\"hb-moon-vcard ic-holder-1\"><\/i><\/a><div class=\"feature-box-content\"><h4 class=\"bold\"><a href=\"https:\/\/worknow.vn\/vi\/dich-vu-nguoi-nuoc-ngoai\/\" target=\"_blank\">D\u1ecbch V\u1ee5 Ng\u01b0\u1eddi N\u01b0\u1edbc Ngo\u00e0i<\/a><\/h4><div class=\"hb-small-break\"><\/div><p>\n<p class=\"bold\">Ch\u00fang t\u00f4i cung c\u1ea5p d\u1ecbch v\u1ee5 cho ng\u01b0\u1eddi n\u01b0\u1edbc ngo\u00e0i t\u1ea1i c\u00e1c th\u00e0nh ph\u1ed1 l\u1edbn tr\u00ean kh\u1eafp Vi\u1ec7t Nam.<\/p>\n<\/p><\/div><\/div><\/div>[\/vc_column][\/vc_row][vc_row top_margin=&#8221;0&#8243; bottom_margin=&#8221;0&#8243; css=&#8221;.vc_custom_1503988486538{margin-top: -20px !important;}&#8221;][vc_column][vc_empty_space height=&#8221;20px&#8221;]<div class=\"shortcode-wrapper shortcode-title clearfix hb-animate-element hb-flip-y\"><h3 style=\"color:#878787!important;border-color:#878787\" class=\"hb-heading hb-center-heading aligncenter\"><span>Ch\u00fang t\u00f4i cung \u1ee9ng, ki\u1ebfm vi\u1ec7c cho c\u00e1c chuy\u00ean gia l\u00e0nh ngh\u1ec1 trong nhi\u1ec1u chuy\u00ean ng\u00e0nh<\/span><\/h3><\/div>[vc_custom_heading text=&#8221;Cho d\u00f9 b\u1ea1n c\u1ea7n t\u00ecm nh\u00e2n t\u00e0i h\u00e0ng \u0111\u1ea7u, c\u01a1 h\u1ed9i vi\u1ec7c l\u00e0m tuy\u1ec7t v\u1eddi ti\u1ebfp theo hay t\u01b0 v\u1ea5n gi\u1ea3i ph\u00e1p \u0111\u1ec3 qu\u1ea3n l\u00fd doanh nghi\u1ec7p v\u00e0 c\u00e1c th\u00e1ch th\u1ee9c v\u1ec1 ngu\u1ed3n l\u1ef1c, ch\u00fang t\u00f4i \u0111\u1ec1u c\u00f3 th\u1ec3 tr\u1ee3 gi\u00fap.&#8221; font_container=&#8221;tag:h3|text_align:center|color:%23595959&#8243; use_theme_fonts=&#8221;yes&#8221; css=&#8221;.vc_custom_1682873824008{margin-top: 10px !important;}&#8221;][\/vc_column][\/vc_row][vc_row top_margin=&#8221;0&#8243; bottom_margin=&#8221;0&#8243; css=&#8221;.vc_custom_1441991441418{padding-top: 40px !important;padding-bottom: 60px !important;}&#8221;][vc_column width=&#8221;1\/4&#8243;]<div class=\"shortcode-wrapper shortcode-icon-box clearfix hb-animate-element hb-left-to-right\"><div class=\"feature-box alternative aligncenter\"><div class=\"feature-box-content\"><h4 class=\"bold\"><a href=\"https:\/\/worknow.vn\/vi\/tai-chinh-va-ke-toan\/\" target=\"_self\">T\u00e0i Ch\u00ednh &amp; K\u1ebf To\u00e1n<\/a><\/h4><div class=\"hb-small-break\"><\/div><p>S\u1ef1 kh\u00e1c bi\u1ec7t l\u00e0 g\u00ec v\u00e0 ng\u00e0nh n\u00e0o ph\u00f9 h\u1ee3p v\u1edbi b\u1ea1n? B\u1ea1n c\u00f3 c\u00e1ch l\u00e0m vi\u1ec7c v\u1edbi nh\u1eefng con s\u1ed1 v\u00e0 mong mu\u1ed1n theo \u0111u\u1ed5i s\u1ef1 nghi\u1ec7p trong<\/p><\/div><\/div><\/div>[\/vc_column][vc_column width=&#8221;1\/4&#8243;]<div class=\"shortcode-wrapper shortcode-icon-box clearfix hb-animate-element hb-left-to-right\"><div class=\"feature-box alternative aligncenter\"><div class=\"feature-box-content\"><h4 class=\"bold\"><a href=\"https:\/\/worknow.vn\/vi\/dich-thuat-phien-dich\/\" target=\"_self\">Bi\u00ean Phi\u00ean D\u1ecbch<\/a><\/h4><div class=\"hb-small-break\"><\/div><p>D\u1ecbch thu\u1eadt l\u00e0 g\u00ec? D\u1ecbch thu\u1eadt l\u00e0 qu\u00e1 tr\u00ecnh thay \u0111\u1ed5i m\u1ed9t v\u0103n b\u1ea3n vi\u1ebft t\u1eeb ng\u00f4n ng\u1eef n\u00e0y sang ng\u00f4n ng\u1eef kh\u00e1c. M\u1ed9t b\u1ea3n d\u1ecbch th\u00e0nh c\u00f4ng<\/p><\/div><\/div><\/div>[\/vc_column][vc_column width=&#8221;1\/4&#8243;]<div class=\"shortcode-wrapper shortcode-icon-box clearfix hb-animate-element hb-left-to-right\"><div class=\"feature-box alternative aligncenter\"><div class=\"feature-box-content\"><h4 class=\"bold\"><a href=\"https:\/\/worknow.vn\/vi\/thu-ky-tro-ly-va-hanh-chinh\/\" target=\"_self\">Th\u01b0 K\u00fd Tr\u1ee3 L\u00fd &amp; H\u00e0nh Ch\u00ednh<\/a><\/h4><div class=\"hb-small-break\"><\/div><p>Trong m\u00f4i tr\u01b0\u1eddng v\u0103n ph\u00f2ng, hi\u1ec3u \u0111\u01b0\u1ee3c s\u1ef1 kh\u00e1c bi\u1ec7t gi\u1eefa nhi\u1ec7m v\u1ee5 v\u0103n ph\u00f2ng v\u00e0 h\u00e0nh ch\u00ednh l\u00e0 v\u00f4 c\u00f9ng quan tr\u1ecdng<\/p><\/div><\/div><\/div>[\/vc_column][vc_column width=&#8221;1\/4&#8243;]<div class=\"shortcode-wrapper shortcode-icon-box clearfix hb-animate-element hb-left-to-right\"><div class=\"feature-box alternative aligncenter\"><div class=\"feature-box-content\"><h4 class=\"bold\"><a href=\"https:\/\/worknow.vn\/vi\/nhan-su\/\" target=\"_blank\">Nh\u00e2n S\u1ef1<\/a><\/h4><div class=\"hb-small-break\"><\/div><p>\n<p class=\"bold\">Qu\u1ea3n l\u00fd nh\u00e2n s\u1ef1 (HRM) l\u00e0 qu\u00e1 tr\u00ecnh tuy\u1ec3n d\u1ee5ng con ng\u01b0\u1eddi, \u0111\u00e0o t\u1ea1o, tr\u1ea3 l\u01b0\u01a1ng, x\u00e2y d\u1ef1ng c\u00e1c ch\u00ednh s\u00e1ch li\u00ean quan \u0111\u1ebfn h\u1ecd<\/p>\n<\/p><\/div><\/div><\/div>[\/vc_column][\/vc_row][vc_row top_margin=&#8221;0&#8243; bottom_margin=&#8221;0&#8243; css=&#8221;.vc_custom_1441991441418{padding-top: 40px !important;padding-bottom: 60px !important;}&#8221;][vc_column width=&#8221;1\/4&#8243;]<div class=\"shortcode-wrapper shortcode-icon-box clearfix hb-animate-element hb-left-to-right\"><div class=\"feature-box alternative aligncenter\"><div class=\"feature-box-content\"><h4 class=\"bold\"><a href=\"https:\/\/worknow.vn\/vi\/ban-hang-va-tiep-thi\/\" target=\"_self\">B\u00e1n H\u00e0ng &amp; Ti\u1ebfp th\u1ecb<\/a><\/h4><div class=\"hb-small-break\"><\/div><p>B\u00e1n h\u00e0ng l\u00e0 g\u00ec? B\u00e1n h\u00e0ng l\u00e0 qu\u00e1 tr\u00ecnh thuy\u1ebft ph\u1ee5c ng\u01b0\u1eddi ti\u00eau d\u00f9ng mua h\u00e0ng h\u00f3a ho\u1eb7c d\u1ecbch v\u1ee5. T\u1ea1i m\u1ed9t doanh nghi\u1ec7p, quy tr\u00ecnh<\/p><\/div><\/div><\/div>[\/vc_column][vc_column width=&#8221;1\/4&#8243;]<div class=\"shortcode-wrapper shortcode-icon-box clearfix hb-animate-element hb-left-to-right\"><div class=\"feature-box alternative aligncenter\"><div class=\"feature-box-content\"><h4 class=\"bold\"><a href=\"https:\/\/worknow.vn\/vi\/cong-nghe\/\" target=\"_self\">C\u00f4ng Ngh\u1ec7<\/a><\/h4><div class=\"hb-small-break\"><\/div><p>L\u0129nh v\u1ef1c c\u00f4ng ngh\u1ec7 kh\u00f4ng ng\u1eebng th\u00fac \u0111\u1ea9y th\u1ebf gi\u1edbi ti\u1ebfn t\u1edbi nh\u1eefng \u0111i\u1ec1u l\u1edbn lao h\u01a1n v\u00e0 t\u1ed1t \u0111\u1eb9p h\u01a1n th\u00f4ng qua nh\u1eefng c\u1ea3i ti\u1ebfn<\/p><\/div><\/div><\/div>[\/vc_column][vc_column width=&#8221;1\/4&#8243;]<div class=\"shortcode-wrapper shortcode-icon-box clearfix hb-animate-element hb-left-to-right\"><div class=\"feature-box alternative aligncenter\"><div class=\"feature-box-content\"><h4 class=\"bold\"><a href=\"https:\/\/worknow.vn\/vi\/phap-ly\/\" target=\"_self\">Ph\u00e1p L\u00fd<\/a><\/h4><div class=\"hb-small-break\"><\/div><p>Quan tr\u1ecdng \u0111\u1ed1i v\u1edbi c\u1ea3 c\u00e1 nh\u00e2n v\u00e0 t\u1ed5 ch\u1ee9c, ng\u00e0nh d\u1ecbch v\u1ee5 ph\u00e1p l\u00fd c\u00f3 nhi\u1ec1u ngh\u1ec1. T\u1eeb lu\u1eadt s\u01b0, ng\u01b0\u1eddi bi\u1ec7n h\u1ed9 v\u00e0 c\u00f4ng ch\u1ee9ng<\/p><\/div><\/div><\/div>[\/vc_column][vc_column width=&#8221;1\/4&#8243;]<div class=\"shortcode-wrapper shortcode-icon-box clearfix hb-animate-element hb-left-to-right\"><div class=\"feature-box alternative aligncenter\"><div class=\"feature-box-content\"><h4 class=\"bold\"><a href=\"https:\/\/worknow.vn\/vi\/trung-tam-cuoc-goi\/\" target=\"_self\">Trung T\u00e2m Cu\u1ed9c G\u1ecdi<\/a><\/h4><div class=\"hb-small-break\"><\/div><p>Trung t\u00e2m cu\u1ed9c g\u1ecdi l\u00e0 m\u1ed9t nh\u00f3m ho\u1eb7c b\u1ed9 ph\u1eadn trong \u0111\u00f3 nh\u00e2n vi\u00ean nh\u1eadn v\u00e0 th\u1ef1c hi\u1ec7n s\u1ed1 l\u01b0\u1ee3ng l\u1edbn c\u00e1c cu\u1ed9c g\u1ecdi \u0111i\u1ec7n tho\u1ea1i.<\/p><\/div><\/div><\/div>[\/vc_column][\/vc_row][vc_row][vc_column]<div class=\"shortcode-wrapper shortcode-title clearfix hb-animate-element hb-flip-y\"><h3 style=\"color:#878787!important;border-color:#878787\" class=\"hb-heading hb-center-heading aligncenter\"><span>Xem Nhi\u1ec1u H\u01a1n T\u1eeb WorkNow<\/span><\/h3><\/div>[vc_empty_space height=&#8221;20px&#8221;][\/vc_column][\/vc_row][vc_row][vc_column width=&#8221;1\/4&#8243;]<div class=\"shortcode-wrapper shortcode-teaser\"><div class=\"hb-teaser-column\"><a href=\" https:\/\/worknow.vn\/vi\/ve-chung-toi\/\" target=\"_self\"><img loading=\"lazy\" decoding=\"async\" src=\"https:\/\/worknow.vn\/wp-content\/uploads\/2022\/09\/linkedin_images_by_logaster-4-e1664091277408-526x350.png\" width=\"526\" height=\"350\" alt=\"\" \/><\/a><div class=\"teaser-content alignleft\"><a href=\" https:\/\/worknow.vn\/vi\/ve-chung-toi\/\" target=\"_self\"><h6 class=\"special\">V\u1ec1 Ch\u00fang T\u00f4i<\/h6><\/a>WorkNow l\u00e0 m\u1ed9t c\u00f4ng ty cung c\u1ea5p c\u00e1c gi\u1ea3i ph\u00e1p s\u00e1ng t\u1ea1o ngu\u1ed3n nh\u00e2n l\u1ef1c, th\u00e0nh c\u00f4ng trong vi\u1ec7c cung c\u1ea5p nh\u00e2n s\u1ef1, tuy\u1ec3n d\u1ee5ng v\u00e0 thu\u00ea ngo\u00e0i<\/div><\/div><!-- END .hb-teaser-column --><\/div>[\/vc_column][vc_column width=&#8221;1\/4&#8243;]<div class=\"shortcode-wrapper shortcode-teaser\"><div class=\"hb-teaser-column\"><a href=\" https:\/\/worknow.vn\/vi\/huong-dan-tien-luong\/\" target=\"_self\"><img loading=\"lazy\" decoding=\"async\" src=\"https:\/\/worknow.vn\/wp-content\/uploads\/2022\/09\/Salary-Guide-web-e1663406485307-526x350.png\" width=\"526\" height=\"350\" alt=\"\" \/><\/a><div class=\"teaser-content alignleft\"><a href=\" https:\/\/worknow.vn\/vi\/huong-dan-tien-luong\/\" target=\"_self\"><h6 class=\"special\">H\u01b0\u1edbng d\u1eabn ti\u1ec1n l\u01b0\u01a1ng<\/h6><\/a>Nh\u1eefng Con S\u1ed1 C\u1ea7n Bi\u1ebft<br \/>\nH\u01b0\u1edbng d\u1eabn v\u1ec1 ti\u1ec1n l\u01b0\u01a1ng n\u0103m 2023 t\u1ea1i Vi\u1ec7t Nam. Trang b\u1ecb cho m\u00ecnh th\u00f4ng tin v\u1ec1 m\u1ee9c l\u01b0\u01a1ng v\u00e0 xu h\u01b0\u1edbng<\/div><\/div><!-- END .hb-teaser-column --><\/div>[\/vc_column][vc_column width=&#8221;1\/4&#8243;]<div class=\"shortcode-wrapper shortcode-teaser\"><div class=\"hb-teaser-column\"><a href=\" https:\/\/worknow.vn\/vi\/nghien-cuu-noi-lam-viec\/\" target=\"_self\"><img loading=\"lazy\" decoding=\"async\" src=\"https:\/\/worknow.vn\/wp-content\/uploads\/2022\/09\/Home-m2-1-526x350.jpg\" width=\"526\" height=\"350\" alt=\"\" \/><\/a><div class=\"teaser-content alignleft\"><a href=\" https:\/\/worknow.vn\/vi\/nghien-cuu-noi-lam-viec\/\" target=\"_self\"><h6 class=\"special\">Nghi\u00ean c\u1ee9u N\u01a1i l\u00e0m vi\u1ec7c<\/h6><\/a>Nghi\u00ean c\u1ee9u N\u01a1i l\u00e0m vi\u1ec7c<br \/>\nN\u1ec1n kinh t\u1ebf v\u00e0 c\u00e1ch th\u1ee9c l\u00e0m vi\u1ec7c c\u1ee7a con ng\u01b0\u1eddi kh\u00f4ng ng\u1eebng thay \u0111\u1ed5i. WorkNow c\u00f3 th\u1ec3 h\u1ed7 tr\u1ee3 c\u1eadp nh\u1eadt<\/div><\/div><!-- END .hb-teaser-column --><\/div>[\/vc_column][vc_column width=&#8221;1\/4&#8243;]<div class=\"shortcode-wrapper shortcode-teaser\"><div class=\"hb-teaser-column\"><a href=\" https:\/\/worknow.vn\/vi\/news-blog\/\" target=\"_self\"><img loading=\"lazy\" decoding=\"async\" src=\"https:\/\/worknow.vn\/wp-content\/uploads\/2022\/09\/Home-ms-4-f-e1663425083688-526x350.png\" width=\"526\" height=\"350\" alt=\"\" \/><\/a><div class=\"teaser-content alignleft\"><a href=\" https:\/\/worknow.vn\/vi\/news-blog\/\" target=\"_self\"><h6 class=\"special\">News &amp; Blog<\/h6><\/a>C\u00e2u H\u1ecfi V\u00e0 C\u00e2u Tr\u1ea3 L\u1eddi Ph\u1ecfng V\u1ea5n Xin Vi\u1ec7c B\u1ea1n Ph\u1ea3i Bi\u1ebft<br \/>\nKhi ch\u00fang ta chuy\u1ec3n sang c\u01a1 ch\u1ebf ph\u1ee5c h\u1ed3i sau \u0111\u1ea1i d\u1ecbch<\/div><\/div><!-- END .hb-teaser-column --><\/div>[\/vc_column][\/vc_row]\n<\/div>","protected":false},"excerpt":{"rendered":"<p>[vc_row css=&#8221;.vc_custom_1655005469748{margin-top: -20px !important;}&#8221;][vc_column][vc_empty_space height=&#8221;20px&#8221;][vc_custom_heading text=&#8221;WorkNow l\u00e0 m\u1ed9t c\u00f4ng ty cung c\u1ea5p c\u00e1c gi\u1ea3i ph\u00e1p s\u00e1ng t\u1ea1o ngu\u1ed3n nh\u00e2n l\u1ef1c, th\u00e0nh c\u00f4ng trong vi\u1ec7c cung c\u1ea5p nh\u00e2n s\u1ef1, tuy\u1ec3n d\u1ee5ng v\u00e0 thu\u00ea ngo\u00e0i cho Kh\u00e1ch h\u00e0ng, Nh\u00e2n vi\u00ean v\u00e0 \u1ee8ng vi\u00ean c\u1ee7a ch\u00fang t\u00f4i.&#8221; font_container=&#8221;tag:h4|text_align:center|color:%23595959&#8243; use_theme_fonts=&#8221;yes&#8221; css=&#8221;.vc_custom_1682871784962{margin-top: -10px !important;}&#8221;][vc_empty_space height=&#8221;20px&#8221;][\/vc_column][\/vc_row][vc_row][vc_column width=&#8221;1\/3&#8243;][vc_empty_space height=&#8221;20px&#8221;][vc_empty_space height=&#8221;20px&#8221;][\/vc_column][vc_column width=&#8221;1\/3&#8243;][\/vc_column][vc_column width=&#8221;1\/3&#8243;][\/vc_column][\/vc_row][vc_row [&hellip;]<\/p>\n","protected":false},"author":1,"featured_media":0,"parent":0,"menu_order":0,"comment_status":"closed","ping_status":"closed","template":"","meta":{"nf_dc_page":"","footnotes":""},"class_list":["post-5170","page","type-page","status-publish","hentry"],"_links":{"self":[{"href":"https:\/\/worknow.vn\/vi\/wp-json\/wp\/v2\/pages\/5170","targetHints":{"allow":["GET"]}}],"collection":[{"href":"https:\/\/worknow.vn\/vi\/wp-json\/wp\/v2\/pages"}],"about":[{"href":"https:\/\/worknow.vn\/vi\/wp-json\/wp\/v2\/types\/page"}],"author":[{"embeddable":true,"href":"https:\/\/worknow.vn\/vi\/wp-json\/wp\/v2\/users\/1"}],"replies":[{"embeddable":true,"href":"https:\/\/worknow.vn\/vi\/wp-json\/wp\/v2\/comments?post=5170"}],"version-history":[{"count":5,"href":"https:\/\/worknow.vn\/vi\/wp-json\/wp\/v2\/pages\/5170\/revisions"}],"predecessor-version":[{"id":12298,"href":"https:\/\/worknow.vn\/vi\/wp-json\/wp\/v2\/pages\/5170\/revisions\/12298"}],"wp:attachment":[{"href":"https:\/\/worknow.vn\/vi\/wp-json\/wp\/v2\/media?parent=5170"}],"curies":[{"name":"wp","href":"https:\/\/api.w.org\/{rel}","templated":true}]}}