{"id":6078,"date":"2017-07-19T06:01:17","date_gmt":"2017-07-19T06:01:17","guid":{"rendered":"https:\/\/colaw.vn\/package-accounting\/"},"modified":"2023-04-01T05:57:40","modified_gmt":"2023-04-01T05:57:40","slug":"cong-nghe","status":"publish","type":"page","link":"https:\/\/worknow.vn\/vi\/cong-nghe\/","title":{"rendered":"C\u00f4ng Ngh\u1ec7"},"content":{"rendered":"<div class=\"wpb-content-wrapper\">[vc_row top_margin=&#8221;0&#8243; bottom_margin=&#8221;0&#8243;][vc_column]<div class=\"shortcode-wrapper shortcode-title clearfix hb-animate-element hb-fade-in\"><p style=\"color:#9f121b!important;border-color:#9f121b\" class=\"hb-text-large aligncenter\">C\u00f4ng Ngh\u1ec7<\/p><\/div>[vc_row_inner][vc_column_inner][vc_column_text]L\u0129nh v\u1ef1c c\u00f4ng ngh\u1ec7 kh\u00f4ng ng\u1eebng th\u00fac \u0111\u1ea9y th\u1ebf gi\u1edbi ti\u1ebfn t\u1edbi nh\u1eefng \u0111i\u1ec1u l\u1edbn lao h\u01a1n v\u00e0 t\u1ed1t \u0111\u1eb9p h\u01a1n th\u00f4ng qua nh\u1eefng c\u1ea3i ti\u1ebfn th\u00fa v\u1ecb v\u00e0 \u0111\u00f3 l\u00e0 m\u1ed9t ph\u1ea7n quan tr\u1ecdng khi\u1ebfn s\u1ef1 nghi\u1ec7p t\u1eadp trung v\u00e0o c\u00f4ng ngh\u1ec7 tr\u1edf n\u00ean h\u1ea5p d\u1eabn \u0111\u1ed1i v\u1edbi b\u1ea1n. Nh\u01b0ng c\u00f3 r\u1ea5t nhi\u1ec1u ngh\u1ec1 trong l\u0129nh v\u1ef1c c\u00f4ng ngh\u1ec7 \u0111\u1ec3 b\u1ea1n c\u00f3 th\u1ec3 l\u1ef1a ch\u1ecdn, b\u1ea1n kh\u00f4ng bi\u1ebft b\u1eaft \u0111\u1ea7u t\u1eeb \u0111\u00e2u v\u1edbi vi\u1ec7c thu h\u1eb9p c\u00e1c l\u1ef1a ch\u1ecdn c\u00f4ng vi\u1ec7c c\u1ee7a m\u00ecnh!<br \/>\nC\u00f3 r\u1ea5t nhi\u1ec1u th\u00f4ng tin c\u1ea7n xem x\u00e9t, t\u1eeb tri\u1ec3n v\u1ecdng c\u00f4ng vi\u1ec7c v\u00e0 ti\u1ec1m n\u0103ng thu nh\u1eadp cho \u0111\u1ebfn nhi\u1ec7m v\u1ee5 c\u00f4ng vi\u1ec7c h\u00e0ng ng\u00e0y. Ch\u00fang t\u00f4i \u0111\u00e3 t\u1eadp h\u1ee3p nghi\u00ean c\u1ee9u v\u00e0o m\u1ed9t ch\u1ed7 thu\u1eadn ti\u1ec7n \u0111\u1ec3 b\u1ea1n c\u00f3 th\u1ec3 xem nhanh v\u1ec1 c\u00e1c l\u1ef1a ch\u1ecdn ngh\u1ec1 nghi\u1ec7p c\u00f4ng ngh\u1ec7 c\u1ee7a m\u00ecnh.<br \/>\n[\/vc_column_text][vc_custom_heading text=&#8221;Th\u00f4ng tin chi ti\u1ebft cho t\u1eebng Ch\u1ee9c danh c\u00f4ng vi\u1ec7c:&#8221; font_container=&#8221;tag:h5|text_align:left|color:%231e1c19&#8243; google_fonts=&#8221;font_family:Alef%3Aregular%2C700|font_style:400%20regular%3A400%3Anormal&#8221;][\/vc_column_inner][\/vc_row_inner][\/vc_column][\/vc_row][vc_row][vc_column width=&#8221;1\/4&#8243;][vc_column_text]<a href=\"https:\/\/worknow.vn\/vi\/nha-khoa-hoc-du-lieu\/\">Nh\u00e0 Khoa H\u1ecdc D\u1eef Li\u1ec7u<\/a><\/p>\n<p><a href=\"https:\/\/worknow.vn\/vi\/phat-trien-phan-mem-vien\/\">Ph\u00e1t Tri\u1ec3n Ph\u1ea7n M\u1ec1m Vi\u00ean<\/a><\/p>\n<p><a href=\"https:\/\/worknow.vn\/vi\/nha-phan-tich-bao-mat-thong-tin\/\">Nh\u00e0 Ph\u00e2n T\u00edch B\u1ea3o M\u1eadt Th\u00f4ng Tin<\/a><\/p>\n<p><a href=\"https:\/\/worknow.vn\/vi\/nha-phat-trien-web\/\">Nh\u00e0 Ph\u00e1t Tri\u1ec3n Web<\/a>[\/vc_column_text][\/vc_column][vc_column width=&#8221;1\/4&#8243;][vc_column_text]<a href=\"https:\/\/worknow.vn\/vi\/quan-ly-cong-nghe-thong-tin\/\">Qu\u1ea3n L\u00fd C\u00f4ng Ngh\u1ec7 Th\u00f4ng Tin<\/a><\/p>\n<p><a href=\"https:\/\/worknow.vn\/vi\/nha-khoa-hoc-nghiem-cuu-may-tinh\/\">Nh\u00e0 Khoa H\u1ecdc Nghi\u00eam C\u1ee9u M\u00e1y T\u00ednh<\/a><\/p>\n<p><a href=\"https:\/\/worknow.vn\/vi\/quan-tri-vien-mang-va-he-thong\/\">Qu\u1ea3n Tr\u1ecb Vi\u00ean M\u1ea1ng V\u00e0 H\u1ec7 Th\u1ed1ng<\/a><\/p>\n<p><a href=\"https:\/\/worknow.vn\/vi\/chuyen-gia-ho-tro-may-tinh\/\">Chuy\u00ean Gia H\u1ed7 Tr\u1ee3 M\u00e1y T\u00ednh<\/a>[\/vc_column_text][\/vc_column][vc_column width=&#8221;1\/4&#8243;][vc_column_text]<a href=\"https:\/\/worknow.vn\/vi\/nha-phan-tich-bao-mat-thong-tin\/\">Nh\u00e0 Ph\u00e2n T\u00edch B\u1ea3o M\u1eadt Th\u00f4ng Tin<\/a><\/p>\n<p><a href=\"https:\/\/worknow.vn\/vi\/quan-tri-co-so-du-lieu\/\">Qu\u1ea3n Tr\u1ecb C\u01a1 S\u1edf D\u1eef Li\u1ec7u<\/a><\/p>\n<p><a href=\"https:\/\/worknow.vn\/vi\/lap-trinh-vien-may-tinh\/\">L\u1eadp Tr\u00ecnh Vi\u00ean M\u00e1y T\u00ednh<\/a><\/p>\n<p><a href=\"https:\/\/worknow.vn\/vi\/ky-su-mang\/\">K\u1ef9 S\u01b0 M\u1ea1ng<\/a>[\/vc_column_text][vc_empty_space height=&#8221;25px&#8221;][\/vc_column][vc_column width=&#8221;1\/4&#8243;][vc_column_text]<a href=\"https:\/\/worknow.vn\/vi\/nha-thiet-ke-trai-nghiem-nguoi-dung-ux\/\">Nh\u00e0 Thi\u1ebft K\u1ebf Tr\u1ea3i Nghi\u1ec7m Ng\u01b0\u1eddi D\u00f9ng ( UX )<\/a><\/p>\n<p><a href=\"https:\/\/worknow.vn\/vi\/ky-su-bao-mat\/\">K\u1ef9 S\u01b0 B\u1ea3o M\u1eadt<\/a><\/p>\n<p><a href=\"https:\/\/worknow.vn\/vi\/ky-su-nguoi-may\/\">K\u1ef9 S\u01b0 Ng\u01b0\u1eddi M\u00e1y<\/a><\/p>\n<p><a href=\"https:\/\/worknow.vn\/vi\/ky-su-tu-dong-hoa\/\">K\u1ef9 S\u01b0 T\u1ef1 \u0110\u1ed9ng H\u00f3a<\/a>[\/vc_column_text][\/vc_column][\/vc_row]\n<\/div>","protected":false},"excerpt":{"rendered":"<p>[vc_row top_margin=&#8221;0&#8243; bottom_margin=&#8221;0&#8243;][vc_column][vc_row_inner][vc_column_inner][vc_column_text]L\u0129nh v\u1ef1c c\u00f4ng ngh\u1ec7 kh\u00f4ng ng\u1eebng th\u00fac \u0111\u1ea9y th\u1ebf gi\u1edbi ti\u1ebfn t\u1edbi nh\u1eefng \u0111i\u1ec1u l\u1edbn lao h\u01a1n v\u00e0 t\u1ed1t \u0111\u1eb9p h\u01a1n th\u00f4ng qua nh\u1eefng c\u1ea3i ti\u1ebfn th\u00fa v\u1ecb v\u00e0 \u0111\u00f3 l\u00e0 m\u1ed9t ph\u1ea7n quan tr\u1ecdng khi\u1ebfn s\u1ef1 nghi\u1ec7p t\u1eadp trung v\u00e0o c\u00f4ng ngh\u1ec7 tr\u1edf n\u00ean h\u1ea5p d\u1eabn \u0111\u1ed1i v\u1edbi b\u1ea1n. Nh\u01b0ng c\u00f3 r\u1ea5t [&hellip;]<\/p>\n","protected":false},"author":1,"featured_media":0,"parent":0,"menu_order":0,"comment_status":"closed","ping_status":"closed","template":"","meta":{"nf_dc_page":"","footnotes":""},"class_list":["post-6078","page","type-page","status-publish","hentry"],"_links":{"self":[{"href":"https:\/\/worknow.vn\/vi\/wp-json\/wp\/v2\/pages\/6078","targetHints":{"allow":["GET"]}}],"collection":[{"href":"https:\/\/worknow.vn\/vi\/wp-json\/wp\/v2\/pages"}],"about":[{"href":"https:\/\/worknow.vn\/vi\/wp-json\/wp\/v2\/types\/page"}],"author":[{"embeddable":true,"href":"https:\/\/worknow.vn\/vi\/wp-json\/wp\/v2\/users\/1"}],"replies":[{"embeddable":true,"href":"https:\/\/worknow.vn\/vi\/wp-json\/wp\/v2\/comments?post=6078"}],"version-history":[{"count":5,"href":"https:\/\/worknow.vn\/vi\/wp-json\/wp\/v2\/pages\/6078\/revisions"}],"predecessor-version":[{"id":11294,"href":"https:\/\/worknow.vn\/vi\/wp-json\/wp\/v2\/pages\/6078\/revisions\/11294"}],"wp:attachment":[{"href":"https:\/\/worknow.vn\/vi\/wp-json\/wp\/v2\/media?parent=6078"}],"curies":[{"name":"wp","href":"https:\/\/api.w.org\/{rel}","templated":true}]}}