{"id":6080,"date":"2017-07-19T06:02:35","date_gmt":"2017-07-19T06:02:35","guid":{"rendered":"https:\/\/colaw.vn\/tax-reports\/"},"modified":"2023-06-02T08:56:03","modified_gmt":"2023-06-02T08:56:03","slug":"trung-tam-cuoc-goi","status":"publish","type":"page","link":"https:\/\/worknow.vn\/vi\/trung-tam-cuoc-goi\/","title":{"rendered":"Trung T\u00e2m Cu\u1ed9c G\u1ecdi"},"content":{"rendered":"<div class=\"wpb-content-wrapper\">[vc_row top_margin=&#8221;0&#8243; bottom_margin=&#8221;0&#8243;][vc_column]<div class=\"shortcode-wrapper shortcode-title clearfix hb-animate-element hb-fade-in\"><p style=\"color:#9f121b!important;border-color:#9f121b\" class=\"hb-text-large aligncenter\">Trung T\u00e2m Cu\u1ed9c G\u1ecdi<\/p><\/div>[vc_row_inner][vc_column_inner][vc_column_text]Trung t\u00e2m cu\u1ed9c g\u1ecdi l\u00e0 m\u1ed9t nh\u00f3m ho\u1eb7c b\u1ed9 ph\u1eadn trong \u0111\u00f3 nh\u00e2n vi\u00ean nh\u1eadn v\u00e0 th\u1ef1c hi\u1ec7n s\u1ed1 l\u01b0\u1ee3ng l\u1edbn c\u00e1c cu\u1ed9c g\u1ecdi \u0111i\u1ec7n tho\u1ea1i. C\u00e1c trung t\u00e2m cu\u1ed9c g\u1ecdi c\u00f3 th\u1ec3 c\u00f3 kh\u00e1ch h\u00e0ng n\u1ed9i b\u1ed9 (v\u00ed d\u1ee5: b\u1ed9 ph\u1eadn tr\u1ee3 gi\u00fap) ho\u1eb7c kh\u00e1ch h\u00e0ng b\u00ean ngo\u00e0i (v\u00ed d\u1ee5: trung t\u00e2m h\u1ed7 tr\u1ee3 v\u00e0 d\u1ecbch v\u1ee5 kh\u00e1ch h\u00e0ng). Trung t\u00e2m cu\u1ed9c g\u1ecdi s\u1eed d\u1ee5ng nhi\u1ec1u c\u00f4ng ngh\u1ec7 kh\u00e1c nhau \u0111\u1ec3 c\u1ea3i thi\u1ec7n vi\u1ec7c qu\u1ea3n l\u00fd v\u00e0 ph\u1ee5c v\u1ee5 cu\u1ed9c g\u1ecdi. Trung t\u00e2m s\u1eed d\u1ee5ng c\u1ea3 hai k\u00eanh li\u00ean l\u1ea1c d\u1ef1a tr\u00ean \u0111i\u1ec7n tho\u1ea1i v\u00e0 kh\u00f4ng d\u1ef1a tr\u00ean \u0111i\u1ec7n tho\u1ea1i (v\u00ed d\u1ee5: e-mail ho\u1eb7c Web) \u0111\u01b0\u1ee3c g\u1ecdi l\u00e0 trung t\u00e2m li\u00ean l\u1ea1c.[\/vc_column_text][vc_custom_heading text=&#8221;Th\u00f4ng tin chi ti\u1ebft cho t\u1eebng Ch\u1ee9c danh c\u00f4ng vi\u1ec7c:&#8221; font_container=&#8221;tag:h5|text_align:left|color:%231e1c19&#8243; google_fonts=&#8221;font_family:Alef%3Aregular%2C700|font_style:400%20regular%3A400%3Anormal&#8221;][\/vc_column_inner][\/vc_row_inner][\/vc_column][\/vc_row][vc_row][vc_column width=&#8221;1\/4&#8243;][vc_column_text]<a href=\"https:\/\/worknow.vn\/vi\/dai-dien-trung-tam-cuoc-goi\/\">\u0110\u1ea1i Di\u1ec7n Trung T\u00e2m Cu\u1ed9c G\u1ecdi<\/a><\/p>\n<p><a href=\"https:\/\/worknow.vn\/vi\/giam-doc-kinh-doanh\/\">Gi\u00e1m \u0110\u1ed1c Kinh Doanh<\/a><\/p>\n<p><a href=\"https:\/\/worknow.vn\/vi\/truong-nhom-trung-tam-cuoc-goi\/\">Tr\u01b0\u1edfng Nh\u00f3m Trung T\u00e2m Cu\u1ed9c G\u1ecdi<\/a>[\/vc_column_text][\/vc_column][vc_column width=&#8221;1\/4&#8243;][vc_column_text]<a href=\"https:\/\/worknow.vn\/vi\/quan-ly-cskh\/\">Qu\u1ea3n L\u00fd CSKH<\/a><\/p>\n<p><a href=\"https:\/\/worknow.vn\/vi\/huan-luyen-vien-trung-tam-cuoc-goi\/\">Hu\u1ea5n Luy\u1ec7n Vi\u00ean Trung T\u00e2m Cu\u1ed9c G\u1ecdi<\/a><\/p>\n<p><a href=\"https:\/\/worknow.vn\/vi\/nha-phan-tich-chat-luong-cuoc-goi\/\">Nh\u00e0 Ph\u00e2n T\u00edch Ch\u1ea5t L\u01b0\u1ee3ng Cu\u1ed9c G\u1ecdi<\/a>[\/vc_column_text][\/vc_column][vc_column width=&#8221;1\/4&#8243;][vc_column_text]<a href=\"https:\/\/worknow.vn\/vi\/dai-dien-ban-hang-qua-dien-thoai\/\">\u0110\u1ea1i Di\u1ec7n B\u00e1n H\u00e0ng Qua \u0110i\u1ec7n Tho\u1ea1i<\/a><\/p>\n<p><a href=\"https:\/\/worknow.vn\/vi\/nhan-vien-truc-web\/\">Nh\u00e2n Vi\u00ean Tr\u1ef1c Web<\/a><\/p>\n<p><a href=\"https:\/\/worknow.vn\/vi\/tong-dai-tuyen-dung\/\">T\u1ed5ng \u0110\u00e0i Tuy\u1ec3n D\u1ee5ng<\/a>[\/vc_column_text][vc_empty_space height=&#8221;25px&#8221;][\/vc_column][vc_column width=&#8221;1\/4&#8243;][vc_column_text]<a href=\"https:\/\/worknow.vn\/vi\/nhan-vien-quan-he-khach-hang\/\">Nh\u00e2n Vi\u00ean Quan H\u1ec7 Kh\u00e1ch H\u00e0ng<\/a><\/p>\n<p><a href=\"https:\/\/worknow.vn\/vi\/dai-dien-ho-tro-ky-thuat\/\">\u0110\u1ea1i Di\u1ec7n H\u1ed7 Tr\u1ee3 K\u1ef9 Thu\u1eadt<\/a>[\/vc_column_text][\/vc_column][\/vc_row]\n<\/div>","protected":false},"excerpt":{"rendered":"<p>[vc_row top_margin=&#8221;0&#8243; bottom_margin=&#8221;0&#8243;][vc_column][vc_row_inner][vc_column_inner][vc_column_text]Trung t\u00e2m cu\u1ed9c g\u1ecdi l\u00e0 m\u1ed9t nh\u00f3m ho\u1eb7c b\u1ed9 ph\u1eadn trong \u0111\u00f3 nh\u00e2n vi\u00ean nh\u1eadn v\u00e0 th\u1ef1c hi\u1ec7n s\u1ed1 l\u01b0\u1ee3ng l\u1edbn c\u00e1c cu\u1ed9c g\u1ecdi \u0111i\u1ec7n tho\u1ea1i. C\u00e1c trung t\u00e2m cu\u1ed9c g\u1ecdi c\u00f3 th\u1ec3 c\u00f3 kh\u00e1ch h\u00e0ng n\u1ed9i b\u1ed9 (v\u00ed d\u1ee5: b\u1ed9 ph\u1eadn tr\u1ee3 gi\u00fap) ho\u1eb7c kh\u00e1ch h\u00e0ng b\u00ean ngo\u00e0i (v\u00ed d\u1ee5: trung t\u00e2m [&hellip;]<\/p>\n","protected":false},"author":1,"featured_media":0,"parent":0,"menu_order":0,"comment_status":"closed","ping_status":"closed","template":"","meta":{"nf_dc_page":"","footnotes":""},"class_list":["post-6080","page","type-page","status-publish","hentry"],"_links":{"self":[{"href":"https:\/\/worknow.vn\/vi\/wp-json\/wp\/v2\/pages\/6080","targetHints":{"allow":["GET"]}}],"collection":[{"href":"https:\/\/worknow.vn\/vi\/wp-json\/wp\/v2\/pages"}],"about":[{"href":"https:\/\/worknow.vn\/vi\/wp-json\/wp\/v2\/types\/page"}],"author":[{"embeddable":true,"href":"https:\/\/worknow.vn\/vi\/wp-json\/wp\/v2\/users\/1"}],"replies":[{"embeddable":true,"href":"https:\/\/worknow.vn\/vi\/wp-json\/wp\/v2\/comments?post=6080"}],"version-history":[{"count":5,"href":"https:\/\/worknow.vn\/vi\/wp-json\/wp\/v2\/pages\/6080\/revisions"}],"predecessor-version":[{"id":12167,"href":"https:\/\/worknow.vn\/vi\/wp-json\/wp\/v2\/pages\/6080\/revisions\/12167"}],"wp:attachment":[{"href":"https:\/\/worknow.vn\/vi\/wp-json\/wp\/v2\/media?parent=6080"}],"curies":[{"name":"wp","href":"https:\/\/api.w.org\/{rel}","templated":true}]}}