{"id":6082,"date":"2017-07-19T06:06:07","date_gmt":"2017-07-19T06:06:07","guid":{"rendered":"https:\/\/colaw.vn\/initial-tax-registration\/"},"modified":"2023-05-31T08:41:34","modified_gmt":"2023-05-31T08:41:34","slug":"phap-ly","status":"publish","type":"page","link":"https:\/\/worknow.vn\/vi\/phap-ly\/","title":{"rendered":"Ph\u00e1p L\u00fd"},"content":{"rendered":"<div class=\"wpb-content-wrapper\">[vc_row top_margin=&#8221;0&#8243; bottom_margin=&#8221;0&#8243;][vc_column]<div class=\"shortcode-wrapper shortcode-title clearfix hb-animate-element hb-fade-in\"><p style=\"color:#9f121b!important;border-color:#9f121b\" class=\"hb-text-large aligncenter\">Ph\u00e1p L\u00fd<\/p><\/div>[vc_row_inner][vc_column_inner][vc_column_text]Quan tr\u1ecdng \u0111\u1ed1i v\u1edbi c\u1ea3 c\u00e1 nh\u00e2n v\u00e0 t\u1ed5 ch\u1ee9c, ng\u00e0nh d\u1ecbch v\u1ee5 ph\u00e1p l\u00fd c\u00f3 nhi\u1ec1u ngh\u1ec1. T\u1eeb lu\u1eadt s\u01b0, ng\u01b0\u1eddi bi\u1ec7n h\u1ed9 v\u00e0 c\u00f4ng ch\u1ee9ng vi\u00ean cho \u0111\u1ebfn tr\u1ee3 l\u00fd ph\u00e1p l\u00fd, th\u1ea9m ph\u00e1n v\u00e0 c\u1ed1 v\u1ea5n doanh nghi\u1ec7p, c\u00e1c chuy\u00ean gia ph\u00e1p l\u00fd gi\u1ecfi \u0111\u1ec1u c\u00f3 m\u1eb7t trong l\u0129nh v\u1ef1c n\u00e0y.[\/vc_column_text][vc_custom_heading text=&#8221;Th\u00f4ng tin chi ti\u1ebft cho t\u1eebng Ch\u1ee9c danh c\u00f4ng vi\u1ec7c:&#8221; font_container=&#8221;tag:h5|text_align:left|color:%231e1c19&#8243; google_fonts=&#8221;font_family:Alef%3Aregular%2C700|font_style:400%20regular%3A400%3Anormal&#8221;][\/vc_column_inner][\/vc_row_inner][\/vc_column][\/vc_row][vc_row][vc_column width=&#8221;1\/4&#8243;][vc_column_text]<a href=\"https:\/\/worknow.vn\/vi\/luat-su\/\">Lu\u1eadt S\u01b0<\/a><\/p>\n<p><a href=\"https:\/\/worknow.vn\/vi\/turong-phap-ly\/\">Tr\u01b0\u1edfng Ph\u00e1p L\u00fd<\/a><\/p>\n<p><a href=\"https:\/\/worknow.vn\/vi\/luat-su-hop-dong\/\">Lu\u1eadt S\u01b0 H\u1ee3p \u0110\u1ed3ng<\/a><\/p>\n<p><a href=\"https:\/\/worknow.vn\/vi\/luat-su-tranh-tung\/\">Lu\u1eadt S\u01b0 Tranh T\u1ee5ng<\/a><\/p>\n<p><a href=\"https:\/\/worknow.vn\/vi\/luat-su-cong-ty\/\">Lu\u1eadt Ph\u00e1p C\u00f4ng Ty<\/a><\/p>\n<p><a href=\"https:\/\/worknow.vn\/vi\/tu-van-phap-ly\/\">T\u01b0 V\u1ea5n Ph\u00e1p L\u00fd<\/a>[\/vc_column_text][\/vc_column][vc_column width=&#8221;1\/4&#8243;][vc_column_text]<a href=\"https:\/\/worknow.vn\/vi\/co-van-phap-ly\/\">C\u1ed1 V\u1ea5n Ph\u00e1p L\u00fd<\/a><\/p>\n<p><a href=\"https:\/\/worknow.vn\/vi\/thu-ky-phap-ly\/\">Th\u01b0 K\u00fd Ph\u00e1p L\u00fd<\/a><\/p>\n<p><a href=\"https:\/\/worknow.vn\/vi\/chuyen-vien-phap-ly\/\">Chuy\u00ean Vi\u00ean Ph\u00e1p L\u00fd<\/a><\/p>\n<p><a href=\"https:\/\/worknow.vn\/vi\/giam-sat-phap-ly\/\">Gi\u00e1m S\u00e1t Ph\u00e1p L\u00fd<\/a><\/p>\n<p><a href=\"https:\/\/worknow.vn\/vi\/nhan-vien-lien-ket\/\">Nh\u00e2n Vi\u00ean Li\u00ean K\u1ebft<\/a><\/p>\n<p><a href=\"https:\/\/worknow.vn\/vi\/quan-ly-phap-ly\/\">Qu\u1ea3n L\u00fd Ph\u00e1p L\u00fd<\/a>[\/vc_column_text][\/vc_column][vc_column width=&#8221;1\/4&#8243;][vc_column_text]<a href=\"https:\/\/worknow.vn\/vi\/thu-ky-toa-an\/\">Th\u01b0 K\u00fd T\u00f2a \u00c1n<\/a><\/p>\n<p><a href=\"https:\/\/worknow.vn\/vi\/tong-co-van\/\">T\u1ed5ng C\u1ed1 V\u1ea5n<\/a><\/p>\n<p><a href=\"https:\/\/worknow.vn\/vi\/nguoi-hoa-giai\/\">Ng\u01b0\u1eddi H\u00f2a Gi\u1ea3i<\/a><\/p>\n<p><a href=\"https:\/\/worknow.vn\/vi\/co-van-phap-luat\/\">C\u1ed1 V\u1ea5n Ph\u00e1p Lu\u1eadt<\/a><\/p>\n<p><a href=\"https:\/\/worknow.vn\/vi\/an-ninh-noi-doi\/\">An Ninh N\u1ed9i \u0110\u1ecba<\/a><\/p>\n<p><a href=\"https:\/\/worknow.vn\/vi\/vien-chuc-nhap-cu\/\">Vi\u00ean Ch\u1ee9c Nh\u1eadp C\u01b0<\/a>[\/vc_column_text][vc_empty_space height=&#8221;25px&#8221;][\/vc_column][vc_column width=&#8221;1\/4&#8243;][vc_column_text]<a href=\"https:\/\/worknow.vn\/vi\/dieu-tra-vien\/\">\u0110i\u1ec1u Tra Vi\u00ean<\/a><\/p>\n<p><a href=\"https:\/\/worknow.vn\/vi\/nguoi-van-chuyen-duoc-cap-phep\/\">Ng\u01b0\u1eddi V\u1eadn Chuy\u1ec3n \u0110\u01b0\u1ee3c C\u1ea5p Ph\u00e9p<\/a><\/p>\n<p><a href=\"https:\/\/worknow.vn\/vi\/phong-vien-toa-an\/\">Ph\u00f3ng Vi\u00ean T\u00f2a \u00c1n<\/a>[\/vc_column_text][\/vc_column][\/vc_row]\n<\/div>","protected":false},"excerpt":{"rendered":"<p>[vc_row top_margin=&#8221;0&#8243; bottom_margin=&#8221;0&#8243;][vc_column][vc_row_inner][vc_column_inner][vc_column_text]Quan tr\u1ecdng \u0111\u1ed1i v\u1edbi c\u1ea3 c\u00e1 nh\u00e2n v\u00e0 t\u1ed5 ch\u1ee9c, ng\u00e0nh d\u1ecbch v\u1ee5 ph\u00e1p l\u00fd c\u00f3 nhi\u1ec1u ngh\u1ec1. T\u1eeb lu\u1eadt s\u01b0, ng\u01b0\u1eddi bi\u1ec7n h\u1ed9 v\u00e0 c\u00f4ng ch\u1ee9ng vi\u00ean cho \u0111\u1ebfn tr\u1ee3 l\u00fd ph\u00e1p l\u00fd, th\u1ea9m ph\u00e1n v\u00e0 c\u1ed1 v\u1ea5n doanh nghi\u1ec7p, c\u00e1c chuy\u00ean gia ph\u00e1p l\u00fd gi\u1ecfi \u0111\u1ec1u c\u00f3 m\u1eb7t trong l\u0129nh v\u1ef1c [&hellip;]<\/p>\n","protected":false},"author":1,"featured_media":0,"parent":0,"menu_order":0,"comment_status":"closed","ping_status":"closed","template":"","meta":{"nf_dc_page":"","footnotes":""},"class_list":["post-6082","page","type-page","status-publish","hentry"],"_links":{"self":[{"href":"https:\/\/worknow.vn\/vi\/wp-json\/wp\/v2\/pages\/6082","targetHints":{"allow":["GET"]}}],"collection":[{"href":"https:\/\/worknow.vn\/vi\/wp-json\/wp\/v2\/pages"}],"about":[{"href":"https:\/\/worknow.vn\/vi\/wp-json\/wp\/v2\/types\/page"}],"author":[{"embeddable":true,"href":"https:\/\/worknow.vn\/vi\/wp-json\/wp\/v2\/users\/1"}],"replies":[{"embeddable":true,"href":"https:\/\/worknow.vn\/vi\/wp-json\/wp\/v2\/comments?post=6082"}],"version-history":[{"count":5,"href":"https:\/\/worknow.vn\/vi\/wp-json\/wp\/v2\/pages\/6082\/revisions"}],"predecessor-version":[{"id":11832,"href":"https:\/\/worknow.vn\/vi\/wp-json\/wp\/v2\/pages\/6082\/revisions\/11832"}],"wp:attachment":[{"href":"https:\/\/worknow.vn\/vi\/wp-json\/wp\/v2\/media?parent=6082"}],"curies":[{"name":"wp","href":"https:\/\/api.w.org\/{rel}","templated":true}]}}