{"id":6094,"date":"2017-07-19T06:11:53","date_gmt":"2017-07-19T06:11:53","guid":{"rendered":"https:\/\/colaw.vn\/chief-accountant-for-lease\/"},"modified":"2023-06-02T08:44:22","modified_gmt":"2023-06-02T08:44:22","slug":"ban-hang-va-tiep-thi","status":"publish","type":"page","link":"https:\/\/worknow.vn\/vi\/ban-hang-va-tiep-thi\/","title":{"rendered":"B\u00e1n H\u00e0ng &#038; Ti\u1ebfp th\u1ecb"},"content":{"rendered":"<div class=\"wpb-content-wrapper\">[vc_row top_margin=&#8221;0&#8243; bottom_margin=&#8221;0&#8243;][vc_column]<div class=\"shortcode-wrapper shortcode-title clearfix hb-animate-element hb-fade-in\"><p style=\"color:#9f121b!important;border-color:#9f121b\" class=\"hb-text-large aligncenter\">B\u00e1n H\u00e0ng &amp; Ti\u1ebfp th\u1ecb<\/p><\/div>[vc_row_inner][vc_column_inner][vc_column_text]<strong>B\u00e1n h\u00e0ng l\u00e0 g\u00ec?<\/strong><\/p>\n<p>B\u00e1n h\u00e0ng l\u00e0 qu\u00e1 tr\u00ecnh thuy\u1ebft ph\u1ee5c ng\u01b0\u1eddi ti\u00eau d\u00f9ng mua h\u00e0ng h\u00f3a ho\u1eb7c d\u1ecbch v\u1ee5. T\u1ea1i m\u1ed9t doanh nghi\u1ec7p, quy tr\u00ecnh b\u00e1n h\u00e0ng th\u01b0\u1eddng li\u00ean quan \u0111\u1ebfn vi\u1ec7c nh\u00e2n vi\u00ean b\u00e1n h\u00e0ng li\u00ean h\u1ec7 v\u1edbi nh\u1eefng kh\u00e1ch h\u00e0ng ti\u1ec1m n\u0103ng ph\u00f9 h\u1ee3p v\u1edbi h\u1ed3 s\u01a1 kh\u00e1ch h\u00e0ng c\u1ee7a th\u1ecb tr\u01b0\u1eddng m\u1ee5c ti\u00eau (th\u01b0\u1eddng th\u00ec b\u1ed9 ph\u1eadn ti\u1ebfp th\u1ecb l\u00e0 ng\u01b0\u1eddi \u0111\u1ea7u ti\u00ean x\u00e1c \u0111\u1ecbnh nh\u1eefng kh\u00e1ch h\u00e0ng ti\u1ec1m n\u0103ng n\u00e0y). Sau \u0111\u00f3, nh\u00e2n vi\u00ean b\u00e1n h\u00e0ng s\u1ebd c\u1ed1 g\u1eafng thuy\u1ebft ph\u1ee5c kh\u00e1ch h\u00e0ng ti\u1ec1m n\u0103ng mua h\u00e0ng b\u1eb1ng c\u00e1ch ch\u1ec9 ra m\u1ed9t v\u1ea5n \u0111\u1ec1 c\u1ee7a s\u1ea3n ph\u1ea9m ho\u1eb7c d\u1ecbch v\u1ee5 m\u00e0 nh\u00e2n vi\u00ean b\u00e1n h\u00e0ng s\u1ebd gi\u1ea3i quy\u1ebft \u0111\u01b0\u1ee3c.<br \/>\n\u0110\u1ec3 ho\u00e0n th\u00e0nh nhi\u1ec7m v\u1ee5 n\u00e0y, \u0111\u1ed9i ng\u0169 b\u00e1n h\u00e0ng ph\u1ea3i x\u00e2y d\u1ef1ng v\u00e0 tu\u00e2n theo chi\u1ebfn l\u01b0\u1ee3c b\u00e1n h\u00e0ng. M\u1ee5c ti\u00eau c\u1ee7a chi\u1ebfn l\u01b0\u1ee3c b\u00e1n h\u00e0ng l\u00e0 \u0111\u01b0a ra c\u00e1c h\u01b0\u1edbng d\u1eabn v\u00e0 m\u1ee5c ti\u00eau r\u00f5 r\u00e0ng \u0111\u1ec3 t\u1ed5 ch\u1ee9c b\u00e1n h\u00e0ng tu\u00e2n theo nh\u1eb1m t\u1ed1i \u0111a h\u00f3a doanh s\u1ed1 b\u00e1n h\u00e0ng v\u00e0 \u0111\u1ea3m b\u1ea3o l\u1ef1c l\u01b0\u1ee3ng b\u00e1n h\u00e0ng c\u1ee7a t\u1ed5 ch\u1ee9c c\u00f3 c\u00f9ng quan \u0111i\u1ec3m. M\u1ed9t chi\u1ebfn l\u01b0\u1ee3c b\u00e1n h\u00e0ng hi\u1ec7u qu\u1ea3 li\u00ean quan \u0111\u1ebfn vi\u1ec7c t\u00ecm ki\u1ebfm kh\u00e1ch h\u00e0ng ti\u1ec1m n\u0103ng, \u0111\u00e1nh gi\u00e1 kh\u00e1ch h\u00e0ng ti\u1ec1m n\u0103ng v\u00e0 x\u00e2y d\u1ef1ng th\u00f4ng \u0111i\u1ec7p c\u00f3 \u00fd ngh\u0129a cho kh\u00e1ch h\u00e0ng ti\u1ec1m n\u0103ng th\u1ea5y gi\u00e1 tr\u1ecb c\u1ee7a s\u1ea3n ph\u1ea9m ho\u1eb7c d\u1ecbch v\u1ee5.<\/p>\n<p><strong>Ti\u1ebfp th\u1ecb l\u00e0 g\u00ec?<\/strong><\/p>\n<p>Ti\u1ebfp th\u1ecb l\u00e0 qu\u00e1 tr\u00ecnh l\u00e0m cho kh\u00e1ch h\u00e0ng ti\u1ec1m n\u0103ng quan t\u00e2m \u0111\u1ebfn s\u1ea3n ph\u1ea9m ho\u1eb7c d\u1ecbch v\u1ee5 c\u1ee7a doanh nghi\u1ec7p. N\u00f3i r\u1ed9ng h\u01a1n, m\u1ee5c ti\u00eau c\u1ee7a ti\u1ebfp th\u1ecb l\u00e0 t\u00e1c \u0111\u1ed9ng \u0111\u1ebfn quy\u1ebft \u0111\u1ecbnh c\u1ee7a ng\u01b0\u1eddi ti\u00eau d\u00f9ng b\u1eb1ng c\u00e1ch truy\u1ec1n \u0111\u1ea1t gi\u00e1 tr\u1ecb c\u1ee7a s\u1ea3n ph\u1ea9m ho\u1eb7c d\u1ecbch v\u1ee5. C\u00e1c nh\u00e0 ti\u1ebfp th\u1ecb ti\u1ebfn h\u00e0nh nghi\u00ean c\u1ee9u th\u1ecb tr\u01b0\u1eddng \u0111\u1ec3 x\u00e1c \u0111\u1ecbnh th\u1ecb tr\u01b0\u1eddng m\u1ee5c ti\u00eau v\u00e0 hi\u1ec3u nhu c\u1ea7u c\u1ee7a th\u1ecb tr\u01b0\u1eddng. D\u1ef1a tr\u00ean nghi\u00ean c\u1ee9u \u0111\u00f3, \u0111\u1ed9i ng\u0169 ti\u1ebfp th\u1ecb x\u00e2y d\u1ef1ng chi\u1ebfn l\u01b0\u1ee3c ti\u1ebfp th\u1ecb theo c\u00f4ng th\u1ee9c ti\u1ebfp th\u1ecb b\u1ed1n ch\u1eef P: S\u1ea3n ph\u1ea9m (Product), Gi\u00e1 c\u1ea3 (Pricing), Khuy\u1ebfn m\u1ea1i (Promotion) v\u00e0 \u0110\u1ecba \u0111i\u1ec3m (Place).[\/vc_column_text][vc_custom_heading text=&#8221;Th\u00f4ng tin chi ti\u1ebft cho t\u1eebng Ch\u1ee9c danh c\u00f4ng vi\u1ec7c:&#8221; font_container=&#8221;tag:h5|text_align:left|color:%231e1c19&#8243; google_fonts=&#8221;font_family:Alef%3Aregular%2C700|font_style:400%20regular%3A400%3Anormal&#8221;][\/vc_column_inner][\/vc_row_inner][\/vc_column][\/vc_row][vc_row][vc_column width=&#8221;1\/4&#8243;][vc_column_text]<a href=\"https:\/\/worknow.vn\/vi\/quan-ly-quang-cao\/\">Qu\u1ea3n L\u00fd Qu\u1ea3ng C\u00e1o<\/a><\/p>\n<p><a href=\"https:\/\/worknow.vn\/vi\/giam-doc-quang-cao\/\">Gi\u00e1m \u0110\u1ed1c Qu\u1ea3ng C\u00e1o<\/a><\/p>\n<p><a href=\"https:\/\/worknow.vn\/vi\/dieu-phoi-vien-tai-khoan\/\">\u0110i\u1ec1u Ph\u1ed1i Vi\u00ean T\u00e0i Kho\u1ea3n<\/a><\/p>\n<p><a href=\"https:\/\/worknow.vn\/vi\/dieu-hanh-tai-khoan\/\">\u0110i\u1ec1u H\u00e0nh T\u00e0i Kho\u1ea3n<\/a><\/p>\n<p><a href=\"https:\/\/worknow.vn\/vi\/giam-doc-nghe-thuat\/\">Gi\u00e1m \u0110\u1ed1c Ngh\u1ec7 Thu\u1eadt<\/a><\/p>\n<p><a href=\"https:\/\/worknow.vn\/vi\/nguoi-viet-quang-cao\/\">Ng\u01b0\u1eddi Vi\u1ebft Qu\u1ea3ng C\u00e1o<\/a><\/p>\n<p><a href=\"https:\/\/worknow.vn\/vi\/tro-ly-sang-tao\/\">Tr\u1ee3 L\u00fd S\u00e1ng T\u1ea1o<\/a><\/p>\n<p><a href=\"https:\/\/worknow.vn\/vi\/giam-doc-sang-tao\/\">Gi\u00e1m \u0110\u1ed1c S\u00e1ng T\u1ea1o<\/a>[\/vc_column_text][\/vc_column][vc_column width=&#8221;1\/4&#8243;][vc_column_text]<a href=\"https:\/\/worknow.vn\/vi\/chuyen-gia-marketing\/\">Chuy\u00ean Gia Marketing<\/a><\/p>\n<p><a href=\"https:\/\/worknow.vn\/vi\/nguoi-mua-phuong-tien-truyen-thong\/\">Ng\u01b0\u1eddi Mua Ph\u01b0\u01a1ng Ti\u1ec7n Truy\u1ec1n Th\u00f4ng<\/a><\/p>\n<p><a href=\"https:\/\/worknow.vn\/vi\/tro-ly-truyen-thong\/\">Tr\u1ee3 L\u00fd Truy\u1ec1n Th\u00f4ng<\/a><\/p>\n<p><a href=\"https:\/\/worknow.vn\/vi\/lap-ke-hoach-truyen-thong-vien\/\">Ng\u01b0\u1eddi L\u1eadp K\u1ebf Ho\u1ea1ch Truy\u1ec1n Th\u00f4ng<\/a><\/p>\n<p><a href=\"https:\/\/worknow.vn\/vi\/giam-doc-truyen-thong\/\">Gi\u00e1m \u0110\u1ed1c Truy\u1ec1n Th\u00f4ng<\/a><\/p>\n<p><a href=\"https:\/\/worknow.vn\/vi\/nghien-cuu-truyen-thong\/\">Nghi\u00ean C\u1ee9u Truy\u1ec1n Th\u00f4ng<\/a><\/p>\n<p><a href=\"https:\/\/worknow.vn\/vi\/quan-ly-chuong-trinh-khuyen-mai\/\">Qu\u1ea3n L\u00fd Ch\u01b0\u01a1ng Tr\u00ecnh Khuy\u1ebfn M\u00e3i<\/a><\/p>\n<p><a href=\"https:\/\/worknow.vn\/vi\/tro-ly-marketing\/\">Tr\u1ee3 L\u00fd Marketing<\/a>[\/vc_column_text][\/vc_column][vc_column width=&#8221;1\/4&#8243;][vc_column_text]<a href=\"https:\/\/worknow.vn\/vi\/dieu-phoi-vien-marketing\/\">\u0110i\u1ec1u Ph\u1ed1i Vi\u00ean Marketing<\/a><\/p>\n<p><a href=\"https:\/\/worknow.vn\/vi\/dieu-phoi-vien-quang-cao\/\">\u0110i\u1ec1u Ph\u1ed1i Vi\u00ean Qu\u1ea3ng C\u00e1o<\/a><\/p>\n<p><a href=\"https:\/\/worknow.vn\/vi\/dai-dien-ban-hang\/\">\u0110\u1ea1i Di\u1ec7n B\u00e1n H\u00e0ng<\/a><\/p>\n<p><a href=\"https:\/\/worknow.vn\/vi\/nguoi-viet-noi-dung\/\">Ng\u01b0\u1eddi Vi\u1ebft N\u1ed9i Dung<\/a><\/p>\n<p><a href=\"https:\/\/worknow.vn\/vi\/copywriter-cap-cao\/\">Copywriter C\u1ea5p Cao<\/a><\/p>\n<p><a href=\"https:\/\/worknow.vn\/vi\/thiet-ke-do-hoa\/\">Thi\u1ebft K\u1ebf \u0110\u1ed3 H\u1ecda<\/a><\/p>\n<p><a href=\"https:\/\/worknow.vn\/vi\/quan-ly-thuong-hieu\/\">Qu\u1ea3n L\u00fd Th\u01b0\u01a1ng Hi\u1ec7u<\/a><\/p>\n<p><a href=\"https:\/\/worknow.vn\/vi\/quan-ly-san-xuat\/\">Qu\u1ea3n L\u00fd S\u1ea3n Xu\u1ea5t<\/a>[\/vc_column_text][vc_empty_space height=&#8221;25px&#8221;][\/vc_column][vc_column width=&#8221;1\/4&#8243;][vc_column_text]<a href=\"https:\/\/worknow.vn\/vi\/quan-ly-hoat-dong-thuong-hieu\/\">Qu\u1ea3n L\u00fd Ho\u1ea1t \u0110\u1ed9ng Th\u01b0\u01a1ng Hi\u1ec7u<\/a><\/p>\n<p><a href=\"https:\/\/worknow.vn\/vi\/lien-ket-marketing\/\">Li\u00ean K\u1ebft Marketing<\/a><\/p>\n<p><a href=\"https:\/\/worknow.vn\/vi\/quan-ly-marketing-noi-dung\/\">Qu\u1ea3n L\u00fd Marketing N\u1ed9i Dung<\/a><\/p>\n<p><a href=\"https:\/\/worknow.vn\/vi\/nguoi-sang-tao-noi-dung\/\">Ng\u01b0\u1eddi S\u00e1ng T\u1ea1o N\u1ed9i Dung<\/a><\/p>\n<p><a href=\"https:\/\/worknow.vn\/vi\/quan-ly-marketing-ky-thuat-so\/\">Qu\u1ea3n L\u00fd Marketing K\u1ef9 Thu\u1eadt S\u1ed1<\/a><\/p>\n<p><a href=\"https:\/\/worknow.vn\/vi\/quan-ly-seo\/\">Qu\u1ea3n L\u00fd SEO<\/a><\/p>\n<p><a href=\"https:\/\/worknow.vn\/vi\/phan-tich-marketing-truyen-thong-xa-hoi\/\">Ph\u00e2n T\u00edch Marketing Truy\u1ec1n Th\u00f4ng X\u00e3 H\u1ed9i<\/a><\/p>\n<p><a href=\"https:\/\/worknow.vn\/vi\/quan-ly-marketing-truyen-thong-xa-hoi\/\">Qu\u1ea3n L\u00fd Marketing Truy\u1ec1n Th\u00f4ng X\u00e3 H\u1ed9i<\/a>[\/vc_column_text][\/vc_column][\/vc_row]\n<\/div>","protected":false},"excerpt":{"rendered":"<p>[vc_row top_margin=&#8221;0&#8243; bottom_margin=&#8221;0&#8243;][vc_column][vc_row_inner][vc_column_inner][vc_column_text]B\u00e1n h\u00e0ng l\u00e0 g\u00ec? B\u00e1n h\u00e0ng l\u00e0 qu\u00e1 tr\u00ecnh thuy\u1ebft ph\u1ee5c ng\u01b0\u1eddi ti\u00eau d\u00f9ng mua h\u00e0ng h\u00f3a ho\u1eb7c d\u1ecbch v\u1ee5. T\u1ea1i m\u1ed9t doanh nghi\u1ec7p, quy tr\u00ecnh b\u00e1n h\u00e0ng th\u01b0\u1eddng li\u00ean quan \u0111\u1ebfn vi\u1ec7c nh\u00e2n vi\u00ean b\u00e1n h\u00e0ng li\u00ean h\u1ec7 v\u1edbi nh\u1eefng kh\u00e1ch h\u00e0ng ti\u1ec1m n\u0103ng ph\u00f9 h\u1ee3p v\u1edbi h\u1ed3 s\u01a1 kh\u00e1ch h\u00e0ng c\u1ee7a [&hellip;]<\/p>\n","protected":false},"author":1,"featured_media":0,"parent":0,"menu_order":0,"comment_status":"closed","ping_status":"closed","template":"","meta":{"nf_dc_page":"","footnotes":""},"class_list":["post-6094","page","type-page","status-publish","hentry"],"_links":{"self":[{"href":"https:\/\/worknow.vn\/vi\/wp-json\/wp\/v2\/pages\/6094","targetHints":{"allow":["GET"]}}],"collection":[{"href":"https:\/\/worknow.vn\/vi\/wp-json\/wp\/v2\/pages"}],"about":[{"href":"https:\/\/worknow.vn\/vi\/wp-json\/wp\/v2\/types\/page"}],"author":[{"embeddable":true,"href":"https:\/\/worknow.vn\/vi\/wp-json\/wp\/v2\/users\/1"}],"replies":[{"embeddable":true,"href":"https:\/\/worknow.vn\/vi\/wp-json\/wp\/v2\/comments?post=6094"}],"version-history":[{"count":5,"href":"https:\/\/worknow.vn\/vi\/wp-json\/wp\/v2\/pages\/6094\/revisions"}],"predecessor-version":[{"id":12162,"href":"https:\/\/worknow.vn\/vi\/wp-json\/wp\/v2\/pages\/6094\/revisions\/12162"}],"wp:attachment":[{"href":"https:\/\/worknow.vn\/vi\/wp-json\/wp\/v2\/media?parent=6094"}],"curies":[{"name":"wp","href":"https:\/\/api.w.org\/{rel}","templated":true}]}}