{"id":6123,"date":"2017-07-19T07:00:11","date_gmt":"2017-07-19T07:00:11","guid":{"rendered":"https:\/\/colaw.vn\/notary-public-translation-certification\/"},"modified":"2023-06-02T10:01:31","modified_gmt":"2023-06-02T10:01:31","slug":"tai-chinh-va-ke-toan","status":"publish","type":"page","link":"https:\/\/worknow.vn\/vi\/tai-chinh-va-ke-toan\/","title":{"rendered":"T\u00e0i Ch\u00ednh &#038; K\u1ebf To\u00e1n"},"content":{"rendered":"<div class=\"wpb-content-wrapper\">[vc_row top_margin=&#8221;0&#8243; bottom_margin=&#8221;0&#8243;][vc_column]<div class=\"shortcode-wrapper shortcode-title clearfix hb-animate-element hb-fade-in\"><p style=\"color:#9f121b!important;border-color:#9f121b\" class=\"hb-text-large aligncenter\">T\u00e0i Ch\u00ednh &amp; K\u1ebf To\u00e1n<\/p><\/div>[vc_row_inner][vc_column_inner][vc_column_text]<strong>S\u1ef1 kh\u00e1c bi\u1ec7t l\u00e0 g\u00ec v\u00e0 ng\u00e0nh n\u00e0o ph\u00f9 h\u1ee3p v\u1edbi b\u1ea1n?<\/strong><\/p>\n<p>B\u1ea1n c\u00f3 c\u00e1ch l\u00e0m vi\u1ec7c v\u1edbi nh\u1eefng con s\u1ed1 v\u00e0 mong mu\u1ed1n theo \u0111u\u1ed5i s\u1ef1 nghi\u1ec7p trong hai ng\u00e0nh n\u00e0y. Nh\u01b0ng kh\u00e1c bi\u1ec7t gi\u1eefa t\u00e0i ch\u00ednh v\u00e0 k\u1ebf to\u00e1n l\u00e0 g\u00ec, hai trong s\u1ed1 nh\u1eefng b\u1eb1ng c\u1ea5p ph\u1ed5 bi\u1ebfn nh\u1ea5t? C\u00e2u tr\u1ea3 l\u1eddi nhanh l\u00e0 chuy\u00ean ng\u00e0nh k\u1ebf to\u00e1n t\u1eadp trung v\u00e0o c\u00e1c con s\u1ed1 c\u1ee5 th\u1ec3 trong ng\u00e2n s\u00e1ch, ki\u1ec3m to\u00e1n, thu\u1ebf, v.v., trong khi chuy\u00ean ng\u00e0nh t\u00e0i ch\u00ednh c\u00f3 ph\u1ea1m vi r\u1ed9ng h\u01a1n, bao g\u1ed3m m\u1ed9t lo\u1ea1t c\u00e1c chuy\u00ean ng\u00e0nh v\u1ec1 kinh doanh, kinh t\u1ebf v\u00e0 ng\u00e2n h\u00e0ng. H\u00e3y \u0111\u1ecdc ti\u1ebfp \u0111\u1ec3 t\u00ecm hi\u1ec3u th\u00eam v\u1ec1 t\u1eebng con \u0111\u01b0\u1eddng s\u1ef1 nghi\u1ec7p v\u00e0 con \u0111\u01b0\u1eddng n\u00e0o l\u00e0 t\u1ed1t nh\u1ea5t cho b\u1ea1n.<\/p>\n<p><strong>T\u00e0i ch\u00ednh l\u00e0 g\u00ec?<\/strong><\/p>\n<p>T\u00e0i ch\u00ednh l\u00e0 vi\u1ec7c s\u1eed d\u1ee5ng d\u1eef li\u1ec7u v\u00e0 th\u00f4ng tin t\u00e0i ch\u00ednh \u0111\u1ec3 qu\u1ea3n l\u00fd v\u00e0 ph\u00e2n t\u00edch c\u00e1c xu h\u01b0\u1edbng t\u00e0i ch\u00ednh li\u00ean quan \u0111\u1ebfn c\u00e1c kho\u1ea3n \u0111\u1ea7u t\u01b0 v\u00e0 c\u01a1 h\u1ed9i. V\u00ed d\u1ee5, c\u00e1c c\u1ed1 v\u1ea5n t\u00e0i ch\u00ednh t\u1eadp trung v\u00e0o l\u1ee3i t\u1ee9c \u0111\u1ea7u t\u01b0 (ROI) v\u00e0 c\u00e1c chi\u1ebfn l\u01b0\u1ee3c t\u1ed1i \u0111a h\u00f3a c\u00e1c kho\u1ea3n \u0111\u1ea7u t\u01b0. M\u1ed9t s\u1ed1 nhi\u1ec7m v\u1ee5 h\u00e0ng ng\u00e0y c\u1ee7a nh\u00e0 ph\u00e2n t\u00edch t\u00e0i ch\u00ednh l\u00e0 \u0111\u00e1nh gi\u00e1 d\u1eef li\u1ec7u t\u00e0i ch\u00ednh hi\u1ec7n t\u1ea1i v\u00e0 tr\u01b0\u1edbc \u0111\u00e2y, nghi\u00ean c\u1ee9u xu h\u01b0\u1edbng kinh doanh v\u00e0 kinh t\u1ebf, \u0111\u1ed3ng th\u1eddi \u0111\u1ec1 xu\u1ea5t c\u00e1c kho\u1ea3n \u0111\u1ea7u t\u01b0 v\u00e0 danh m\u1ee5c \u0111\u1ea7u t\u01b0 c\u00e1 nh\u00e2n d\u1ef1a tr\u00ean nghi\u00ean c\u1ee9u v\u00e0 xu h\u01b0\u1edbng.<\/p>\n<p>C\u00e1c c\u00f4ng vi\u1ec7c ph\u1ed5 bi\u1ebfn trong th\u1ebf gi\u1edbi t\u00e0i ch\u00ednh g\u1ed3m: Ng\u00e2n h\u00e0ng th\u01b0\u01a1ng m\u1ea1i, T\u01b0 v\u1ea5n t\u00e0i ch\u00ednh, Nh\u00e0 giao d\u1ecbch t\u00e0i ch\u00ednh, Qu\u1ea3n l\u00fd qu\u1ef9 ph\u00f2ng ng\u1eeba r\u1ee7i ro, Nh\u00e2n vi\u00ean ng\u00e2n h\u00e0ng \u0111\u1ea7u t\u01b0,<\/p>\n<p>Nh\u1eefng n\u01a1i l\u00e0m vi\u1ec7c ph\u1ed5 bi\u1ebfn cho c\u00e1c c\u00f4ng vi\u1ec7c t\u00e0i ch\u00ednh g\u1ed3m: Ng\u00e2n h\u00e0ng th\u01b0\u01a1ng m\u1ea1i, Hi\u1ec7p h\u1ed9i T\u00edn d\u1ee5ng, T\u1ed5 ch\u1ee9c th\u1ebf ch\u1ea5p, C\u00f4ng ty t\u00e0i ch\u00ednh, C\u01a1 quan qu\u1ea3n l\u00fd<\/p>\n<p><strong>K\u1ebf to\u00e1n l\u00e0 g\u00ec?<\/strong><\/p>\n<p>K\u1ebf to\u00e1n l\u00e0 qu\u00e1 tr\u00ecnh l\u01b0u gi\u1eef s\u1ed5 s\u00e1ch t\u00e0i ch\u00ednh, cho d\u00f9 \u0111\u00f3 l\u00e0 ng\u00e2n s\u00e1ch, ki\u1ec3m to\u00e1n hay thu\u1ebf. V\u1edbi vi\u1ec7c t\u1eadp trung v\u00e0o c\u00e1c con s\u1ed1 v\u00e0 b\u00e1o c\u00e1o t\u00e0i ch\u00ednh trong th\u1ebf gi\u1edbi kinh doanh, k\u1ebf to\u00e1n vi\u00ean v\u00e0 ki\u1ec3m to\u00e1n vi\u00ean qu\u1ea3n l\u00fd d\u00f2ng ti\u1ec1n h\u00e0ng ng\u00e0y trong t\u1ed5 ch\u1ee9c. M\u1ed9t s\u1ed1 tr\u00e1ch nhi\u1ec7m \u0111i\u1ec3n h\u00ecnh c\u1ee7a k\u1ebf to\u00e1n vi\u00ean ho\u1eb7c ki\u1ec3m to\u00e1n vi\u00ean bao g\u1ed3m ki\u1ec3m tra b\u00e1o c\u00e1o t\u00e0i ch\u00ednh, t\u00ednh thu\u1ebf, s\u1eafp x\u1ebfp v\u00e0 l\u01b0u gi\u1eef h\u1ed3 s\u01a1 t\u00e0i ch\u00ednh, \u0111\u1ed3ng th\u1eddi \u0111\u1ec1 xu\u1ea5t c\u00e1c c\u00e1ch th\u1ee9c gi\u1ea3m chi ph\u00ed, t\u0103ng doanh thu v\u00e0 c\u1ea3i thi\u1ec7n l\u1ee3i nhu\u1eadn.<\/p>\n<p>C\u00e1c c\u00f4ng vi\u1ec7c ph\u1ed5 bi\u1ebfn trong th\u1ebf gi\u1edbi k\u1ebf to\u00e1n g\u1ed3m: K\u1ebf to\u00e1n, Ki\u1ec3m to\u00e1n, Qu\u1ea3n tr\u1ecb ti\u1ec1n l\u01b0\u01a1ng, \u0110\u00e1nh gi\u00e1 r\u1ee7i ro, C\u1ed1 v\u1ea5n thu\u1ebf<\/p>\n<p>Nh\u1eefng n\u01a1i l\u00e0m vi\u1ec7c ph\u1ed5 bi\u1ebfn cho c\u00e1c c\u00f4ng vi\u1ec7c k\u1ebf to\u00e1n g\u1ed3m: C\u00f4ng ty CPA, C\u00f4ng ty k\u1ebf to\u00e1n c\u00f4ng, Doanh nghi\u1ec7p, C\u00f4ng ty t\u00e0i ch\u00ednh, C\u01a1 quan thu\u1ebf<\/p>\n<p><strong>S\u1ef1 kh\u00e1c bi\u1ec7t gi\u1eefa T\u00e0i ch\u00ednh v\u00e0 K\u1ebf to\u00e1n l\u00e0 g\u00ec?<\/strong><\/p>\n<p>K\u1ebf to\u00e1n l\u00e0 m\u1ed9t l\u0129nh v\u1ef1c h\u1eb9p h\u01a1n, t\u1eadp trung v\u00e0o c\u00e1c quy tr\u00ecnh chuy\u00ean m\u00f4n \u0111\u1ec3 qu\u1ea3n l\u00fd con s\u1ed1 v\u00e0 t\u00e0i kho\u1ea3n, trong khi t\u00e0i ch\u00ednh s\u1eed d\u1ee5ng th\u00f4ng tin t\u01b0\u01a1ng t\u1ef1 \u0111\u1ec3 ph\u00e2n t\u00edch c\u00e1c m\u00f4 h\u00ecnh t\u0103ng tr\u01b0\u1edfng ti\u1ec1m n\u0103ng nh\u1eb1m l\u1eadp chi\u1ebfn l\u01b0\u1ee3c t\u00e0i ch\u00ednh cho c\u00f4ng ty. M\u1eb7c d\u00f9 c\u00e1c l\u0129nh v\u1ef1c n\u00e0y nghe c\u00f3 v\u1ebb gi\u1ed1ng nhau v\u00e0 s\u1eed d\u1ee5ng c\u00e1c k\u1ef9 n\u0103ng t\u01b0\u01a1ng t\u1ef1, nh\u01b0ng ch\u00fang c\u00f3 nh\u1eefng \u0111i\u1ec3m kh\u00e1c bi\u1ec7t.<\/p>\n<p>S\u1ef1 kh\u00e1c bi\u1ec7t gi\u1eefa k\u1ebf to\u00e1n v\u00e0 t\u00e0i ch\u00ednh ph\u1ee5 thu\u1ed9c v\u00e0o c\u00e1ch b\u1ea1n mu\u1ed1n t\u01b0\u01a1ng t\u00e1c v\u1edbi t\u00e0i ch\u00ednh c\u1ee7a doanh nghi\u1ec7p. M\u1ed9t sinh vi\u00ean c\u00f3 b\u1eb1ng k\u1ebf to\u00e1n s\u1ebd s\u1eed d\u1ee5ng c\u00e1c nguy\u00ean t\u1eafc v\u00e0 quy tr\u00ecnh chuy\u00ean m\u00f4n \u0111\u1ec3 qu\u1ea3n l\u00fd c\u00e1c con s\u1ed1 h\u01a1n l\u00e0 t\u00e1c \u0111\u1ed9ng \u0111\u1ebfn ch\u00fang. M\u1eb7t kh\u00e1c, m\u1ed9t sinh vi\u00ean c\u00f3 b\u1eb1ng t\u00e0i ch\u00ednh s\u1ebd quan t\u00e2m nhi\u1ec1u h\u01a1n \u0111\u1ebfn chi\u1ebfn l\u01b0\u1ee3c v\u00e0 ki\u1ec3m so\u00e1t t\u00e0i ch\u00ednh, c\u0169ng nh\u01b0 c\u00e1ch h\u1ecd c\u00f3 th\u1ec3 \u0111\u1ea7u t\u01b0 m\u1ed9t c\u00e1ch kh\u00f4n ngoan d\u1ef1a tr\u00ean c\u00e1c xu h\u01b0\u1edbng t\u00e0i ch\u00ednh.[\/vc_column_text][vc_custom_heading text=&#8221;Th\u00f4ng tin chi ti\u1ebft cho t\u1eebng Ch\u1ee9c danh c\u00f4ng vi\u1ec7c:&#8221; font_container=&#8221;tag:h5|text_align:left|color:%231e1c19&#8243; google_fonts=&#8221;font_family:Alef%3Aregular%2C700|font_style:400%20regular%3A400%3Anormal&#8221;][\/vc_column_inner][\/vc_row_inner][\/vc_column][\/vc_row][vc_row][vc_column width=&#8221;1\/4&#8243;][vc_column_text css_animation=&#8221;bounceInUp&#8221;]<a href=\"https:\/\/worknow.vn\/vi\/kiem-soat-vien\/\">Ki\u1ec3m so\u00e1t vi\u00ean<\/a><\/p>\n<p><a href=\"https:\/\/worknow.vn\/vi\/quan-ly-tai-chinh\/\">Qu\u1ea3n L\u00fd T\u00e0i Ch\u00ednh<\/a><\/p>\n<p><a href=\"https:\/\/worknow.vn\/vi\/co-van-quan-ly\/\">C\u1ed1 V\u1ea5n Qu\u1ea3n L\u00fd<\/a><\/p>\n<p><a href=\"https:\/\/worknow.vn\/vi\/co-van-tai-chinh\/\">C\u1ed1 V\u1ea5n T\u00e0i Ch\u00ednh<\/a><\/p>\n<p><a href=\"https:\/\/worknow.vn\/vi\/phan-tich-tai-chinh\/\">Ph\u00e2n T\u00edch T\u00e0i Ch\u00ednh<\/a><\/p>\n<p><a href=\"https:\/\/worknow.vn\/vi\/ke-toan-truong\/\">Qu\u1ea3n L\u00fd K\u1ebf To\u00e1n<\/a><\/p>\n<p><a href=\"https:\/\/worknow.vn\/vi\/phan-tich-ngan-sach\/\">Ph\u00e2n T\u00edch Ng\u00e2n S\u00e1ch<\/a><\/p>\n<p><a href=\"https:\/\/worknow.vn\/vi\/phan-tich-tin-dung\/\">Ph\u00e2n T\u00edch T\u00edn D\u1ee5ng<\/a><\/p>\n<p><a href=\"https:\/\/worknow.vn\/vi\/ke-toan-vien\/\">K\u1ebf To\u00e1n Vi\u00ean<\/a>[\/vc_column_text][\/vc_column][vc_column width=&#8221;1\/4&#8243;][vc_column_text]<a href=\"https:\/\/worknow.vn\/vi\/kiem-toan-vien\/\">Ki\u1ec3m To\u00e1n Vi\u00ean<\/a><\/p>\n<p><a href=\"https:\/\/worknow.vn\/vi\/phan-tich-nguon-von\/\">Ph\u00e2n T\u00edch Ngu\u1ed3n V\u1ed1n<\/a><\/p>\n<p><a href=\"https:\/\/worknow.vn\/vi\/ke-toan-quy\/\">K\u1ebf To\u00e1n Qu\u1ef9<\/a><\/p>\n<p><a href=\"https:\/\/worknow.vn\/vi\/uoc-tinh-chi-phi\/\">\u01af\u1edbc T\u00ednh Chi Ph\u00ed<\/a><\/p>\n<p><a href=\"https:\/\/worknow.vn\/vi\/co-van-thue\/\">C\u1ed1 V\u1ea5n Thu\u1ebf<\/a><\/p>\n<p><a href=\"https:\/\/worknow.vn\/vi\/ke-toan-dieu-tra\/\">K\u1ebf To\u00e1n \u0110i\u1ec1u Tra<\/a><\/p>\n<p><a href=\"https:\/\/worknow.vn\/vi\/tham-dinh-vien\/\">Th\u1ea9m \u0110\u1ecbnh Vi\u00ean<\/a><\/p>\n<p><a href=\"https:\/\/worknow.vn\/vi\/ke-toan-thue\/\">K\u1ebf To\u00e1n Thu\u1ebf<\/a><\/p>\n<p><a href=\"https:\/\/worknow.vn\/vi\/luat-su-thue\/\">Lu\u1eadt S\u01b0 Thu\u1ebf<\/a>[\/vc_column_text][\/vc_column][vc_column width=&#8221;1\/4&#8243;][vc_column_text]<a href=\"https:\/\/worknow.vn\/vi\/nguoi-khai-thue\/\">Ng\u01b0\u1eddi Khai Thu\u1ebf<\/a><\/p>\n<p><a href=\"https:\/\/worknow.vn\/vi\/ke-toan-so-va-tro-ly-ke-toan\/\">K\u1ebf To\u00e1n S\u1ed5 V\u00e0 Tr\u1ee3 L\u00fd K\u1ebf To\u00e1n<\/a><\/p>\n<p><a href=\"https:\/\/worknow.vn\/vi\/ke-toan-no-va-tro-ly-cong-no\/\">K\u1ebf To\u00e1n N\u1ee3 V\u00e0 Tr\u1ee3 L\u00fd C\u00f4ng N\u1ee3<\/a><\/p>\n<p><a href=\"https:\/\/worknow.vn\/vi\/ke-toan-von\/\">K\u1ebf To\u00e1n V\u1ed1n<\/a><\/p>\n<p><a href=\"https:\/\/worknow.vn\/vi\/kiem-soat-vien-tai-chinh\/\">Ki\u1ec3m So\u00e1t Vi\u00ean T\u00e0i Ch\u00ednh<\/a><\/p>\n<p><a href=\"https:\/\/worknow.vn\/vi\/ke-toan-moi-truong\/\">K\u1ebf To\u00e1n M\u00f4i Tr\u01b0\u1eddng<\/a><\/p>\n<div class=\"shortcode-wrapper shortcode-title clearfix hb-animate-element hb-fade-in hb-in-viewport\">\n<p><a href=\"https:\/\/worknow.vn\/vi\/ke-toan-luong\/\">K\u1ebf To\u00e1n L\u01b0\u01a1ng<\/a><\/p>\n<p><a href=\"https:\/\/worknow.vn\/vi\/ke-hoach-vien-tai-chinh\/\">K\u1ebf Ho\u1ea1ch Vi\u00ean T\u00e0i Ch\u00ednh<\/a><\/p>\n<p><a href=\"https:\/\/worknow.vn\/vi\/tu-van-thue\/\">T\u01b0 V\u1ea5n Thu\u1ebf<\/a><\/p>\n<\/div>\n<div class=\"vc_row element-row vc_inner row\">\n<div class=\"wpb_column vc_column_container vc_col-sm-12\">\n<div class=\"vc_column-inner\">\n<div class=\"wpb_wrapper\"><\/div>\n<\/div>\n<\/div>\n<\/div>\n[\/vc_column_text][vc_empty_space height=&#8221;25px&#8221;][\/vc_column][vc_column width=&#8221;1\/4&#8243;][vc_column_text]<a href=\"https:\/\/worknow.vn\/vi\/co-van-the-chap\/\">C\u1ed1 V\u1ea5n Th\u1ebf Ch\u1ea5p<\/a><\/p>\n<p><a href=\"https:\/\/worknow.vn\/vi\/phan-tich-du-lieu\/\">Ph\u00e2n T\u00edch D\u1eef Li\u1ec7u<\/a><\/p>\n<p><a href=\"https:\/\/worknow.vn\/vi\/giam-doc-phat-trien-kinh-doanh\/\">Gi\u00e1m \u0110\u1ed1c Ph\u00e1t Tri\u1ec3n Kinh Doanh<\/a><\/p>\n<p><a href=\"https:\/\/worknow.vn\/vi\/quan-ly-mua-hang\/\">Qu\u1ea3n L\u00fd Mua H\u00e0ng<\/a><\/p>\n<p><a href=\"https:\/\/worknow.vn\/vi\/quan-ly-ke-toan-chi-phi\/\">Qu\u1ea3n L\u00fd K\u1ebf To\u00e1n Chi Ph\u00ed<\/a><\/p>\n<p><a href=\"https:\/\/worknow.vn\/vi\/chuyen-gia-kinh-te\/\">Chuy\u00ean Gia Kinh T\u1ebf<\/a><\/p>\n<p><a href=\"https:\/\/worknow.vn\/vi\/chuyen-vien-dinh-phi-bao-hiem\/\">Chuy\u00ean Vi\u00ean \u0110\u1ecbnh Ph\u00ed B\u1ea3o Hi\u1ec3m<\/a><\/p>\n<p><a href=\"https:\/\/worknow.vn\/vi\/giam-doc-tai-chinh\/\">Gi\u00e1m \u0110\u1ed1c T\u00e0i Ch\u00ednh<\/a>[\/vc_column_text][\/vc_column][\/vc_row]\n<\/div>","protected":false},"excerpt":{"rendered":"<p>[vc_row top_margin=&#8221;0&#8243; bottom_margin=&#8221;0&#8243;][vc_column][vc_row_inner][vc_column_inner][vc_column_text]S\u1ef1 kh\u00e1c bi\u1ec7t l\u00e0 g\u00ec v\u00e0 ng\u00e0nh n\u00e0o ph\u00f9 h\u1ee3p v\u1edbi b\u1ea1n? B\u1ea1n c\u00f3 c\u00e1ch l\u00e0m vi\u1ec7c v\u1edbi nh\u1eefng con s\u1ed1 v\u00e0 mong mu\u1ed1n theo \u0111u\u1ed5i s\u1ef1 nghi\u1ec7p trong hai ng\u00e0nh n\u00e0y. Nh\u01b0ng kh\u00e1c bi\u1ec7t gi\u1eefa t\u00e0i ch\u00ednh v\u00e0 k\u1ebf to\u00e1n l\u00e0 g\u00ec, hai trong s\u1ed1 nh\u1eefng b\u1eb1ng c\u1ea5p ph\u1ed5 bi\u1ebfn nh\u1ea5t? C\u00e2u [&hellip;]<\/p>\n","protected":false},"author":1,"featured_media":0,"parent":0,"menu_order":0,"comment_status":"closed","ping_status":"closed","template":"","meta":{"nf_dc_page":"","footnotes":""},"class_list":["post-6123","page","type-page","status-publish","hentry"],"_links":{"self":[{"href":"https:\/\/worknow.vn\/vi\/wp-json\/wp\/v2\/pages\/6123","targetHints":{"allow":["GET"]}}],"collection":[{"href":"https:\/\/worknow.vn\/vi\/wp-json\/wp\/v2\/pages"}],"about":[{"href":"https:\/\/worknow.vn\/vi\/wp-json\/wp\/v2\/types\/page"}],"author":[{"embeddable":true,"href":"https:\/\/worknow.vn\/vi\/wp-json\/wp\/v2\/users\/1"}],"replies":[{"embeddable":true,"href":"https:\/\/worknow.vn\/vi\/wp-json\/wp\/v2\/comments?post=6123"}],"version-history":[{"count":7,"href":"https:\/\/worknow.vn\/vi\/wp-json\/wp\/v2\/pages\/6123\/revisions"}],"predecessor-version":[{"id":12176,"href":"https:\/\/worknow.vn\/vi\/wp-json\/wp\/v2\/pages\/6123\/revisions\/12176"}],"wp:attachment":[{"href":"https:\/\/worknow.vn\/vi\/wp-json\/wp\/v2\/media?parent=6123"}],"curies":[{"name":"wp","href":"https:\/\/api.w.org\/{rel}","templated":true}]}}