{"id":6126,"date":"2017-07-19T06:55:49","date_gmt":"2017-07-19T06:55:49","guid":{"rendered":"https:\/\/colaw.vn\/supply-of-your-own-lawyer\/"},"modified":"2023-05-09T06:16:02","modified_gmt":"2023-05-09T06:16:02","slug":"dich-thuat-phien-dich","status":"publish","type":"page","link":"https:\/\/worknow.vn\/vi\/dich-thuat-phien-dich\/","title":{"rendered":"D\u1ecbch thu\u1eadt &#038; Phi\u00ean d\u1ecbch"},"content":{"rendered":"<div class=\"wpb-content-wrapper\">[vc_row top_margin=&#8221;0&#8243; bottom_margin=&#8221;0&#8243;][vc_column]<div class=\"shortcode-wrapper shortcode-title clearfix hb-animate-element hb-fade-in\"><p style=\"color:#9f121b!important;border-color:#9f121b\" class=\"hb-text-large aligncenter\">D\u1ecbch thu\u1eadt &amp; Phi\u00ean d\u1ecbch<\/p><\/div>[vc_row_inner][vc_column_inner][vc_column_text]\n<p style=\"margin: 0in; background: #F9F9F9; vertical-align: baseline;\"><span style=\"font-size: 10.5pt; font-family: 'Arial',sans-serif; color: #222222;\"><strong>D\u1ecbch thu\u1eadt l\u00e0 g\u00ec?<\/strong><\/span><\/p>\n<p style=\"margin: 0in; background: #F9F9F9; vertical-align: baseline;\"><span style=\"font-size: 10.5pt; font-family: 'Arial',sans-serif; color: #222222;\">D\u1ecbch thu\u1eadt l\u00e0 qu\u00e1 tr\u00ecnh thay \u0111\u1ed5i m\u1ed9t v\u0103n b\u1ea3n vi\u1ebft t\u1eeb ng\u00f4n ng\u1eef n\u00e0y sang ng\u00f4n ng\u1eef kh\u00e1c. M\u1ed9t b\u1ea3n d\u1ecbch th\u00e0nh c\u00f4ng truy\u1ec1n \u0111\u1ea1t th\u00f4ng \u0111i\u1ec7p v\u00e0 \u00fd ngh\u0129a c\u1ee7a v\u0103n b\u1ea3n g\u1ed1c m\u1ed9t c\u00e1ch hi\u1ec7u qu\u1ea3. M\u1ed9t d\u1ecbch gi\u1ea3 chuy\u00ean nghi\u1ec7p chuy\u1ec3n \u0111\u1ed5i c\u00e1c v\u0103n b\u1ea3n vi\u1ebft sang m\u1ed9t ng\u00f4n ng\u1eef m\u1edbi. C\u00f4ng vi\u1ec7c n\u00e0y c\u00f3 th\u1ec3 bao g\u1ed3m b\u1ea5t c\u1ee9 t\u00e0i li\u1ec7u g\u00ec, t\u1eeb t\u00e0i li\u1ec7u qu\u1ea3ng c\u00e1o v\u00e0 b\u1ea3ng hi\u1ec7u \u0111\u1ebfn trang web v\u00e0 s\u00e1ch.<br \/>\nBi\u00ean d\u1ecbch th\u01b0\u1eddng l\u00e0 chuy\u00ean gia trong m\u1ed9t s\u1ed1 l\u0129nh v\u1ef1c ng\u00e0nh nh\u1ea5t \u0111\u1ecbnh. Chuy\u00ean ng\u00e0nh n\u00e0y cung c\u1ea5p cho h\u1ecd \u0111\u1ee7 ki\u1ebfn th\u1ee9c n\u1ec1n t\u1ea3ng \u0111\u1ec3 n\u1eafm \u0111\u01b0\u1ee3c ngh\u0129a c\u1ee7a m\u1ed9t v\u0103n b\u1ea3n nh\u1ea5t \u0111\u1ecbnh v\u00e0 d\u1ecbch sang ng\u00f4n ng\u1eef \u0111\u00edch m\u1ed9t c\u00e1ch ch\u00ednh x\u00e1c nh\u1ea5t.<\/span><\/p>\n<p style=\"margin: 0in; background: #F9F9F9; vertical-align: baseline;\"><span style=\"font-size: 10.5pt; font-family: 'Arial',sans-serif; color: #222222;\"><strong>Phi\u00ean d\u1ecbch l\u00e0 g\u00ec?<\/strong><br \/>\n<\/span><\/p>\n<p style=\"margin: 0in; background: #F9F9F9; vertical-align: baseline;\"><span style=\"font-size: 10.5pt; font-family: 'Arial',sans-serif; color: #222222;\">Phi\u00ean d\u1ecbch l\u00e0 h\u00e0nh \u0111\u1ed9ng chuy\u1ec3n \u0111\u1ed5i l\u1eddi n\u00f3i t\u1eeb ng\u00f4n ng\u1eef n\u00e0y sang ng\u00f4n ng\u1eef kh\u00e1c trong th\u1eddi gian th\u1ef1c, th\u01b0\u1eddng \u0111\u01b0\u1ee3c th\u1ef1c hi\u1ec7n b\u1edfi phi\u00ean d\u1ecbch vi\u00ean chuy\u00ean nghi\u1ec7p. Phi\u00ean d\u1ecbch c\u00f3 th\u1ec3 di\u1ec5n ra tr\u1ef1c ti\u1ebfp, qua \u0111i\u1ec7n tho\u1ea1i, th\u00f4ng qua phi\u00ean d\u1ecbch qua \u0111i\u1ec7n tho\u1ea1i (OPI) ho\u1eb7c th\u00f4ng qua cu\u1ed9c g\u1ecdi video.<\/span><\/p>\n[\/vc_column_text][vc_custom_heading text=&#8221;Th\u00f4ng tin chi ti\u1ebft cho t\u1eebng Ch\u1ee9c danh c\u00f4ng vi\u1ec7c:&#8221; font_container=&#8221;tag:h5|text_align:left|color:%231e1c19&#8243; google_fonts=&#8221;font_family:Alef%3Aregular%2C700|font_style:400%20regular%3A400%3Anormal&#8221;][\/vc_column_inner][\/vc_row_inner][\/vc_column][\/vc_row][vc_row][vc_column width=&#8221;1\/4&#8243;][vc_column_text]<a href=\"https:\/\/worknow.vn\/vi\/tro-ly-phien-dich\/\">Tr\u1ee3 L\u00fd Phi\u00ean D\u1ecbch<\/a><\/p>\n<p><a href=\"https:\/\/worknow.vn\/vi\/phien-dich-tu-do\/\">Phi\u00ean D\u1ecbch T\u1ef1 Do<\/a><\/p>\n<p><a href=\"https:\/\/worknow.vn\/vi\/viet-bai-vien\/\">Vi\u1ebft B\u00e0i Vi\u00ean<\/a><\/p>\n<p><a href=\"https:\/\/worknow.vn\/vi\/co-van-van-hoa\/\">C\u1ed1 V\u1ea5n V\u0103n H\u00f3a<\/a><\/p>\n<p><a href=\"https:\/\/worknow.vn\/vi\/dieu-phoi-vien-su-kien\/\">\u0110i\u1ec1u Ph\u1ed1i Vi\u00ean S\u1ef1 Ki\u1ec7n<\/a>[\/vc_column_text][\/vc_column][vc_column width=&#8221;1\/4&#8243;][vc_column_text]<a href=\"https:\/\/worknow.vn\/vi\/huong-dan-vien-du-lich\/\">H\u01b0\u1edbng D\u1eabn Vi\u00ean Du L\u1ecbch<\/a><\/p>\n<p><a href=\"https:\/\/worknow.vn\/vi\/nha-phan-tich-mang-xa-hoi\/\">Nh\u00e0 Ph\u00e2n T\u00edch M\u1ea1ng X\u00e3 H\u1ed9i<\/a><\/p>\n<p><a href=\"https:\/\/worknow.vn\/vi\/kiem-tra-tro-choi-vien\/\">Ki\u1ec3m Tra Tr\u00f2 Ch\u01a1i Vi\u00ean<\/a><\/p>\n<p><a href=\"https:\/\/worknow.vn\/vi\/thong-dich-vien-cong-dong\/\">Th\u00f4ng D\u1ecbch Vi\u00ean C\u1ed9ng \u0110\u1ed3ng<\/a><\/p>\n<p><a href=\"https:\/\/worknow.vn\/vi\/phien-dich-hoi-nghi\/\">Phi\u00ean D\u1ecbch H\u1ed9i Ngh\u1ecb<\/a>[\/vc_column_text][\/vc_column][vc_column width=&#8221;1\/4&#8243;][vc_column_text]<a href=\"https:\/\/worknow.vn\/vi\/phien-dich-vien-ngon-ngu-ky-hieu\/\">Phi\u00ean D\u1ecbch Vi\u00ean Ng\u00f4n Ng\u1eef K\u00fd Hi\u1ec7u<\/a><\/p>\n<p><a href=\"https:\/\/worknow.vn\/vi\/thong-dich-vien-va-bien-phien-dich-vien-cham-soc-suc-khoe-hoac-y-te\/\">Th\u00f4ng D\u1ecbch Vi\u00ean V\u00e0 Bi\u00ean Phi\u00ean D\u1ecbch Vi\u00ean Ch\u0103m S\u00f3c S\u1ee9c Kh\u1ecfe Ho\u1eb7c Y T\u1ebf<\/a><\/p>\n<p><a href=\"https:\/\/worknow.vn\/vi\/lien-lac-vien-hoac-thong-dich-vien-ho-tong\/\">Li\u00ean L\u1ea1c Vi\u00ean Ho\u1eb7c Th\u00f4ng D\u1ecbch Vi\u00ean H\u1ed9 T\u1ed1ng<\/a><\/p>\n<p><a href=\"https:\/\/worknow.vn\/vi\/thong-dich-vien-va-bien-dich-vien-phap-ly-hoac-tu-phap\/\">Th\u00f4ng D\u1ecbch Vi\u00ean V\u00e0 Bi\u00ean D\u1ecbch Vi\u00ean Ph\u00e1p L\u00fd Ho\u1eb7c T\u01b0 Ph\u00e1p<\/a><\/p>\n<p><a href=\"https:\/\/worknow.vn\/vi\/dich-gia-van-hoc\/\">D\u1ecbch Gi\u1ea3 V\u0103n H\u1ecdc<\/a>[\/vc_column_text][vc_empty_space height=&#8221;25px&#8221;][\/vc_column][vc_column width=&#8221;1\/4&#8243;][vc_column_text]<a href=\"https:\/\/worknow.vn\/vi\/thong-dich-vien-ba-thu-tieng\/\">Th\u00f4ng D\u1ecbch Vi\u00ean Ba Th\u1ee9 Ti\u1ebfng<\/a><\/p>\n<p><a href=\"https:\/\/worknow.vn\/vi\/dieu-phoi-thong-dich-vien\/\">\u0110i\u1ec1u Ph\u1ed1i Th\u00f4ng D\u1ecbch Vi\u00ean<\/a><\/p>\n<p><a href=\"https:\/\/worknow.vn\/vi\/thong-dich-vien-giao-duc\/\">Th\u00f4ng D\u1ecbch Vi\u00ean Gi\u00e1o D\u1ee5c<\/a><\/p>\n<p><a href=\"https:\/\/worknow.vn\/vi\/thong-dich-vien-ho-tong\/\">Th\u00f4ng D\u1ecbch Vi\u00ean H\u1ed9 T\u1ed1ng<\/a><\/p>\n<p><a href=\"https:\/\/worknow.vn\/vi\/bien-dich-va-phien-dich-tu-phap\/\">Bi\u00ean D\u1ecbch V\u00e0 Phi\u00ean D\u1ecbch T\u01b0 Ph\u00e1p<\/a>[\/vc_column_text][\/vc_column][\/vc_row]\n<\/div>","protected":false},"excerpt":{"rendered":"<p>[vc_row top_margin=&#8221;0&#8243; bottom_margin=&#8221;0&#8243;][vc_column][vc_row_inner][vc_column_inner][vc_column_text] D\u1ecbch thu\u1eadt l\u00e0 g\u00ec? D\u1ecbch thu\u1eadt l\u00e0 qu\u00e1 tr\u00ecnh thay \u0111\u1ed5i m\u1ed9t v\u0103n b\u1ea3n vi\u1ebft t\u1eeb ng\u00f4n ng\u1eef n\u00e0y sang ng\u00f4n ng\u1eef kh\u00e1c. M\u1ed9t b\u1ea3n d\u1ecbch th\u00e0nh c\u00f4ng truy\u1ec1n \u0111\u1ea1t th\u00f4ng \u0111i\u1ec7p v\u00e0 \u00fd ngh\u0129a c\u1ee7a v\u0103n b\u1ea3n g\u1ed1c m\u1ed9t c\u00e1ch hi\u1ec7u qu\u1ea3. M\u1ed9t d\u1ecbch gi\u1ea3 chuy\u00ean nghi\u1ec7p chuy\u1ec3n \u0111\u1ed5i c\u00e1c v\u0103n [&hellip;]<\/p>\n","protected":false},"author":1,"featured_media":0,"parent":0,"menu_order":0,"comment_status":"closed","ping_status":"closed","template":"","meta":{"nf_dc_page":"","footnotes":""},"class_list":["post-6126","page","type-page","status-publish","hentry"],"_links":{"self":[{"href":"https:\/\/worknow.vn\/vi\/wp-json\/wp\/v2\/pages\/6126","targetHints":{"allow":["GET"]}}],"collection":[{"href":"https:\/\/worknow.vn\/vi\/wp-json\/wp\/v2\/pages"}],"about":[{"href":"https:\/\/worknow.vn\/vi\/wp-json\/wp\/v2\/types\/page"}],"author":[{"embeddable":true,"href":"https:\/\/worknow.vn\/vi\/wp-json\/wp\/v2\/users\/1"}],"replies":[{"embeddable":true,"href":"https:\/\/worknow.vn\/vi\/wp-json\/wp\/v2\/comments?post=6126"}],"version-history":[{"count":6,"href":"https:\/\/worknow.vn\/vi\/wp-json\/wp\/v2\/pages\/6126\/revisions"}],"predecessor-version":[{"id":11457,"href":"https:\/\/worknow.vn\/vi\/wp-json\/wp\/v2\/pages\/6126\/revisions\/11457"}],"wp:attachment":[{"href":"https:\/\/worknow.vn\/vi\/wp-json\/wp\/v2\/media?parent=6126"}],"curies":[{"name":"wp","href":"https:\/\/api.w.org\/{rel}","templated":true}]}}