{"id":6142,"date":"2017-07-19T06:58:51","date_gmt":"2017-07-19T06:58:51","guid":{"rendered":"https:\/\/colaw.vn\/supply-of-multilingual-interpreter\/"},"modified":"2023-06-02T09:10:07","modified_gmt":"2023-06-02T09:10:07","slug":"nhan-su","status":"publish","type":"page","link":"https:\/\/worknow.vn\/vi\/nhan-su\/","title":{"rendered":"Nh\u00e2n S\u1ef1"},"content":{"rendered":"<div class=\"wpb-content-wrapper\">[vc_row top_margin=&#8221;0&#8243; bottom_margin=&#8221;0&#8243;][vc_column]<div class=\"shortcode-wrapper shortcode-title clearfix hb-animate-element hb-fade-in\"><p style=\"color:#9f121b!important;border-color:#9f121b\" class=\"hb-text-large aligncenter\">Nh\u00e2n S\u1ef1<\/p><\/div>[vc_row_inner][vc_column_inner][vc_column_text]Qu\u1ea3n l\u00fd nh\u00e2n s\u1ef1 (HRM) l\u00e0 qu\u00e1 tr\u00ecnh tuy\u1ec3n d\u1ee5ng con ng\u01b0\u1eddi, \u0111\u00e0o t\u1ea1o, tr\u1ea3 l\u01b0\u01a1ng, x\u00e2y d\u1ef1ng c\u00e1c ch\u00ednh s\u00e1ch li\u00ean quan \u0111\u1ebfn h\u1ecd v\u00e0 x\u00e2y d\u1ef1ng c\u00e1c chi\u1ebfn l\u01b0\u1ee3c \u0111\u1ec3 gi\u1eef ch\u00e2n h\u1ecd. L\u00e0 m\u1ed9t l\u0129nh v\u1ef1c, Qu\u1ea3n l\u00fd nh\u00e2n s\u1ef1 \u0111\u00e3 c\u00f3 nhi\u1ec1u thay \u0111\u1ed5i trong h\u01a1n hai m\u01b0\u01a1i n\u0103m qua, c\u00f3 vai tr\u00f2 quan tr\u1ecdng h\u01a1n trong c\u00e1c t\u1ed5 ch\u1ee9c hi\u1ec7n nay. Tr\u01b0\u1edbc \u0111\u00e2y, Qu\u1ea3n l\u00fd nh\u00e2n s\u1ef1 c\u00f3 ngh\u0129a l\u00e0 x\u1eed l\u00fd ti\u1ec1n l\u01b0\u01a1ng, g\u1eedi qu\u00e0 sinh nh\u1eadt cho nh\u00e2n vi\u00ean, s\u1eafp x\u1ebfp c\u00e1c chuy\u1ebfn \u0111i ch\u01a1i c\u1ee7a c\u00f4ng ty v\u00e0 \u0111\u1ea3m b\u1ea3o c\u00e1c bi\u1ec3u m\u1eabu \u0111\u01b0\u1ee3c \u0111i\u1ec1n ch\u00ednh x\u00e1c; n\u00f3i c\u00e1ch kh\u00e1c, vai tr\u00f2 h\u00e0nh ch\u00ednh nhi\u1ec1u h\u01a1n l\u00e0 vai tr\u00f2 chi\u1ebfn l\u01b0\u1ee3c c\u00f3 \u00fd ngh\u0129a quan tr\u1ecdng \u0111\u1ed1i v\u1edbi s\u1ef1 th\u00e0nh c\u00f4ng c\u1ee7a t\u1ed5 ch\u1ee9c.<\/p>\n[\/vc_column_text][vc_custom_heading text=&#8221;Th\u00f4ng tin chi ti\u1ebft cho t\u1eebng Ch\u1ee9c danh c\u00f4ng vi\u1ec7c:&#8221; font_container=&#8221;tag:h5|text_align:left|color:%231e1c19&#8243; google_fonts=&#8221;font_family:Alef%3Aregular%2C700|font_style:400%20regular%3A400%3Anormal&#8221;][\/vc_column_inner][\/vc_row_inner][\/vc_column][\/vc_row][vc_row][vc_column width=&#8221;1\/4&#8243;][vc_column_text]<a href=\"https:\/\/worknow.vn\/vi\/giam-doc-dieu-hanh-2\/\">Gi\u00e1m \u0110\u1ed1c \u0110i\u1ec1u H\u00e0nh<\/a><\/p>\n<p><a href=\"https:\/\/worknow.vn\/vi\/nhan-su-tong-quat\/\">Nh\u00e2n S\u1ef1 T\u1ed5ng Qu\u00e1t<\/a><\/p>\n<p><a href=\"https:\/\/worknow.vn\/vi\/tuyen-dung-vien\/\">Tuy\u1ec3n D\u1ee5ng Vi\u00ean<\/a><\/p>\n<p><a href=\"https:\/\/worknow.vn\/vi\/cong-ty-tuyen-dung\/\">C\u00f4ng Ty Tuy\u1ec3n D\u1ee5ng<\/a><\/p>\n<p><a href=\"https:\/\/worknow.vn\/vi\/truong-phong-nhan-su\/\">Tr\u01b0\u1edfng Ph\u00f2ng Nh\u00e2n S\u1ef1<\/a><\/p>\n<p><a href=\"https:\/\/worknow.vn\/vi\/tro-ly-nhan-su\/\">Tr\u1ee3 L\u00fd Nh\u00e2n S\u1ef1<\/a><\/p>\n<p><a href=\"https:\/\/worknow.vn\/vi\/dieu-phoi-vien-nhan-su\/\">\u0110i\u1ec1u Ph\u1ed1i Vi\u00ean Nh\u00e2n S\u1ef1<\/a><\/p>\n<p><a href=\"https:\/\/worknow.vn\/vi\/chuyen-vien-tuyen-dung-cap-cao\/\">Chuy\u00ean Vi\u00ean Tuy\u1ec3n D\u1ee5ng C\u1ea5p Cao<\/a>[\/vc_column_text][\/vc_column][vc_column width=&#8221;1\/4&#8243;][vc_column_text]<a href=\"https:\/\/worknow.vn\/vi\/doi-tac-kinh-doanh-nhan-su\/\">\u0110\u1ed1i T\u00e1c Kinh Doanh Nh\u00e2n S\u1ef1<\/a><\/p>\n<p><a href=\"https:\/\/worknow.vn\/vi\/chuyen-gia-nhan-su\/\">Chuy\u00ean Gia Nh\u00e2n S\u1ef1<\/a><\/p>\n<p><a href=\"https:\/\/worknow.vn\/vi\/quan-ly-tai-nguyen\/\">Qu\u1ea3n L\u00fd T\u00e0i Nguy\u00ean<\/a><\/p>\n<p><a href=\"https:\/\/worknow.vn\/vi\/chuyen-vien-phan-tich-nhan-su\/\">Chuy\u00ean Vi\u00ean Ph\u00e2n T\u00edch Nh\u00e2n S\u1ef1<\/a><\/p>\n<p><a href=\"https:\/\/worknow.vn\/vi\/quan-tri-vien-nhan-su\/\">Qu\u1ea3n Tr\u1ecb Vi\u00ean Nh\u00e2n S\u1ef1<\/a><\/p>\n<p><a href=\"https:\/\/worknow.vn\/vi\/tuyen-dung-ky-thuat-vien\/\">Tuy\u1ec3n D\u1ee5ng K\u1ef9 Thu\u1eadt Vi\u00ean<\/a><\/p>\n<p><a href=\"https:\/\/worknow.vn\/vi\/giam-doc-tuyen-dung\/\">Gi\u00e1m \u0110\u1ed1c Tuy\u1ec3n D\u1ee5ng<\/a>[\/vc_column_text][\/vc_column][vc_column width=&#8221;1\/4&#8243;][vc_column_text]<a href=\"https:\/\/worknow.vn\/vi\/giam-doc-nhan-su\/\">Gi\u00e1m \u0110\u1ed1c Nh\u00e2n S\u1ef1<\/a><\/p>\n<p><a href=\"https:\/\/worknow.vn\/vi\/quan-ly-thong-tin-nhan-su\/\">Qu\u1ea3n L\u00fd Th\u00f4ng Tin Nh\u00e2n S\u1ef1<\/a><\/p>\n<p><a href=\"https:\/\/worknow.vn\/vi\/tro-ly-hanh-chinh-nhan-su\/\">Tr\u1ee3 L\u00fd H\u00e0nh Ch\u00ednh Nh\u00e2n S\u1ef1<\/a><\/p>\n<p><a href=\"https:\/\/worknow.vn\/vi\/nhan-su-dieu-hanh\/\">Nh\u00e2n S\u1ef1 \u0110i\u1ec1u H\u00e0nh<\/a><\/p>\n<p><a href=\"https:\/\/worknow.vn\/vi\/quan-ly-quan-he-nhan-su\/\">Qu\u1ea3n L\u00fd Quan H\u1ec7 Nh\u00e2n S\u1ef1<\/a><\/p>\n<p><a href=\"https:\/\/worknow.vn\/vi\/phan-tich-luong-lao-dong\/\">Ph\u00e2n T\u00edch L\u01b0\u1ee3ng Lao \u0110\u1ed9ng<\/a><\/p>\n<p><a href=\"https:\/\/worknow.vn\/vi\/chuyen-gia-viec-lam\/\">Chuy\u00ean Gia Vi\u1ec7c L\u00e0m<\/a><\/p>\n[\/vc_column_text][vc_empty_space height=&#8221;25px&#8221;][\/vc_column][vc_column width=&#8221;1\/4&#8243;][vc_column_text]<a href=\"https:\/\/worknow.vn\/vi\/chuyen-gia-quan-he-lao-dong\/\">Chuy\u00ean Gia Quan H\u1ec7 Lao \u0110\u1ed9ng<\/a><\/p>\n<p><a href=\"https:\/\/worknow.vn\/vi\/sourcer\/\">Sourcer<\/a><\/p>\n<p><a href=\"https:\/\/worknow.vn\/vi\/huan-luyen-vien\/\">Hu\u1ea5n Luy\u1ec7n Vi\u00ean<\/a><\/p>\n<p><a href=\"https:\/\/worknow.vn\/vi\/chuyen-gia-tim-kiem-tai-nang\/\">Chuy\u00ean Gia T\u00ecm Ki\u1ebfm T\u00e0i N\u0103ng<\/a><\/p>\n<p><a href=\"https:\/\/worknow.vn\/vi\/giam-doc-da-dang\/\">Gi\u00e1m \u0110\u1ed1c \u0110a D\u1ea1ng<\/a><\/p>\n<p><a href=\"https:\/\/worknow.vn\/vi\/nguoi-tuyen-dung-hop-dong\/\">Ng\u01b0\u1eddi Tuy\u1ec3n D\u1ee5ng H\u1ee3p \u0110\u1ed3ng<\/a>[\/vc_column_text][\/vc_column][\/vc_row]\n<\/div>","protected":false},"excerpt":{"rendered":"<p>[vc_row top_margin=&#8221;0&#8243; bottom_margin=&#8221;0&#8243;][vc_column][vc_row_inner][vc_column_inner][vc_column_text]Qu\u1ea3n l\u00fd nh\u00e2n s\u1ef1 (HRM) l\u00e0 qu\u00e1 tr\u00ecnh tuy\u1ec3n d\u1ee5ng con ng\u01b0\u1eddi, \u0111\u00e0o t\u1ea1o, tr\u1ea3 l\u01b0\u01a1ng, x\u00e2y d\u1ef1ng c\u00e1c ch\u00ednh s\u00e1ch li\u00ean quan \u0111\u1ebfn h\u1ecd v\u00e0 x\u00e2y d\u1ef1ng c\u00e1c chi\u1ebfn l\u01b0\u1ee3c \u0111\u1ec3 gi\u1eef ch\u00e2n h\u1ecd. L\u00e0 m\u1ed9t l\u0129nh v\u1ef1c, Qu\u1ea3n l\u00fd nh\u00e2n s\u1ef1 \u0111\u00e3 c\u00f3 nhi\u1ec1u thay \u0111\u1ed5i trong h\u01a1n hai m\u01b0\u01a1i n\u0103m [&hellip;]<\/p>\n","protected":false},"author":1,"featured_media":0,"parent":0,"menu_order":0,"comment_status":"closed","ping_status":"closed","template":"","meta":{"nf_dc_page":"","footnotes":""},"class_list":["post-6142","page","type-page","status-publish","hentry"],"_links":{"self":[{"href":"https:\/\/worknow.vn\/vi\/wp-json\/wp\/v2\/pages\/6142","targetHints":{"allow":["GET"]}}],"collection":[{"href":"https:\/\/worknow.vn\/vi\/wp-json\/wp\/v2\/pages"}],"about":[{"href":"https:\/\/worknow.vn\/vi\/wp-json\/wp\/v2\/types\/page"}],"author":[{"embeddable":true,"href":"https:\/\/worknow.vn\/vi\/wp-json\/wp\/v2\/users\/1"}],"replies":[{"embeddable":true,"href":"https:\/\/worknow.vn\/vi\/wp-json\/wp\/v2\/comments?post=6142"}],"version-history":[{"count":6,"href":"https:\/\/worknow.vn\/vi\/wp-json\/wp\/v2\/pages\/6142\/revisions"}],"predecessor-version":[{"id":12172,"href":"https:\/\/worknow.vn\/vi\/wp-json\/wp\/v2\/pages\/6142\/revisions\/12172"}],"wp:attachment":[{"href":"https:\/\/worknow.vn\/vi\/wp-json\/wp\/v2\/media?parent=6142"}],"curies":[{"name":"wp","href":"https:\/\/api.w.org\/{rel}","templated":true}]}}