{"id":6281,"date":"2017-07-19T04:09:31","date_gmt":"2017-07-19T04:09:31","guid":{"rendered":"https:\/\/colaw.vn\/online-registration\/"},"modified":"2023-07-02T08:58:48","modified_gmt":"2023-07-02T08:58:48","slug":"ung-tuyen","status":"publish","type":"page","link":"https:\/\/worknow.vn\/vi\/ung-tuyen\/","title":{"rendered":"\u1ee8ng Tuy\u1ec3n"},"content":{"rendered":"<div class=\"wpb-content-wrapper\">[vc_row][vc_column]<div class=\"shortcode-wrapper shortcode-title clearfix\"><p style=\"color:#9f121b!important;border-color:#9f121b\" class=\"hb-text-large \">Vui l\u00f2ng g\u1edfi CV cho ch\u00fang t\u00f4i!<\/p><\/div>[vc_column_text]C\u00e1c chuy\u00ean gia tuy\u1ec3n d\u1ee5ng c\u1ee7a ch\u00fang t\u00f4i s\u1ebd xem x\u00e9t CV c\u1ee7a b\u1ea1n v\u00e0 li\u00ean h\u1ec7 v\u1edbi b\u1ea1n n\u1ebfu ch\u00fang t\u00f4i t\u00ecm th\u1ea5y v\u1ecb tr\u00ed ph\u00f9 h\u1ee3p v\u1edbi n\u0103ng l\u1ef1c c\u1ee7a b\u1ea1n.[\/vc_column_text]<p>You can apply 3 applications only!<\/p>[\/vc_column][\/vc_row][vc_row][vc_column][\/vc_column][\/vc_row]\n<\/div>","protected":false},"excerpt":{"rendered":"<p>[vc_row][vc_column][vc_column_text]C\u00e1c chuy\u00ean gia tuy\u1ec3n d\u1ee5ng c\u1ee7a ch\u00fang t\u00f4i s\u1ebd xem x\u00e9t CV c\u1ee7a b\u1ea1n v\u00e0 li\u00ean h\u1ec7 v\u1edbi b\u1ea1n n\u1ebfu ch\u00fang t\u00f4i t\u00ecm th\u1ea5y v\u1ecb tr\u00ed ph\u00f9 h\u1ee3p v\u1edbi n\u0103ng l\u1ef1c c\u1ee7a b\u1ea1n.[\/vc_column_text][\/vc_column][\/vc_row][vc_row][vc_column][\/vc_column][\/vc_row]<\/p>\n","protected":false},"author":1,"featured_media":0,"parent":0,"menu_order":0,"comment_status":"closed","ping_status":"closed","template":"","meta":{"nf_dc_page":"","footnotes":""},"class_list":["post-6281","page","type-page","status-publish","hentry"],"_links":{"self":[{"href":"https:\/\/worknow.vn\/vi\/wp-json\/wp\/v2\/pages\/6281","targetHints":{"allow":["GET"]}}],"collection":[{"href":"https:\/\/worknow.vn\/vi\/wp-json\/wp\/v2\/pages"}],"about":[{"href":"https:\/\/worknow.vn\/vi\/wp-json\/wp\/v2\/types\/page"}],"author":[{"embeddable":true,"href":"https:\/\/worknow.vn\/vi\/wp-json\/wp\/v2\/users\/1"}],"replies":[{"embeddable":true,"href":"https:\/\/worknow.vn\/vi\/wp-json\/wp\/v2\/comments?post=6281"}],"version-history":[{"count":6,"href":"https:\/\/worknow.vn\/vi\/wp-json\/wp\/v2\/pages\/6281\/revisions"}],"predecessor-version":[{"id":12314,"href":"https:\/\/worknow.vn\/vi\/wp-json\/wp\/v2\/pages\/6281\/revisions\/12314"}],"wp:attachment":[{"href":"https:\/\/worknow.vn\/vi\/wp-json\/wp\/v2\/media?parent=6281"}],"curies":[{"name":"wp","href":"https:\/\/api.w.org\/{rel}","templated":true}]}}