{"id":6302,"date":"2017-07-19T04:15:43","date_gmt":"2017-07-19T04:15:43","guid":{"rendered":"https:\/\/colaw.vn\/careers\/"},"modified":"2023-07-02T08:56:00","modified_gmt":"2023-07-02T08:56:00","slug":"lam-viec-tai-worknow","status":"publish","type":"page","link":"https:\/\/worknow.vn\/vi\/lam-viec-tai-worknow\/","title":{"rendered":"L\u00e0m Vi\u1ec7c T\u1ea1i WorkNow"},"content":{"rendered":"<div class=\"wpb-content-wrapper\">[vc_row][vc_column]<div class=\"shortcode-wrapper shortcode-callout clearfix\"><div class=\"hb-callout-box\"><h3 class=\"\">C\u00e1m \u01a1n b\u1ea1n quan t\u00e2m \u0111\u1ebfn vi\u1ec7c l\u00e0m t\u1ea1i WorkNow, ch\u00fang t\u00f4i lu\u00f4n xem x\u00e9t v\u00e0 tuy\u1ec3n d\u1ee5ng nh\u00e2n vi\u00ean \u0111\u1ec3 b\u1ed5 sung cho \u0111\u1ed9i ng\u0169 chuy\u00ean nghi\u1ec7p c\u1ee7a ch\u00fang t\u00f4i.\u00a0 H\u00e3y n\u1ed9p \u0111\u01a1n \u1ee9ng tuy\u1ec3n ho\u1eb7c g\u1edfi CV cho ch\u00fang t\u00f4i qua email: hr@worknow.vn<\/h3><a href=\"https:\/\/worknow.vn\/vi\/ung-tuyen\/\" class=\"hb-button\"no>\u1ee8ng Tuy\u1ec3n<\/a><\/div><\/div>[\/vc_column][\/vc_row]\n<\/div>","protected":false},"excerpt":{"rendered":"<p>[vc_row][vc_column][\/vc_column][\/vc_row]<\/p>\n","protected":false},"author":1,"featured_media":6924,"parent":0,"menu_order":0,"comment_status":"closed","ping_status":"closed","template":"","meta":{"nf_dc_page":"","footnotes":""},"class_list":["post-6302","page","type-page","status-publish","has-post-thumbnail","hentry"],"_links":{"self":[{"href":"https:\/\/worknow.vn\/vi\/wp-json\/wp\/v2\/pages\/6302","targetHints":{"allow":["GET"]}}],"collection":[{"href":"https:\/\/worknow.vn\/vi\/wp-json\/wp\/v2\/pages"}],"about":[{"href":"https:\/\/worknow.vn\/vi\/wp-json\/wp\/v2\/types\/page"}],"author":[{"embeddable":true,"href":"https:\/\/worknow.vn\/vi\/wp-json\/wp\/v2\/users\/1"}],"replies":[{"embeddable":true,"href":"https:\/\/worknow.vn\/vi\/wp-json\/wp\/v2\/comments?post=6302"}],"version-history":[{"count":6,"href":"https:\/\/worknow.vn\/vi\/wp-json\/wp\/v2\/pages\/6302\/revisions"}],"predecessor-version":[{"id":12313,"href":"https:\/\/worknow.vn\/vi\/wp-json\/wp\/v2\/pages\/6302\/revisions\/12313"}],"wp:featuredmedia":[{"embeddable":true,"href":"https:\/\/worknow.vn\/vi\/wp-json\/wp\/v2\/media\/6924"}],"wp:attachment":[{"href":"https:\/\/worknow.vn\/vi\/wp-json\/wp\/v2\/media?parent=6302"}],"curies":[{"name":"wp","href":"https:\/\/api.w.org\/{rel}","templated":true}]}}