{"id":6306,"date":"2014-04-01T20:01:07","date_gmt":"2014-04-01T18:01:07","guid":{"rendered":"https:\/\/colaw.vn\/contact-3\/"},"modified":"2023-04-29T10:59:03","modified_gmt":"2023-04-29T10:59:03","slug":"lien-he","status":"publish","type":"page","link":"https:\/\/worknow.vn\/vi\/lien-he\/","title":{"rendered":"Li\u00ean H\u1ec7"},"content":{"rendered":"<div class=\"wpb-content-wrapper\">[vc_row fullwidth=&#8221;yes&#8221; bg_type=&#8221;bg_image&#8221; top_margin=&#8221;0&#8243; bottom_margin=&#8221;0&#8243; image_url=&#8221;9912&#8243; css=&#8221;.vc_custom_1666524637188{margin-top: -50px !important;margin-bottom: 30px !important;padding-top: 100px !important;padding-bottom: 100px !important;}&#8221;][vc_column width=&#8221;1\/3&#8243;]<div class=\"shortcode-wrapper shortcode-icon-box clearfix hb-animate-element hb-flip-x\"><div class=\"content-box top-icon\"><i class=\"hb-moon-phone-6 box-icon\"><\/i><div class=\"aligncenter\"><h4 class=\"semi-bold\">\u0110i\u1ec7n tho\u1ea1i<\/h4>Tel: +84 28 36 011 800\u00a0 | +84 24 39 975 376<br \/>\nMobile\/Zalo: +84 917 035 315<\/p>\n<a href=\"tel:+84917035315\" class=\"hb-button hb-third-dark hb-default-button no-three-d\" target=\"_self\" style=\"-webkit-border-radius: 2px;-moz-border-radius: 2px;border-radius: 2px;\">G\u1ecdi ngay<\/a><\/div><\/div><\/div>[\/vc_column][vc_column width=&#8221;1\/3&#8243;]<div class=\"shortcode-wrapper shortcode-icon-box clearfix hb-animate-element hb-flip-y\"><div class=\"content-box top-icon\"><i class=\"hb-moon-cart-checkout box-icon\"><\/i><div class=\"aligncenter\"><h4 class=\"semi-bold\">Y\u00eau c\u1ea7u tuy\u1ec3n d\u1ee5ng<\/h4><span class=\"gform_description\">Y\u00eau c\u1ea7u tuy\u1ec3n d\u1ee5ng, ch\u1ec9 c\u1ea7n th\u1ef1c hi\u1ec7n 3 b\u01b0\u1edbc \u0111\u01a1n gi\u1ea3n b\u1edfi v\u00e0i click chu\u1ed9t!<br \/>\n<\/span><\/p>\n<a href=\"https:\/\/worknow.vn\/vi\/yeu-cau-tuyen-dung\/\" class=\"hb-button hb-third-dark hb-default-button no-three-d\" target=\"_self\" style=\"-webkit-border-radius: 2px;-moz-border-radius: 2px;border-radius: 2px;\">Y\u00eau c\u1ea7u<\/a><\/div><\/div><\/div>[\/vc_column][vc_column width=&#8221;1\/3&#8243;]<div class=\"shortcode-wrapper shortcode-icon-box clearfix hb-animate-element hb-flip-x\"><div class=\"content-box top-icon\"><i class=\"icon-certificate box-icon\"><\/i><div class=\"aligncenter\"><h4 class=\"semi-bold\">\u00dd ki\u1ebfn ph\u1ea3n h\u1ed3i<\/h4>\u00dd ki\u1ebfn ph\u1ea3n h\u1ed3i c\u1ee7a Qu\u00fd kh\u00e1ch r\u1ea5t quan tr\u1ecdng cho ch\u00fang t\u00f4i \u0111\u1ec3 ph\u1ee5c v\u1ee5 kh\u00e1ch h\u00e0ng t\u1ed1t h\u01a1n<\/p>\n<a href=\"https:\/\/worknow.vn\/vi\/y-kien-phan-hoi\/\" class=\"hb-button hb-third-dark hb-default-button no-three-d\" target=\"_self\" style=\"-webkit-border-radius: 2px;-moz-border-radius: 2px;border-radius: 2px;\">G\u1edfi ph\u1ea3n h\u1ed3i<\/a><\/div><\/div><\/div>[\/vc_column][\/vc_row][vc_row][vc_column width=&#8221;3\/4&#8243;]<div class=\"shortcode-wrapper shortcode-title clearfix\"><h4 style=\"color:#9f121b!important;border-color:#9f121b\" class=\"hb-heading \"><span>Ch\u00fang t\u00f4i r\u1ea5t h\u00e2n h\u1ea1nh \u0111\u01b0\u1ee3c ph\u1ee5c v\u1ee5 Qu\u00fd kh\u00e1ch!<\/span><\/h4><\/div>[vc_column_text]<div class=\"shortcode-wrapper shortcode-spacer clearfix\"><div class=\"spacer\" style=\"height:10px;\"><\/div><\/div>\n<p>H\u00e3y \u0111i\u1ec1n th\u00f4ng tin v\u00e0 g\u1edfi cho ch\u00fang t\u00f4i, ch\u00fang t\u00f4i lu\u00f4n s\u1eb5n s\u00e0ng h\u1ed7 tr\u1ee3 Qu\u00fd kh\u00e1ch![\/vc_column_text]\n                <div class='gf_browser_gecko gform_wrapper' id='gform_wrapper_14' ><form method='post' enctype='multipart\/form-data'  id='gform_14'  action='\/vi\/wp-json\/wp\/v2\/pages\/6306'>\n                        <div class='gform_body'><ul id='gform_fields_14' class='gform_fields top_label form_sublabel_below description_below'><li id='field_14_1' class='gfield gfield_contains_required field_sublabel_below field_description_below gfield_visibility_visible' ><label class='gfield_label' for='input_14_1' >H\u1ecd t\u00ean<span class='gfield_required'>*<\/span><\/label><div class='ginput_container ginput_container_text'><input name='input_1' id='input_14_1' type='text' value='' class='medium'  tabindex='1'   aria-required=\"true\" aria-invalid=\"false\" \/><\/div><\/li><li id='field_14_5' class='gfield gfield_contains_required field_sublabel_below field_description_below gfield_visibility_visible' ><label class='gfield_label' for='input_14_5' >\u0110i\u1ec7n tho\u1ea1i<span class='gfield_required'>*<\/span><\/label><div class='ginput_container ginput_container_text'><input name='input_5' id='input_14_5' type='text' value='' class='medium'  tabindex='2'   aria-required=\"true\" aria-invalid=\"false\" \/><\/div><\/li><li id='field_14_6' class='gfield gfield_contains_required field_sublabel_below field_description_below gfield_visibility_visible' ><label class='gfield_label' for='input_14_6' >Email<span class='gfield_required'>*<\/span><\/label><div class='ginput_container ginput_container_text'><input name='input_6' id='input_14_6' type='text' value='' class='medium'  tabindex='3'   aria-required=\"true\" aria-invalid=\"false\" \/><\/div><\/li><li id='field_14_3' class='gfield gfield_contains_required field_sublabel_below field_description_below gfield_visibility_visible' ><label class='gfield_label' for='input_14_3' >N\u1ed9i dung c\u1ea7n h\u1ecfi<span class='gfield_required'>*<\/span><\/label><div class='ginput_container ginput_container_textarea'><textarea name='input_3' id='input_14_3' class='textarea medium' tabindex='4'   aria-required=\"true\" aria-invalid=\"false\"   rows='10' cols='50'><\/textarea><\/div><\/li><li id='field_14_4' class='gfield field_sublabel_below field_description_below gfield_visibility_visible' ><label class='gfield_label' for='input_14_4' >CAPTCHA<\/label><div id='input_14_4' class='ginput_container ginput_recaptcha' data-sitekey='6Lc20DQfAAAAAHc-R3yHB88hEAf1kIs2pjBzOYVB'  data-theme='light' data-tabindex='5'><\/div><\/li>\n                            <\/ul><\/div>\n        <div class='gform_footer top_label'> <input type='submit' id='gform_submit_button_14' class='gform_button button' value='G\u1edfi y\u00eau c\u1ea7u' tabindex='6' onclick='if(window[\"gf_submitting_14\"]){return false;}  window[\"gf_submitting_14\"]=true;  ' onkeypress='if( event.keyCode == 13 ){ if(window[\"gf_submitting_14\"]){return false;} window[\"gf_submitting_14\"]=true;  jQuery(\"#gform_14\").trigger(\"submit\",[true]); }' \/> \n            <input type='hidden' class='gform_hidden' name='is_submit_14' value='1' \/>\n            <input type='hidden' class='gform_hidden' name='gform_submit' value='14' \/>\n            \n            <input type='hidden' class='gform_hidden' name='gform_unique_id' value='' \/>\n            <input type='hidden' class='gform_hidden' name='state_14' value='WyJbXSIsIjUyMzc3NGJjNmNjYmMwNWQ3NmIyYTc2YWI1Yjg0N2UwIl0=' \/>\n            <input type='hidden' class='gform_hidden' name='gform_target_page_number_14' id='gform_target_page_number_14' value='0' \/>\n            <input type='hidden' class='gform_hidden' name='gform_source_page_number_14' id='gform_source_page_number_14' value='1' \/>\n            <input type='hidden' name='gform_field_values' value='' \/>\n            \n        <\/div>\n                        <\/form>\n                        <\/div><script type='text\/javascript'> if(typeof gf_global == 'undefined') var gf_global = {\"gf_currency_config\":{\"name\":\"U.S. Dollar\",\"symbol_left\":\"$\",\"symbol_right\":\"\",\"symbol_padding\":\"\",\"thousand_separator\":\",\",\"decimal_separator\":\".\",\"decimals\":2},\"base_url\":\"https:\\\/\\\/worknow.vn\\\/wp-content\\\/plugins\\\/gravityforms\",\"number_formats\":[],\"spinnerUrl\":\"https:\\\/\\\/worknow.vn\\\/wp-content\\\/plugins\\\/gravityforms\\\/images\\\/spinner.gif\"};jQuery(document).bind('gform_post_render', function(event, formId, currentPage){if(formId == 14) {} } );jQuery(document).bind('gform_post_conditional_logic', function(event, formId, fields, isInit){} );<\/script><script type='text\/javascript'> jQuery(document).ready(function(){jQuery(document).trigger('gform_post_render', [14, 1]) } ); <\/script>[\/vc_column][vc_column width=&#8221;1\/4&#8243;][vc_column_text]\n<h6>\u0110\u1ecba Ch\u1ec9 V\u0103n Ph\u00f2ng:<\/h6>\n<p>Level 16, Bitexco Financial Tower,<br \/>\n2 H\u1ea3i Tri\u1ec1u, Ph\u01b0\u1eddng B\u1ebfn Ngh\u00e9, Qu\u1eadn 1, TP HCM, Vi\u1ec7t nam<\/p>\n<p>T\u1ea7ng 5, 59A L\u00fd Th\u00e1i T\u1ed5, Qu\u1eadn Ho\u00e0n Ki\u1ebfm, Tp. H\u00e0 n\u1ed9i<\/p>\n<h6><strong>\u0110i\u1ec7n tho\u1ea1i:<\/strong><\/h6>\n<p>Tel: (028) 36 011 800 | (024) 39 975 376<br \/>\n\u0110TD\u0110\/Zalo: : 0917 035 315<\/p>\n<h6><strong>Email:<\/strong><\/h6>\n<p>support@worknow.vn<\/p>\n<h6>Gi\u1edd l\u00e0m vi\u1ec7c:<\/h6>\n<p>Th\u1ee9 2 \u2013 Th\u1ee9 6, t\u1eeb 8:30 AM \u2013 5:00 PM<\/p>\n<h6>Website:<\/h6>\n<p><a href=\"http:\/\/www.worknow.vn\/vi\/\">www.worknow.vn<\/a>[\/vc_column_text][\/vc_column][\/vc_row][vc_row][vc_column][\/vc_column][\/vc_row]\n<\/div>","protected":false},"excerpt":{"rendered":"<p>[vc_row fullwidth=&#8221;yes&#8221; bg_type=&#8221;bg_image&#8221; top_margin=&#8221;0&#8243; bottom_margin=&#8221;0&#8243; image_url=&#8221;9912&#8243; css=&#8221;.vc_custom_1666524637188{margin-top: -50px !important;margin-bottom: 30px !important;padding-top: 100px !important;padding-bottom: 100px !important;}&#8221;][vc_column width=&#8221;1\/3&#8243;][\/vc_column][vc_column width=&#8221;1\/3&#8243;][\/vc_column][vc_column width=&#8221;1\/3&#8243;][\/vc_column][\/vc_row][vc_row][vc_column width=&#8221;3\/4&#8243;][vc_column_text] H\u00e3y \u0111i\u1ec1n th\u00f4ng tin v\u00e0 g\u1edfi cho ch\u00fang t\u00f4i, ch\u00fang t\u00f4i lu\u00f4n s\u1eb5n s\u00e0ng h\u1ed7 tr\u1ee3 Qu\u00fd kh\u00e1ch![\/vc_column_text][\/vc_column][vc_column width=&#8221;1\/4&#8243;][vc_column_text] \u0110\u1ecba Ch\u1ec9 V\u0103n Ph\u00f2ng: Level 16, Bitexco Financial Tower, 2 H\u1ea3i Tri\u1ec1u, Ph\u01b0\u1eddng B\u1ebfn Ngh\u00e9, Qu\u1eadn 1, [&hellip;]<\/p>\n","protected":false},"author":1,"featured_media":0,"parent":0,"menu_order":0,"comment_status":"closed","ping_status":"closed","template":"","meta":{"nf_dc_page":"","footnotes":""},"class_list":["post-6306","page","type-page","status-publish","hentry"],"_links":{"self":[{"href":"https:\/\/worknow.vn\/vi\/wp-json\/wp\/v2\/pages\/6306","targetHints":{"allow":["GET"]}}],"collection":[{"href":"https:\/\/worknow.vn\/vi\/wp-json\/wp\/v2\/pages"}],"about":[{"href":"https:\/\/worknow.vn\/vi\/wp-json\/wp\/v2\/types\/page"}],"author":[{"embeddable":true,"href":"https:\/\/worknow.vn\/vi\/wp-json\/wp\/v2\/users\/1"}],"replies":[{"embeddable":true,"href":"https:\/\/worknow.vn\/vi\/wp-json\/wp\/v2\/comments?post=6306"}],"version-history":[{"count":5,"href":"https:\/\/worknow.vn\/vi\/wp-json\/wp\/v2\/pages\/6306\/revisions"}],"predecessor-version":[{"id":11367,"href":"https:\/\/worknow.vn\/vi\/wp-json\/wp\/v2\/pages\/6306\/revisions\/11367"}],"wp:attachment":[{"href":"https:\/\/worknow.vn\/vi\/wp-json\/wp\/v2\/media?parent=6306"}],"curies":[{"name":"wp","href":"https:\/\/api.w.org\/{rel}","templated":true}]}}