{"id":6699,"date":"2017-08-04T02:50:02","date_gmt":"2017-08-04T02:50:02","guid":{"rendered":"https:\/\/colaw.vn\/australia-visa\/"},"modified":"2023-05-03T09:40:59","modified_gmt":"2023-05-03T09:40:59","slug":"tim-viec","status":"publish","type":"page","link":"https:\/\/worknow.vn\/vi\/tim-viec\/","title":{"rendered":"T\u00ecm Vi\u1ec7c"},"content":{"rendered":"<div class=\"wpb-content-wrapper\">[vc_row css=&#8221;.vc_custom_1655005469748{margin-top: -20px !important;}&#8221;][vc_column]<div class=\"shortcode-wrapper shortcode-title clearfix hb-animate-element hb-flip-x\"><h1 style=\"color:#9f121b!important;border-color:#9f121b\" class=\"aligncenter\">T\u00ecm C\u01a1 H\u1ed9i M\u1edbi Nhanh H\u01a1n<\/h1><\/div>[vc_empty_space height=&#8221;20px&#8221;][vc_custom_heading text=&#8221;M\u1ed9t c\u01a1 h\u1ed9i kh\u00f4ng ph\u00f9 h\u1ee3p v\u1edbi t\u1ea5t c\u1ea3! Ch\u00fang t\u00f4i cung c\u1ea5p nhi\u1ec1u c\u01a1 h\u1ed9i \u0111\u1ec3 b\u1ea1n c\u00f3 th\u1ec3 t\u00ecm th\u1ea5y c\u00f4ng vi\u1ec7c ph\u00f9 h\u1ee3p v\u1edbi m\u00ecnh&#8221; font_container=&#8221;tag:h4|text_align:center|color:%23595959&#8243; use_theme_fonts=&#8221;yes&#8221; css=&#8221;.vc_custom_1683106500783{margin-top: -10px !important;}&#8221;][vc_empty_space height=&#8221;20px&#8221;][\/vc_column][\/vc_row][vc_row css=&#8221;.vc_custom_1655005469748{margin-top: -20px !important;}&#8221;][vc_column width=&#8221;2\/3&#8243;]<div class=\"shortcode-wrapper shortcode-title clearfix hb-animate-element hb-flip-x\"><h4 style=\"color:#9f121b!important;border-color:#9f121b\" class=\"hb-heading aligncenter\"><span>Vui l\u00f2ng g\u1edfi CV cho ch\u00fang t\u00f4i!<\/span><\/h4><\/div>[vc_column_text]C\u00e1c chuy\u00ean gia tuy\u1ec3n d\u1ee5ng c\u1ee7a ch\u00fang t\u00f4i s\u1ebd xem x\u00e9t CV c\u1ee7a b\u1ea1n v\u00e0 li\u00ean h\u1ec7 v\u1edbi b\u1ea1n n\u1ebfu ch\u00fang t\u00f4i t\u00ecm th\u1ea5y v\u1ecb tr\u00ed ph\u00f9 h\u1ee3p v\u1edbi n\u0103ng l\u1ef1c c\u1ee7a b\u1ea1n.<\/p>\n<p>G\u1eedi CV c\u1ee7a b\u1ea1n \u0111\u1ec3n email: hr@worknow.vn ho\u1eb7c<\/p>\n<p>B\u1eaft \u0111\u1ea7u! \u0110i\u1ec1n v\u00e0o m\u1eabu d\u01b0\u1edbi \u0111\u00e2y &#8211; 3 b\u01b0\u1edbc \u0111\u01a1n gi\u1ea3n![\/vc_column_text][\/vc_column][vc_column width=&#8221;1\/3&#8243;]<div class=\"shortcode-wrapper shortcode-teaser\"><div class=\"hb-teaser-column alternative\"><img loading=\"lazy\" decoding=\"async\" src=\"https:\/\/worknow.vn\/wp-content\/uploads\/2022\/10\/Employess-526x350.jpg\" width=\"526\" height=\"350\" alt=\"\" \/><div class=\"teaser-content aligncenter\"><\/div><\/div><!-- END .hb-teaser-column --><\/div>[\/vc_column][\/vc_row][vc_row css=&#8221;.vc_custom_1655005469748{margin-top: -20px !important;}&#8221;][vc_column]<p>You can apply 3 applications only!<\/p>[\/vc_column][\/vc_row][vc_row top_margin=&#8221;0&#8243; bottom_margin=&#8221;0&#8243; css=&#8221;.vc_custom_1503988486538{margin-top: -20px !important;}&#8221;][vc_column][vc_empty_space height=&#8221;20px&#8221;]<div class=\"shortcode-wrapper shortcode-title clearfix hb-animate-element hb-flip-y\"><h3 style=\"color:#878787!important;border-color:#878787\" class=\"hb-heading hb-center-heading aligncenter\"><span>Ch\u00fang t\u00f4i ki\u1ebfm vi\u1ec7c cho c\u00e1c chuy\u00ean gia l\u00e0nh ngh\u1ec1 trong nhi\u1ec1u chuy\u00ean ng\u00e0nh<\/span><\/h3><\/div>[vc_custom_heading text=&#8221;Cho d\u00f9 b\u1ea1n c\u1ea7n t\u00ecm c\u01a1 h\u1ed9i vi\u1ec7c l\u00e0m tuy\u1ec7t v\u1eddi ti\u1ebfp theo hay c\u00f4ng vi\u1ec7c t\u1ea1m th\u1eddi, ch\u00fang t\u00f4i \u0111\u1ec1u c\u00f3 th\u1ec3 tr\u1ee3 gi\u00fap.&#8221; font_container=&#8221;tag:h3|text_align:center|color:%23595959&#8243; use_theme_fonts=&#8221;yes&#8221; css=&#8221;.vc_custom_1683035012403{margin-top: 10px !important;}&#8221;][\/vc_column][\/vc_row][vc_row top_margin=&#8221;0&#8243; bottom_margin=&#8221;0&#8243; css=&#8221;.vc_custom_1441991441418{padding-top: 40px !important;padding-bottom: 60px !important;}&#8221;][vc_column width=&#8221;1\/4&#8243;]<div class=\"shortcode-wrapper shortcode-icon-box clearfix hb-animate-element hb-left-to-right\"><div class=\"feature-box alternative aligncenter\"><div class=\"feature-box-content\"><h4 class=\"bold\"><a href=\"https:\/\/worknow.vn\/vi\/tai-chinh-va-ke-toan\/\" target=\"_self\">T\u00e0i Ch\u00ednh &amp; K\u1ebf To\u00e1n<\/a><\/h4><div class=\"hb-small-break\"><\/div><p>S\u1ef1 kh\u00e1c bi\u1ec7t l\u00e0 g\u00ec v\u00e0 ng\u00e0nh n\u00e0o ph\u00f9 h\u1ee3p v\u1edbi b\u1ea1n? B\u1ea1n c\u00f3 c\u00e1ch l\u00e0m vi\u1ec7c v\u1edbi nh\u1eefng con s\u1ed1 v\u00e0 mong mu\u1ed1n theo \u0111u\u1ed5i s\u1ef1 nghi\u1ec7p trong<\/p><\/div><\/div><\/div>[\/vc_column][vc_column width=&#8221;1\/4&#8243;]<div class=\"shortcode-wrapper shortcode-icon-box clearfix hb-animate-element hb-left-to-right\"><div class=\"feature-box alternative aligncenter\"><div class=\"feature-box-content\"><h4 class=\"bold\"><a href=\"https:\/\/worknow.vn\/vi\/dich-thuat-phien-dich\/\" target=\"_self\">Bi\u00ean Phi\u00ean D\u1ecbch<\/a><\/h4><div class=\"hb-small-break\"><\/div><p>D\u1ecbch thu\u1eadt l\u00e0 g\u00ec? D\u1ecbch thu\u1eadt l\u00e0 qu\u00e1 tr\u00ecnh thay \u0111\u1ed5i m\u1ed9t v\u0103n b\u1ea3n vi\u1ebft t\u1eeb ng\u00f4n ng\u1eef n\u00e0y sang ng\u00f4n ng\u1eef kh\u00e1c. M\u1ed9t b\u1ea3n d\u1ecbch th\u00e0nh c\u00f4ng<\/p><\/div><\/div><\/div>[\/vc_column][vc_column width=&#8221;1\/4&#8243;]<div class=\"shortcode-wrapper shortcode-icon-box clearfix hb-animate-element hb-left-to-right\"><div class=\"feature-box alternative aligncenter\"><div class=\"feature-box-content\"><h4 class=\"bold\"><a href=\"https:\/\/worknow.vn\/vi\/thu-ky-tro-ly-va-hanh-chinh\/\" target=\"_self\">Th\u01b0 K\u00fd Tr\u1ee3 L\u00fd &amp; H\u00e0nh Ch\u00ednh<\/a><\/h4><div class=\"hb-small-break\"><\/div><p>Trong m\u00f4i tr\u01b0\u1eddng v\u0103n ph\u00f2ng, hi\u1ec3u \u0111\u01b0\u1ee3c s\u1ef1 kh\u00e1c bi\u1ec7t gi\u1eefa nhi\u1ec7m v\u1ee5 v\u0103n ph\u00f2ng v\u00e0 h\u00e0nh ch\u00ednh l\u00e0 v\u00f4 c\u00f9ng quan tr\u1ecdng<\/p><\/div><\/div><\/div>[\/vc_column][vc_column width=&#8221;1\/4&#8243;]<div class=\"shortcode-wrapper shortcode-icon-box clearfix hb-animate-element hb-left-to-right\"><div class=\"feature-box alternative aligncenter\"><div class=\"feature-box-content\"><h4 class=\"bold\"><a href=\"https:\/\/worknow.vn\/vi\/nhan-su\/\" target=\"_blank\">Nh\u00e2n S\u1ef1<\/a><\/h4><div class=\"hb-small-break\"><\/div><p>\n<p class=\"bold\">Qu\u1ea3n l\u00fd nh\u00e2n s\u1ef1 (HRM) l\u00e0 qu\u00e1 tr\u00ecnh tuy\u1ec3n d\u1ee5ng con ng\u01b0\u1eddi, \u0111\u00e0o t\u1ea1o, tr\u1ea3 l\u01b0\u01a1ng, x\u00e2y d\u1ef1ng c\u00e1c ch\u00ednh s\u00e1ch li\u00ean quan \u0111\u1ebfn h\u1ecd<\/p>\n<\/p><\/div><\/div><\/div>[\/vc_column][\/vc_row][vc_row top_margin=&#8221;0&#8243; bottom_margin=&#8221;0&#8243; css=&#8221;.vc_custom_1441991441418{padding-top: 40px !important;padding-bottom: 60px !important;}&#8221;][vc_column width=&#8221;1\/4&#8243;]<div class=\"shortcode-wrapper shortcode-icon-box clearfix hb-animate-element hb-left-to-right\"><div class=\"feature-box alternative aligncenter\"><div class=\"feature-box-content\"><h4 class=\"bold\"><a href=\"https:\/\/worknow.vn\/vi\/ban-hang-va-tiep-thi\/\" target=\"_self\">B\u00e1n H\u00e0ng &amp; Ti\u1ebfp th\u1ecb<\/a><\/h4><div class=\"hb-small-break\"><\/div><p>B\u00e1n h\u00e0ng l\u00e0 g\u00ec? B\u00e1n h\u00e0ng l\u00e0 qu\u00e1 tr\u00ecnh thuy\u1ebft ph\u1ee5c ng\u01b0\u1eddi ti\u00eau d\u00f9ng mua h\u00e0ng h\u00f3a ho\u1eb7c d\u1ecbch v\u1ee5. T\u1ea1i m\u1ed9t doanh nghi\u1ec7p, quy tr\u00ecnh<\/p><\/div><\/div><\/div>[\/vc_column][vc_column width=&#8221;1\/4&#8243;]<div class=\"shortcode-wrapper shortcode-icon-box clearfix hb-animate-element hb-left-to-right\"><div class=\"feature-box alternative aligncenter\"><div class=\"feature-box-content\"><h4 class=\"bold\"><a href=\"https:\/\/worknow.vn\/vi\/cong-nghe\/\" target=\"_self\">C\u00f4ng Ngh\u1ec7<\/a><\/h4><div class=\"hb-small-break\"><\/div><p>L\u0129nh v\u1ef1c c\u00f4ng ngh\u1ec7 kh\u00f4ng ng\u1eebng th\u00fac \u0111\u1ea9y th\u1ebf gi\u1edbi ti\u1ebfn t\u1edbi nh\u1eefng \u0111i\u1ec1u l\u1edbn lao h\u01a1n v\u00e0 t\u1ed1t \u0111\u1eb9p h\u01a1n th\u00f4ng qua nh\u1eefng c\u1ea3i ti\u1ebfn<\/p><\/div><\/div><\/div>[\/vc_column][vc_column width=&#8221;1\/4&#8243;]<div class=\"shortcode-wrapper shortcode-icon-box clearfix hb-animate-element hb-left-to-right\"><div class=\"feature-box alternative aligncenter\"><div class=\"feature-box-content\"><h4 class=\"bold\"><a href=\"https:\/\/worknow.vn\/vi\/phap-ly\/\" target=\"_self\">Ph\u00e1p L\u00fd<\/a><\/h4><div class=\"hb-small-break\"><\/div><p>Quan tr\u1ecdng \u0111\u1ed1i v\u1edbi c\u1ea3 c\u00e1 nh\u00e2n v\u00e0 t\u1ed5 ch\u1ee9c, ng\u00e0nh d\u1ecbch v\u1ee5 ph\u00e1p l\u00fd c\u00f3 nhi\u1ec1u ngh\u1ec1. T\u1eeb lu\u1eadt s\u01b0, ng\u01b0\u1eddi bi\u1ec7n h\u1ed9 v\u00e0 c\u00f4ng ch\u1ee9ng<\/p><\/div><\/div><\/div>[\/vc_column][vc_column width=&#8221;1\/4&#8243;]<div class=\"shortcode-wrapper shortcode-icon-box clearfix hb-animate-element hb-left-to-right\"><div class=\"feature-box alternative aligncenter\"><div class=\"feature-box-content\"><h4 class=\"bold\"><a href=\"https:\/\/worknow.vn\/vi\/trung-tam-cuoc-goi\/\" target=\"_self\">Trung T\u00e2m Cu\u1ed9c G\u1ecdi<\/a><\/h4><div class=\"hb-small-break\"><\/div><p>Trung t\u00e2m cu\u1ed9c g\u1ecdi l\u00e0 m\u1ed9t nh\u00f3m ho\u1eb7c b\u1ed9 ph\u1eadn trong \u0111\u00f3 nh\u00e2n vi\u00ean nh\u1eadn v\u00e0 th\u1ef1c hi\u1ec7n s\u1ed1 l\u01b0\u1ee3ng l\u1edbn c\u00e1c cu\u1ed9c g\u1ecdi \u0111i\u1ec7n tho\u1ea1i.<\/p><\/div><\/div><\/div>[\/vc_column][\/vc_row]\n<\/div>","protected":false},"excerpt":{"rendered":"<p>[vc_row css=&#8221;.vc_custom_1655005469748{margin-top: -20px !important;}&#8221;][vc_column][vc_empty_space height=&#8221;20px&#8221;][vc_custom_heading text=&#8221;M\u1ed9t c\u01a1 h\u1ed9i kh\u00f4ng ph\u00f9 h\u1ee3p v\u1edbi t\u1ea5t c\u1ea3! Ch\u00fang t\u00f4i cung c\u1ea5p nhi\u1ec1u c\u01a1 h\u1ed9i \u0111\u1ec3 b\u1ea1n c\u00f3 th\u1ec3 t\u00ecm th\u1ea5y c\u00f4ng vi\u1ec7c ph\u00f9 h\u1ee3p v\u1edbi m\u00ecnh&#8221; font_container=&#8221;tag:h4|text_align:center|color:%23595959&#8243; use_theme_fonts=&#8221;yes&#8221; css=&#8221;.vc_custom_1683106500783{margin-top: -10px !important;}&#8221;][vc_empty_space height=&#8221;20px&#8221;][\/vc_column][\/vc_row][vc_row css=&#8221;.vc_custom_1655005469748{margin-top: -20px !important;}&#8221;][vc_column width=&#8221;2\/3&#8243;][vc_column_text]C\u00e1c chuy\u00ean gia tuy\u1ec3n d\u1ee5ng c\u1ee7a ch\u00fang t\u00f4i s\u1ebd xem x\u00e9t CV c\u1ee7a [&hellip;]<\/p>\n","protected":false},"author":1,"featured_media":0,"parent":0,"menu_order":0,"comment_status":"closed","ping_status":"closed","template":"","meta":{"nf_dc_page":"","footnotes":""},"class_list":["post-6699","page","type-page","status-publish","hentry"],"_links":{"self":[{"href":"https:\/\/worknow.vn\/vi\/wp-json\/wp\/v2\/pages\/6699","targetHints":{"allow":["GET"]}}],"collection":[{"href":"https:\/\/worknow.vn\/vi\/wp-json\/wp\/v2\/pages"}],"about":[{"href":"https:\/\/worknow.vn\/vi\/wp-json\/wp\/v2\/types\/page"}],"author":[{"embeddable":true,"href":"https:\/\/worknow.vn\/vi\/wp-json\/wp\/v2\/users\/1"}],"replies":[{"embeddable":true,"href":"https:\/\/worknow.vn\/vi\/wp-json\/wp\/v2\/comments?post=6699"}],"version-history":[{"count":5,"href":"https:\/\/worknow.vn\/vi\/wp-json\/wp\/v2\/pages\/6699\/revisions"}],"predecessor-version":[{"id":11431,"href":"https:\/\/worknow.vn\/vi\/wp-json\/wp\/v2\/pages\/6699\/revisions\/11431"}],"wp:attachment":[{"href":"https:\/\/worknow.vn\/vi\/wp-json\/wp\/v2\/media?parent=6699"}],"curies":[{"name":"wp","href":"https:\/\/api.w.org\/{rel}","templated":true}]}}