{"id":7210,"date":"2017-08-10T10:44:10","date_gmt":"2017-08-10T10:44:10","guid":{"rendered":"https:\/\/colaw.vn\/application-form\/"},"modified":"2023-07-03T06:56:18","modified_gmt":"2023-07-03T06:56:18","slug":"yeu-cau-tuyen-dung","status":"publish","type":"page","link":"https:\/\/worknow.vn\/vi\/yeu-cau-tuyen-dung\/","title":{"rendered":"Y\u00eau C\u1ea7u Tuy\u1ec3n D\u1ee5ng"},"content":{"rendered":"<div class=\"wpb-content-wrapper\">[vc_row][vc_column]<div class=\"shortcode-wrapper shortcode-title clearfix\"><h4 style=\"color:#9a4b3c!important;border-color:#9a4b3c\" class=\"hb-heading \"><span>Ch\u00fang t\u00f4i r\u1ea5t h\u00e2n h\u1ea1nh \u0111\u01b0\u1ee3c ph\u1ee5c v\u1ee5 Qu\u00fd kh\u00e1ch!<\/span><\/h4><\/div>[vc_column_text]<div class=\"shortcode-wrapper shortcode-spacer clearfix\"><div class=\"spacer\" style=\"height:10px;\"><\/div><\/div>\n<p>Vui l\u00f2ng \u0111i\u1ec1n th\u00f4ng tin v\u00e0o form v\u00e0 sau khi g\u1edfi kh\u00e1ch h\u00e0ng s\u1ebd nh\u1eadn email v\u00e0 \/ho\u1eb7c cu\u1ed9c g\u1ecdi t\u1eeb WorkNow \u0111\u1ec3 trao \u0111\u1ed5i v\u1ec1 nhu c\u1ea7u c\u1ee7a qu\u00fd kh\u00e1ch v\u00e0 tr\u1ea3 l\u1eddi c\u00e1c c\u00e2u h\u1ecfi (n\u1ebfu c\u00f3)[\/vc_column_text]\n                <div class='gf_browser_gecko gform_wrapper' id='gform_wrapper_24' style='display:none'><a id='gf_24' class='gform_anchor' ><\/a><form method='post' enctype='multipart\/form-data'  id='gform_24'  action='\/vi\/wp-json\/wp\/v2\/pages\/7210#gf_24'>\n                        <div class='gform_heading'>\n                            <h3 class='gform_title'>Y\u00caU C\u1ea6U TUY\u1ec2N D\u1ee4NG<\/h3>\n                            <span class='gform_description'>H\u00e3y b\u1eaft \u0111\u1ea7u! \u0110i\u1ec1n v\u00e0o m\u1eabu b\u00ean d\u01b0\u1edbi \u0111\u1ec3 \u0111\u0103ng k\u00fd d\u1ecbch v\u1ee5 - Ch\u1ec9 3 b\u01b0\u1edbc \u0111\u01a1n gi\u1ea3n!<\/span>\n                        <\/div><div id='gf_page_steps_24' class='gf_page_steps'><div id='gf_step_24_1' class='gf_step gf_step_active gf_step_first'><span class='gf_step_number'>1<\/span>&nbsp;<span class='gf_step_label'>General<\/span><\/div><div id='gf_step_24_2' class='gf_step gf_step_next gf_step_pending'><span class='gf_step_number'>2<\/span>&nbsp;<span class='gf_step_label'>Upload Material<\/span><\/div><div id='gf_step_24_3' class='gf_step gf_step_last gf_step_pending'><span class='gf_step_number'>3<\/span>&nbsp;<span class='gf_step_label'>Your Info<\/span><\/div><div class='gf_step_clear'><\/div><\/div>\n                        <div class='gform_body'><div id='gform_page_24_1' class='gform_page' >\n                                    <div class='gform_page_fields'><ul id='gform_fields_24' class='gform_fields top_label form_sublabel_below description_below'><li id='field_24_10' class='gfield gfield_contains_required field_sublabel_below field_description_below gfield_visibility_visible' ><label class='gfield_label' for='input_24_10' >Loai D\u1ecbch V\u1ee5<span class='gfield_required'>*<\/span><\/label><div class='ginput_container ginput_container_select'><select name='input_10' id='input_24_10' onchange='gf_apply_rules(24,[33,57,78,32]);' class='medium gfield_select' tabindex='1'  aria-required=\"true\" aria-invalid=\"false\"><option value='' selected='selected' class='gf_placeholder'>Vui l\u00f2ng ch\u1ecdn...<\/option><option value='Gi\u1ea3i ph\u00e1p Nh\u00e2n s\u1ef1' >Gi\u1ea3i ph\u00e1p Nh\u00e2n s\u1ef1<\/option><option value='Gi\u1ea3i ph\u00e1p Tuy\u1ec3n d\u1ee5ng' >Gi\u1ea3i ph\u00e1p Tuy\u1ec3n d\u1ee5ng<\/option><option value='Thu\u00ea ngo\u00e0i' >Thu\u00ea ngo\u00e0i<\/option><option value='Tuy\u1ec3n d\u1ee5ng Qu\u1ed1c t\u1ebf' >Tuy\u1ec3n d\u1ee5ng Qu\u1ed1c t\u1ebf<\/option><option value='Qu\u1ea3n l\u00fd ti\u1ec1n l\u01b0\u01a1ng' >Qu\u1ea3n l\u00fd ti\u1ec1n l\u01b0\u01a1ng<\/option><option value='D\u1ecbch v\u1ee5 Tr\u1ee3 l\u00fd \u1ea2o' >D\u1ecbch v\u1ee5 Tr\u1ee3 l\u00fd \u1ea2o<\/option><option value='D\u1ecbch v\u1ee5 T\u01b0 v\u1ea5n &amp; Gi\u1ea3i ph\u00e1p Nh\u00e2n s\u1ef1' >D\u1ecbch v\u1ee5 T\u01b0 v\u1ea5n &amp; Gi\u1ea3i ph\u00e1p Nh\u00e2n s\u1ef1<\/option><option value='D\u1ecbch v\u1ee5 cho ng\u01b0\u1eddi n\u01b0\u1edbc ngo\u00e0i' >D\u1ecbch v\u1ee5 cho ng\u01b0\u1eddi n\u01b0\u1edbc ngo\u00e0i<\/option><option value='D\u1ecbch v\u1ee5 kh\u00e1c' >D\u1ecbch v\u1ee5 kh\u00e1c<\/option><\/select><\/div><\/li><li id='field_24_33' class='gfield gfield_contains_required field_sublabel_below field_description_below gfield_visibility_visible' ><label class='gfield_label' for='input_24_33' >Chuy\u00ean Ng\u00e0nh<span class='gfield_required'>*<\/span><\/label><div class='ginput_container ginput_container_select'><select name='input_33' id='input_24_33'  class='medium gfield_select' tabindex='2'  aria-required=\"true\" aria-invalid=\"false\"><option value='' selected='selected' class='gf_placeholder'>Vui l\u00f2ng ch\u1ecdn...<\/option><option value='K\u1ebf to\u00e1n v\u00e0 T\u00e0i ch\u00ednh' >K\u1ebf to\u00e1n v\u00e0 T\u00e0i ch\u00ednh<\/option><option value='Bi\u00ean Phi\u00ean d\u1ecbch' >Bi\u00ean Phi\u00ean d\u1ecbch<\/option><option value='H\u00e0nh ch\u00ednh V\u0103n ph\u00f2ng &amp; Th\u01b0 k\u00fd Tr\u1ee3 l\u00fd' >H\u00e0nh ch\u00ednh V\u0103n ph\u00f2ng &amp; Th\u01b0 k\u00fd Tr\u1ee3 l\u00fd<\/option><option value='Nh\u00e2n s\u1ef1' >Nh\u00e2n s\u1ef1<\/option><option value='B\u00e1n h\u00e0ng &amp; Ti\u1ebfp th\u1ecb' >B\u00e1n h\u00e0ng &amp; Ti\u1ebfp th\u1ecb<\/option><option value='C\u00f4ng ngh\u1ec7' >C\u00f4ng ngh\u1ec7<\/option><option value='Ph\u00e1p l\u00fd' >Ph\u00e1p l\u00fd<\/option><option value='Trung t\u00e2m cu\u1ed9c g\u1ecdi' >Trung t\u00e2m cu\u1ed9c g\u1ecdi<\/option><option value='Ng\u00e0nh kh\u00e1c' >Ng\u00e0nh kh\u00e1c<\/option><\/select><\/div><\/li><li id='field_24_57' class='gfield gfield_contains_required field_sublabel_below field_description_below gfield_visibility_visible' ><label class='gfield_label' for='input_24_57' >N\u01a1i l\u00e0m vi\u1ec7c<span class='gfield_required'>*<\/span><\/label><div class='ginput_container ginput_container_text'><input name='input_57' id='input_24_57' type='text' value='' class='medium'  tabindex='3'   aria-required=\"true\" aria-invalid=\"false\" \/><\/div><\/li><li id='field_24_78' class='gfield gfield_contains_required field_sublabel_below field_description_below gfield_visibility_visible' ><label class='gfield_label' for='input_24_78' >Ng\u00e0y c\u1ea7n<span class='gfield_required'>*<\/span><\/label><div class='ginput_container ginput_container_text'><input name='input_78' id='input_24_78' type='text' value='' class='medium'  tabindex='4'   aria-required=\"true\" aria-invalid=\"false\" \/><\/div><\/li><li id='field_24_32' class='gfield gfield_contains_required field_sublabel_below field_description_below gfield_visibility_visible' ><label class='gfield_label' for='input_24_32' >Y\u00eau c\u1ea7u<span class='gfield_required'>*<\/span><\/label><div class='ginput_container ginput_container_textarea'><textarea name='input_32' id='input_24_32' class='textarea medium' tabindex='5'   aria-required=\"true\" aria-invalid=\"false\"   rows='10' cols='50'><\/textarea><\/div><\/li><\/ul>\n                    <\/div>\n                    <div class='gform_page_footer'>\n                         <input type='button' id='gform_next_button_24_2' class='gform_next_button button' value='Next' tabindex='6' onclick='jQuery(\"#gform_target_page_number_24\").val(\"2\");  jQuery(\"#gform_24\").trigger(\"submit\",[true]); ' onkeypress='if( event.keyCode == 13 ){ jQuery(\"#gform_target_page_number_24\").val(\"2\");  jQuery(\"#gform_24\").trigger(\"submit\",[true]); } ' \/> <a href='javascript:void(0);' id='gform_save_24_link' class='gform_save_link' tabindex='7' onclick='if(window[\"gf_submitting_24\"]){return false;}  window[\"gf_submitting_24\"]=true; jQuery(\"#gform_save_24\").val(1); jQuery(\"#gform_24\").trigger(\"submit\",[true]);' onkeypress='if( event.keyCode == 13 ){ if(window[\"gf_submitting_24\"]){return false;} window[\"gf_submitting_24\"]=true; jQuery(\"#gform_save_24\").val(1); jQuery(\"#gform_24\").trigger(\"submit\",[true]); }'>Save and Continue Later<\/a>\n                    <\/div>\n                <\/div>\n                <div id='gform_page_24_2' class='gform_page' style='display:none;'>\n                    <div class='gform_page_fields'>\n                        <ul id='gform_fields_24_2' class='gform_fields top_label form_sublabel_below description_below'><li id='field_24_19' class='gfield field_sublabel_below field_description_below gfield_visibility_visible' ><label class='gfield_label'  >Upload y\u00eau c\u1ea7u\/ JD (n\u1ebfu c\u00f3)<\/label><div class='ginput_container ginput_container_fileupload'><div id='gform_multifile_upload_24_19' data-settings='{&quot;runtimes&quot;:&quot;html5,flash,html4&quot;,&quot;browse_button&quot;:&quot;gform_browse_button_24_19&quot;,&quot;container&quot;:&quot;gform_multifile_upload_24_19&quot;,&quot;drop_element&quot;:&quot;gform_drag_drop_area_24_19&quot;,&quot;filelist&quot;:&quot;gform_preview_24_19&quot;,&quot;unique_names&quot;:true,&quot;file_data_name&quot;:&quot;file&quot;,&quot;url&quot;:&quot;https:\\\/\\\/worknow.vn\\\/?gf_page=5575c98de5204b7&quot;,&quot;flash_swf_url&quot;:&quot;https:\\\/\\\/worknow.vn\\\/wp-includes\\\/js\\\/plupload\\\/plupload.flash.swf&quot;,&quot;silverlight_xap_url&quot;:&quot;https:\\\/\\\/worknow.vn\\\/wp-includes\\\/js\\\/plupload\\\/plupload.silverlight.xap&quot;,&quot;filters&quot;:{&quot;mime_types&quot;:[{&quot;title&quot;:&quot;Allowed Files&quot;,&quot;extensions&quot;:&quot;*&quot;}],&quot;max_file_size&quot;:&quot;5242880b&quot;},&quot;multipart&quot;:true,&quot;urlstream_upload&quot;:false,&quot;multipart_params&quot;:{&quot;form_id&quot;:24,&quot;field_id&quot;:19},&quot;gf_vars&quot;:{&quot;max_files&quot;:&quot;10&quot;,&quot;message_id&quot;:&quot;gform_multifile_messages_24_19&quot;,&quot;disallowed_extensions&quot;:[&quot;php&quot;,&quot;asp&quot;,&quot;aspx&quot;,&quot;cmd&quot;,&quot;csh&quot;,&quot;bat&quot;,&quot;html&quot;,&quot;htm&quot;,&quot;hta&quot;,&quot;jar&quot;,&quot;exe&quot;,&quot;com&quot;,&quot;js&quot;,&quot;lnk&quot;,&quot;htaccess&quot;,&quot;phtml&quot;,&quot;ps1&quot;,&quot;ps2&quot;,&quot;php3&quot;,&quot;php4&quot;,&quot;php5&quot;,&quot;php6&quot;,&quot;py&quot;,&quot;rb&quot;,&quot;tmp&quot;]}}' class='gform_fileupload_multifile'>\n\t\t\t\t\t\t\t\t\t\t<div id='gform_drag_drop_area_24_19' class='gform_drop_area'>\n\t\t\t\t\t\t\t\t\t\t\t<span class='gform_drop_instructions'>Drop files here or <\/span>\n\t\t\t\t\t\t\t\t\t\t\t<input id='gform_browse_button_24_19' type='button' value='Select files' class='button gform_button_select_files' aria-describedby='extensions_message_24_19' tabindex='8' \/>\n\t\t\t\t\t\t\t\t\t\t<\/div>\n\t\t\t\t\t\t\t\t\t<\/div><span id='extensions_message_24_19' class='screen-reader-text'><\/span><div class='validation_message'>\n\t\t\t\t\t\t\t\t<ul id='gform_multifile_messages_24_19'>\n\t\t\t\t\t\t\t\t<\/ul>\n\t\t\t\t\t\t\t<\/div><\/div><div id='gform_preview_24_19'><\/div><\/li><\/ul>\n                    <\/div>\n                    <div class='gform_page_footer'>\n                        <input type='button' id='gform_previous_button_24_1' class='gform_previous_button button' value='Previous' tabindex='9' onclick='jQuery(\"#gform_target_page_number_24\").val(\"1\");  jQuery(\"#gform_24\").trigger(\"submit\",[true]); ' onkeypress='if( event.keyCode == 13 ){ jQuery(\"#gform_target_page_number_24\").val(\"1\");  jQuery(\"#gform_24\").trigger(\"submit\",[true]); } ' \/> <input type='button' id='gform_next_button_24_1' class='gform_next_button button' value='Next' tabindex='10' onclick='jQuery(\"#gform_target_page_number_24\").val(\"3\");  jQuery(\"#gform_24\").trigger(\"submit\",[true]); ' onkeypress='if( event.keyCode == 13 ){ jQuery(\"#gform_target_page_number_24\").val(\"3\");  jQuery(\"#gform_24\").trigger(\"submit\",[true]); } ' \/> <a href='javascript:void(0);' id='gform_save_24_link' class='gform_save_link' tabindex='11' onclick='if(window[\"gf_submitting_24\"]){return false;}  window[\"gf_submitting_24\"]=true; jQuery(\"#gform_save_24\").val(1); jQuery(\"#gform_24\").trigger(\"submit\",[true]);' onkeypress='if( event.keyCode == 13 ){ if(window[\"gf_submitting_24\"]){return false;} window[\"gf_submitting_24\"]=true; jQuery(\"#gform_save_24\").val(1); jQuery(\"#gform_24\").trigger(\"submit\",[true]); }'>Save and Continue Later<\/a>\n                    <\/div>\n                <\/div>\n                <div id='gform_page_24_3' class='gform_page' style='display:none;'>\n                    <div class='gform_page_fields'>\n                        <ul id='gform_fields_24_3' class='gform_fields top_label form_sublabel_below description_below'><li id='field_24_3' class='gfield gfield_contains_required field_sublabel_below field_description_below gfield_visibility_visible' ><label class='gfield_label' for='input_24_3' >H\u1ecd t\u00ean<span class='gfield_required'>*<\/span><\/label><div class='ginput_container ginput_container_text'><input name='input_3' id='input_24_3' type='text' value='' class='medium'  tabindex='12'   aria-required=\"true\" aria-invalid=\"false\" \/><\/div><\/li><li id='field_24_4' class='gfield gfield_contains_required field_sublabel_below field_description_below gfield_visibility_visible' ><label class='gfield_label' for='input_24_4' >T\u00ean C\u00f4ng ty<span class='gfield_required'>*<\/span><\/label><div class='ginput_container ginput_container_text'><input name='input_4' id='input_24_4' type='text' value='' class='medium'  tabindex='13'   aria-required=\"true\" aria-invalid=\"false\" \/><\/div><\/li><li id='field_24_47' class='gfield gfield_contains_required field_sublabel_below field_description_below gfield_visibility_visible' ><label class='gfield_label' for='input_24_47' >Email<span class='gfield_required'>*<\/span><\/label><div class='ginput_container ginput_container_email'>\n                            <input name='input_47' id='input_24_47' type='text' value='' class='medium' tabindex='14'    aria-required=\"true\" aria-invalid=\"false\"\/>\n                        <\/div><\/li><li id='field_24_6' class='gfield gfield_contains_required field_sublabel_below field_description_below gfield_visibility_visible' ><label class='gfield_label' for='input_24_6' >S\u1ed1 \u0111i\u1ec7n tho\u1ea1i<span class='gfield_required'>*<\/span><\/label><div class='ginput_container ginput_container_phone'><input name='input_6' id='input_24_6' type='text' value='' class='medium' tabindex='15'   aria-required=\"true\" aria-invalid=\"false\" \/><\/div><\/li><li id='field_24_11' class='gfield field_sublabel_below field_description_below gfield_visibility_visible' ><label class='gfield_label' for='input_24_11' >\u00dd ki\u1ebfn b\u1ed5 sung<\/label><div class='ginput_container ginput_container_textarea'><textarea name='input_11' id='input_24_11' class='textarea medium' tabindex='16'    aria-invalid=\"false\"   rows='10' cols='50'><\/textarea><\/div><\/li><li id='field_24_22' class='gfield field_sublabel_below field_description_below gfield_visibility_visible' ><label class='gfield_label' for='input_24_22' >CAPTCHA<\/label><div id='input_24_22' class='ginput_container ginput_recaptcha' data-sitekey='6Lc20DQfAAAAAHc-R3yHB88hEAf1kIs2pjBzOYVB'  data-theme='light' data-tabindex='17'><\/div><\/li>\n                            <\/ul><\/div>\n        <div class='gform_page_footer top_label'><input type='submit' id='gform_previous_button_24' class='gform_previous_button button' value='Previous' tabindex='18' onclick='if(window[\"gf_submitting_24\"]){return false;}  window[\"gf_submitting_24\"]=true;  ' onkeypress='if( event.keyCode == 13 ){ if(window[\"gf_submitting_24\"]){return false;} window[\"gf_submitting_24\"]=true;  jQuery(\"#gform_24\").trigger(\"submit\",[true]); }' \/> <input type='submit' id='gform_submit_button_24' class='gform_button button' value='G\u1edfi Y\u00eau C\u1ea7u' tabindex='19' onclick='if(window[\"gf_submitting_24\"]){return false;}  window[\"gf_submitting_24\"]=true;  ' onkeypress='if( event.keyCode == 13 ){ if(window[\"gf_submitting_24\"]){return false;} window[\"gf_submitting_24\"]=true;  jQuery(\"#gform_24\").trigger(\"submit\",[true]); }' \/> <a href='javascript:void(0);' id='gform_save_24_link' class='gform_save_link' tabindex='20' onclick='if(window[\"gf_submitting_24\"]){return false;}  window[\"gf_submitting_24\"]=true; jQuery(\"#gform_save_24\").val(1); jQuery(\"#gform_24\").trigger(\"submit\",[true]);' onkeypress='if( event.keyCode == 13 ){ if(window[\"gf_submitting_24\"]){return false;} window[\"gf_submitting_24\"]=true; jQuery(\"#gform_save_24\").val(1); jQuery(\"#gform_24\").trigger(\"submit\",[true]); }'>Save and Continue Later<\/a>\n            <input type='hidden' class='gform_hidden' name='is_submit_24' value='1' \/>\n            <input type='hidden' class='gform_hidden' name='gform_submit' value='24' \/>\n            <input type='hidden' class='gform_hidden' name='gform_save' id='gform_save_24' value='' \/>\n                             <input type='hidden' class='gform_hidden' name='gform_resume_token' id='gform_resume_token_24' value='' \/>\n            <input type='hidden' class='gform_hidden' name='gform_unique_id' value='' \/>\n            <input type='hidden' class='gform_hidden' name='state_24' value='WyJbXSIsIjUyMzc3NGJjNmNjYmMwNWQ3NmIyYTc2YWI1Yjg0N2UwIl0=' \/>\n            <input type='hidden' class='gform_hidden' name='gform_target_page_number_24' id='gform_target_page_number_24' value='2' \/>\n            <input type='hidden' class='gform_hidden' name='gform_source_page_number_24' id='gform_source_page_number_24' value='1' \/>\n            <input type='hidden' name='gform_field_values' value='' \/>\n            <input type='hidden' name='gform_uploaded_files' id='gform_uploaded_files_24' value='' \/>\n        <\/div>\n                        <\/div><\/div>\n                        <\/form>\n                        <\/div><script type='text\/javascript'> if(typeof gf_global == 'undefined') var gf_global = {\"gf_currency_config\":{\"name\":\"U.S. Dollar\",\"symbol_left\":\"$\",\"symbol_right\":\"\",\"symbol_padding\":\"\",\"thousand_separator\":\",\",\"decimal_separator\":\".\",\"decimals\":2},\"base_url\":\"https:\\\/\\\/worknow.vn\\\/wp-content\\\/plugins\\\/gravityforms\",\"number_formats\":[],\"spinnerUrl\":\"https:\\\/\\\/worknow.vn\\\/wp-content\\\/plugins\\\/gravityforms\\\/images\\\/spinner.gif\"};jQuery(document).bind('gform_post_render', function(event, formId, currentPage){if(formId == 24) {jQuery('#gform_save_24').val('');gf_global[\"number_formats\"][24] = {\"10\":{\"price\":false,\"value\":false},\"33\":{\"price\":false,\"value\":false},\"57\":{\"price\":false,\"value\":false},\"78\":{\"price\":false,\"value\":false},\"32\":{\"price\":false,\"value\":false},\"2\":{\"price\":false,\"value\":false},\"19\":{\"price\":false,\"value\":false},\"1\":{\"price\":false,\"value\":false},\"3\":{\"price\":false,\"value\":false},\"4\":{\"price\":false,\"value\":false},\"47\":{\"price\":false,\"value\":false},\"6\":{\"price\":false,\"value\":false},\"11\":{\"price\":false,\"value\":false},\"22\":{\"price\":false,\"value\":false}};if(window['jQuery']){if(!window['gf_form_conditional_logic'])window['gf_form_conditional_logic'] = new Array();window['gf_form_conditional_logic'][24] = { logic: { 33: {\"field\":{\"actionType\":\"show\",\"logicType\":\"any\",\"rules\":[{\"fieldId\":\"10\",\"operator\":\"is\",\"value\":\"Gi\\u1ea3i ph\\u00e1p Nh\\u00e2n s\\u1ef1\"},{\"fieldId\":\"10\",\"operator\":\"is\",\"value\":\"Gi\\u1ea3i ph\\u00e1p Tuy\\u1ec3n d\\u1ee5ng\"},{\"fieldId\":\"10\",\"operator\":\"is\",\"value\":\"Thu\\u00ea ngo\\u00e0i\"},{\"fieldId\":\"10\",\"operator\":\"is\",\"value\":\"Tuy\\u1ec3n d\\u1ee5ng Qu\\u1ed1c t\\u1ebf\"}]},\"nextButton\":null,\"section\":null},57: {\"field\":{\"actionType\":\"show\",\"logicType\":\"any\",\"rules\":[{\"fieldId\":\"10\",\"operator\":\"is\",\"value\":\"Gi\\u1ea3i ph\\u00e1p Nh\\u00e2n s\\u1ef1\"},{\"fieldId\":\"10\",\"operator\":\"is\",\"value\":\"Gi\\u1ea3i ph\\u00e1p Tuy\\u1ec3n d\\u1ee5ng\"},{\"fieldId\":\"10\",\"operator\":\"is\",\"value\":\"Thu\\u00ea ngo\\u00e0i\"},{\"fieldId\":\"10\",\"operator\":\"is\",\"value\":\"Tuy\\u1ec3n d\\u1ee5ng Qu\\u1ed1c t\\u1ebf\"}]},\"nextButton\":null,\"section\":null},78: {\"field\":{\"actionType\":\"show\",\"logicType\":\"any\",\"rules\":[{\"fieldId\":\"10\",\"operator\":\"is\",\"value\":\"Gi\\u1ea3i ph\\u00e1p Nh\\u00e2n s\\u1ef1\"},{\"fieldId\":\"10\",\"operator\":\"is\",\"value\":\"Gi\\u1ea3i ph\\u00e1p Tuy\\u1ec3n d\\u1ee5ng\"},{\"fieldId\":\"10\",\"operator\":\"is\",\"value\":\"Thu\\u00ea ngo\\u00e0i\"},{\"fieldId\":\"10\",\"operator\":\"is\",\"value\":\"Tuy\\u1ec3n d\\u1ee5ng Qu\\u1ed1c t\\u1ebf\"},{\"fieldId\":\"10\",\"operator\":\"is\",\"value\":\"Qu\\u1ea3n l\\u00fd ti\\u1ec1n l\\u01b0\\u01a1ng\"},{\"fieldId\":\"10\",\"operator\":\"is\",\"value\":\"D\\u1ecbch v\\u1ee5 Tr\\u1ee3 l\\u00fd \\u1ea2o\"},{\"fieldId\":\"10\",\"operator\":\"is\",\"value\":\"D\\u1ecbch v\\u1ee5 T\\u01b0 v\\u1ea5n & Gi\\u1ea3i ph\\u00e1p Nh\\u00e2n s\\u1ef1\"},{\"fieldId\":\"10\",\"operator\":\"is\",\"value\":\"D\\u1ecbch v\\u1ee5 cho ng\\u01b0\\u1eddi n\\u01b0\\u1edbc ngo\\u00e0i\"},{\"fieldId\":\"10\",\"operator\":\"is\",\"value\":\"D\\u1ecbch v\\u1ee5 kh\\u00e1c\"}]},\"nextButton\":null,\"section\":null},32: {\"field\":{\"actionType\":\"show\",\"logicType\":\"any\",\"rules\":[{\"fieldId\":\"10\",\"operator\":\"is\",\"value\":\"Gi\\u1ea3i ph\\u00e1p Nh\\u00e2n s\\u1ef1\"},{\"fieldId\":\"10\",\"operator\":\"is\",\"value\":\"Gi\\u1ea3i ph\\u00e1p Tuy\\u1ec3n d\\u1ee5ng\"},{\"fieldId\":\"10\",\"operator\":\"is\",\"value\":\"Thu\\u00ea ngo\\u00e0i\"},{\"fieldId\":\"10\",\"operator\":\"is\",\"value\":\"Tuy\\u1ec3n d\\u1ee5ng Qu\\u1ed1c t\\u1ebf\"},{\"fieldId\":\"10\",\"operator\":\"is\",\"value\":\"Qu\\u1ea3n l\\u00fd ti\\u1ec1n l\\u01b0\\u01a1ng\"},{\"fieldId\":\"10\",\"operator\":\"is\",\"value\":\"D\\u1ecbch v\\u1ee5 Tr\\u1ee3 l\\u00fd \\u1ea2o\"},{\"fieldId\":\"10\",\"operator\":\"is\",\"value\":\"D\\u1ecbch v\\u1ee5 T\\u01b0 v\\u1ea5n & Gi\\u1ea3i ph\\u00e1p Nh\\u00e2n s\\u1ef1\"},{\"fieldId\":\"10\",\"operator\":\"is\",\"value\":\"D\\u1ecbch v\\u1ee5 cho ng\\u01b0\\u1eddi n\\u01b0\\u1edbc ngo\\u00e0i\"},{\"fieldId\":\"10\",\"operator\":\"is\",\"value\":\"D\\u1ecbch v\\u1ee5 kh\\u00e1c\"}]},\"nextButton\":null,\"section\":null} }, dependents: { 33: [33],57: [57],78: [78],32: [32] }, animation: 0, defaults: [], fields: {\"10\":[33,57,78,32],\"33\":[],\"57\":[],\"78\":[],\"32\":[],\"2\":[],\"19\":[],\"1\":[],\"3\":[],\"4\":[],\"47\":[],\"6\":[],\"11\":[],\"22\":[]} }; if(!window['gf_number_format'])window['gf_number_format'] = 'decimal_dot';jQuery(document).ready(function(){gf_apply_rules(24, [33,57,78,32], true);jQuery('#gform_wrapper_24').show();jQuery(document).trigger('gform_post_conditional_logic', [24, null, true]);} );} if(typeof Placeholders != 'undefined'){\n                        Placeholders.enable();\n                    }} } );jQuery(document).bind('gform_post_conditional_logic', function(event, formId, fields, isInit){} );<\/script><script type='text\/javascript'> jQuery(document).ready(function(){jQuery(document).trigger('gform_post_render', [24, 1]) } ); <\/script>[\/vc_column][\/vc_row][vc_row margin_bottom=&#8221;0&#8243;][vc_column width=&#8221;1\/4&#8243;]<div class=\"shortcode-wrapper shortcode-title clearfix\"><h4 class=\"hb-heading \"><span>H\u1ee3p \u0111\u1ed3ng nh\u00e2n t\u00e0i?<\/span><\/h4><\/div><div class=\"shortcode-wrapper shortcode-spacer clearfix\"><div class=\"spacer\" style=\"height:5px;\"><\/div><\/div>[vc_column_text]Thu\u00ea chuy\u00ean gia l\u00e0nh ngh\u1ec1 t\u1ea1m th\u1eddi trong th\u1eddi gian ng\u1eafn ho\u1eb7c d\u00e0i h\u1ea1n[\/vc_column_text][\/vc_column][vc_column width=&#8221;1\/4&#8243;]<div class=\"shortcode-wrapper shortcode-title clearfix\"><h4 class=\"hb-heading \"><span>Thu\u00ea WorkNow?<\/span><\/h4><\/div><div class=\"shortcode-wrapper shortcode-spacer clearfix\"><div class=\"spacer\" style=\"height:5px;\"><\/div><\/div>[vc_column_text]D\u1ecbch v\u1ee5 tr\u1ee3 l\u00fd \u1ea3o, Qu\u1ea3n l\u00fd ti\u1ec1n l\u01b0\u01a1ng, Gi\u1ea3i ph\u00e1p nh\u00e2n s\u1ef1 &amp; D\u1ecbch v\u1ee5 t\u01b0 v\u1ea5n kh\u00e1c theo y\u00eau c\u1ea7u[\/vc_column_text][\/vc_column][vc_column width=&#8221;1\/4&#8243;]<div class=\"shortcode-wrapper shortcode-title clearfix\"><h4 class=\"hb-heading \"><span>Tuy\u1ec3n nh\u00e2n vi\u00ean to\u00e0n th\u1eddi gian?<\/span><\/h4><\/div><div class=\"shortcode-wrapper shortcode-spacer clearfix\"><div class=\"spacer\" style=\"height:5px;\"><\/div><\/div>[vc_column_text]\u1ee8ng vi\u00ean \u0111\u00e1p \u1ee9ng t\u1ea5t c\u1ea3 c\u00e1c \u0111i\u1ec1u ki\u1ec7n ti\u00ean quy\u1ebft v\u00e0 s\u1edf h\u1eefu c\u00e1c k\u1ef9 n\u0103ng v\u00e0 kinh nghi\u1ec7m c\u1ea7n thi\u1ebft cho v\u1ecb tr\u00ed c\u1ea7n tuy\u1ec3n c\u1ee7a kh\u00e1ch h\u00e0ng[\/vc_column_text][\/vc_column][vc_column width=&#8221;1\/4&#8243;]<div class=\"shortcode-wrapper shortcode-title clearfix\"><h4 class=\"hb-heading \"><span>Th\u1eed vi\u1ec7c tr\u01b0\u1edbc khi tuy\u1ec3n?<\/span><\/h4><\/div><div class=\"shortcode-wrapper shortcode-spacer clearfix\"><div class=\"spacer\" style=\"height:5px;\"><\/div><\/div>[vc_column_text]Nh\u00e2n vi\u00ean \u0111\u01b0\u1ee3c tuy\u1ec3n v\u00e0 qu\u1ea3n l\u00fd b\u1edfi WorkNow. Khi k\u1ebft th\u00fac khung th\u1eddi gian th\u1eed vi\u1ec7c, n\u1ebfu \u0111\u1ea1t y\u00eau c\u1ea7u nh\u00e2n vi\u00ean s\u1ebd \u0111\u01b0\u1ee3c tuy\u1ec3n ch\u00ednh th\u1ee9c b\u1edfi kh\u00e1ch h\u00e0ng<\/p>\n[\/vc_column_text][\/vc_column][\/vc_row]\n<\/div>","protected":false},"excerpt":{"rendered":"<p>[vc_row][vc_column][vc_column_text] Vui l\u00f2ng \u0111i\u1ec1n th\u00f4ng tin v\u00e0o form v\u00e0 sau khi g\u1edfi kh\u00e1ch h\u00e0ng s\u1ebd nh\u1eadn email v\u00e0 \/ho\u1eb7c cu\u1ed9c g\u1ecdi t\u1eeb WorkNow \u0111\u1ec3 trao \u0111\u1ed5i v\u1ec1 nhu c\u1ea7u c\u1ee7a qu\u00fd kh\u00e1ch v\u00e0 tr\u1ea3 l\u1eddi c\u00e1c c\u00e2u h\u1ecfi (n\u1ebfu c\u00f3)[\/vc_column_text][\/vc_column][\/vc_row][vc_row margin_bottom=&#8221;0&#8243;][vc_column width=&#8221;1\/4&#8243;][vc_column_text]Thu\u00ea chuy\u00ean gia l\u00e0nh ngh\u1ec1 t\u1ea1m th\u1eddi trong th\u1eddi gian ng\u1eafn ho\u1eb7c d\u00e0i h\u1ea1n[\/vc_column_text][\/vc_column][vc_column [&hellip;]<\/p>\n","protected":false},"author":1,"featured_media":0,"parent":0,"menu_order":0,"comment_status":"closed","ping_status":"closed","template":"","meta":{"nf_dc_page":"","footnotes":""},"class_list":["post-7210","page","type-page","status-publish","hentry"],"_links":{"self":[{"href":"https:\/\/worknow.vn\/vi\/wp-json\/wp\/v2\/pages\/7210","targetHints":{"allow":["GET"]}}],"collection":[{"href":"https:\/\/worknow.vn\/vi\/wp-json\/wp\/v2\/pages"}],"about":[{"href":"https:\/\/worknow.vn\/vi\/wp-json\/wp\/v2\/types\/page"}],"author":[{"embeddable":true,"href":"https:\/\/worknow.vn\/vi\/wp-json\/wp\/v2\/users\/1"}],"replies":[{"embeddable":true,"href":"https:\/\/worknow.vn\/vi\/wp-json\/wp\/v2\/comments?post=7210"}],"version-history":[{"count":5,"href":"https:\/\/worknow.vn\/vi\/wp-json\/wp\/v2\/pages\/7210\/revisions"}],"predecessor-version":[{"id":12340,"href":"https:\/\/worknow.vn\/vi\/wp-json\/wp\/v2\/pages\/7210\/revisions\/12340"}],"wp:attachment":[{"href":"https:\/\/worknow.vn\/vi\/wp-json\/wp\/v2\/media?parent=7210"}],"curies":[{"name":"wp","href":"https:\/\/api.w.org\/{rel}","templated":true}]}}