{"id":8630,"date":"2018-07-02T09:25:17","date_gmt":"2018-07-02T09:25:17","guid":{"rendered":"https:\/\/colaw.vn\/?page_id=8630\/"},"modified":"2023-04-29T11:09:01","modified_gmt":"2023-04-29T11:09:01","slug":"y-kien-phan-hoi","status":"publish","type":"page","link":"https:\/\/worknow.vn\/vi\/y-kien-phan-hoi\/","title":{"rendered":"\u00dd Ki\u1ebfn Ph\u1ea3n H\u1ed3i"},"content":{"rendered":"<div class=\"wpb-content-wrapper\">[vc_row][vc_column width=&#8221;3\/4&#8243;]<div class=\"shortcode-wrapper shortcode-title clearfix\"><h4 style=\"color:#9a4b3c!important;border-color:#9a4b3c\" class=\"hb-heading \"><span>Ch\u00fang t\u00f4i r\u1ea5t h\u00e2n h\u1ea1nh \u0111\u01b0\u1ee3c nh\u1eadn \u00fd ki\u1ebfn ph\u1ea3n h\u1ed3i t\u1eeb Qu\u00fd kh\u00e1ch!<\/span><\/h4><\/div>[vc_column_text]<div class=\"shortcode-wrapper shortcode-spacer clearfix\"><div class=\"spacer\" style=\"height:10px;\"><\/div><\/div>\n<p>\u00dd ki\u1ebfn c\u1ee7a Qu\u00fd kh\u00e1ch s\u1ebd \u0111\u01b0\u01a1c g\u1edfi tr\u1ef1c ti\u1ebfp \u0111\u1ebfn Ban gi\u00e1m \u0111\u1ed1c. H\u00e3y \u0111i\u1ec1n n\u1ed9i dung theo m\u1eabu v\u00e0 g\u1edfi cho ch\u00fang t\u00f4i![\/vc_column_text]\n                <div class='gf_browser_gecko gform_wrapper' id='gform_wrapper_18' ><form method='post' enctype='multipart\/form-data'  id='gform_18'  action='\/vi\/wp-json\/wp\/v2\/pages\/8630'>\n                        <div class='gform_body'><ul id='gform_fields_18' class='gform_fields top_label form_sublabel_below description_below'><li id='field_18_1' class='gfield gfield_contains_required field_sublabel_below field_description_below gfield_visibility_visible' ><label class='gfield_label' for='input_18_1' >H\u1ecd t\u00ean<span class='gfield_required'>*<\/span><\/label><div class='ginput_container ginput_container_text'><input name='input_1' id='input_18_1' type='text' value='' class='medium'  tabindex='1'   aria-required=\"true\" aria-invalid=\"false\" \/><\/div><\/li><li id='field_18_5' class='gfield gfield_contains_required field_sublabel_below field_description_below gfield_visibility_visible' ><label class='gfield_label' for='input_18_5' >\u0110i\u1ec7n tho\u1ea1i<span class='gfield_required'>*<\/span><\/label><div class='ginput_container ginput_container_text'><input name='input_5' id='input_18_5' type='text' value='' class='medium'  tabindex='2'   aria-required=\"true\" aria-invalid=\"false\" \/><\/div><\/li><li id='field_18_6' class='gfield gfield_contains_required field_sublabel_below field_description_below gfield_visibility_visible' ><label class='gfield_label' for='input_18_6' >Email<span class='gfield_required'>*<\/span><\/label><div class='ginput_container ginput_container_text'><input name='input_6' id='input_18_6' type='text' value='' class='medium'  tabindex='3'   aria-required=\"true\" aria-invalid=\"false\" \/><\/div><\/li><li id='field_18_3' class='gfield gfield_contains_required field_sublabel_below field_description_below gfield_visibility_visible' ><label class='gfield_label' for='input_18_3' >N\u1ed9i dung ph\u1ea3n h\u1ed3i<span class='gfield_required'>*<\/span><\/label><div class='ginput_container ginput_container_textarea'><textarea name='input_3' id='input_18_3' class='textarea medium' tabindex='4'   aria-required=\"true\" aria-invalid=\"false\"   rows='10' cols='50'><\/textarea><\/div><\/li><li id='field_18_4' class='gfield field_sublabel_below field_description_below gfield_visibility_visible' ><label class='gfield_label' for='input_18_4' >CAPTCHA<\/label><div id='input_18_4' class='ginput_container ginput_recaptcha' data-sitekey='6Lc20DQfAAAAAHc-R3yHB88hEAf1kIs2pjBzOYVB'  data-theme='light' data-tabindex='5'><\/div><\/li>\n                            <\/ul><\/div>\n        <div class='gform_footer top_label'> <input type='submit' id='gform_submit_button_18' class='gform_button button' value='G\u1edfi ph\u1ea3n h\u1ed3i' tabindex='6' onclick='if(window[\"gf_submitting_18\"]){return false;}  window[\"gf_submitting_18\"]=true;  ' onkeypress='if( event.keyCode == 13 ){ if(window[\"gf_submitting_18\"]){return false;} window[\"gf_submitting_18\"]=true;  jQuery(\"#gform_18\").trigger(\"submit\",[true]); }' \/> \n            <input type='hidden' class='gform_hidden' name='is_submit_18' value='1' \/>\n            <input type='hidden' class='gform_hidden' name='gform_submit' value='18' \/>\n            \n            <input type='hidden' class='gform_hidden' name='gform_unique_id' value='' \/>\n            <input type='hidden' class='gform_hidden' name='state_18' value='WyJbXSIsIjUyMzc3NGJjNmNjYmMwNWQ3NmIyYTc2YWI1Yjg0N2UwIl0=' \/>\n            <input type='hidden' class='gform_hidden' name='gform_target_page_number_18' id='gform_target_page_number_18' value='0' \/>\n            <input type='hidden' class='gform_hidden' name='gform_source_page_number_18' id='gform_source_page_number_18' value='1' \/>\n            <input type='hidden' name='gform_field_values' value='' \/>\n            \n        <\/div>\n                        <\/form>\n                        <\/div><script type='text\/javascript'> if(typeof gf_global == 'undefined') var gf_global = {\"gf_currency_config\":{\"name\":\"U.S. Dollar\",\"symbol_left\":\"$\",\"symbol_right\":\"\",\"symbol_padding\":\"\",\"thousand_separator\":\",\",\"decimal_separator\":\".\",\"decimals\":2},\"base_url\":\"https:\\\/\\\/worknow.vn\\\/wp-content\\\/plugins\\\/gravityforms\",\"number_formats\":[],\"spinnerUrl\":\"https:\\\/\\\/worknow.vn\\\/wp-content\\\/plugins\\\/gravityforms\\\/images\\\/spinner.gif\"};jQuery(document).bind('gform_post_render', function(event, formId, currentPage){if(formId == 18) {} } );jQuery(document).bind('gform_post_conditional_logic', function(event, formId, fields, isInit){} );<\/script><script type='text\/javascript'> jQuery(document).ready(function(){jQuery(document).trigger('gform_post_render', [18, 1]) } ); <\/script>[\/vc_column][vc_column width=&#8221;1\/4&#8243;][vc_column_text]\n<h5><strong>Qu\u00fd kh\u00e1ch ngh\u0129 g\u00ec v\u1ec1 ch\u00fang t\u00f4i?<\/strong><\/h5>\n<p>Ch\u00fang t\u00f4i r\u1ea5t c\u1ea3m \u01a1n m\u1ecdi th\u00f4ng tin ph\u1ea3n h\u1ed3i c\u1ee7a Qu\u00fd kh\u00e1ch, \u00fd ki\u1ebfn ph\u1ea3n h\u1ed3i c\u1ee7a Qu\u00fd kh\u00e1ch r\u1ea5t quan tr\u1ecdng cho ch\u00fang t\u00f4i \u0111\u1ec3 n\u00e2ng cao ch\u1ea5t l\u01b0\u01a1ng d\u1ecbch v\u1ee5 v\u00e0 ph\u1ee5c v\u1ee5 Qu\u00fd kh\u00e1ch ng\u00e0y c\u00e0ng t\u1ed1t h\u01a1n.<\/p>\n<p>Qu\u00fd kh\u00e1ch c\u00f3 th\u1ec3 g\u1edfi b\u1ea5t k\u1ef3 \u0111i\u1ec1u g\u00ec kh\u00f4ng h\u00e0i l\u00f2ng, hay than phi\u1ec1n v\u1ec1 ch\u1ea5t l\u01b0\u1ee3ng d\u1ecbch v\u1ee5 c\u1ee7a ch\u00fang t\u00f4i.\u00a0Ch\u00fang t\u00f4i r\u1ea5t h\u00e2n h\u1ea1nh \u0111\u01b0\u1ee3c nh\u1eadn \u00fd ki\u1ebfn ph\u1ea3n h\u1ed3i t\u1eeb Qu\u00fd kh\u00e1ch![\/vc_column_text][\/vc_column][\/vc_row][vc_row][vc_column][\/vc_column][\/vc_row]\n<\/div>","protected":false},"excerpt":{"rendered":"<p>[vc_row][vc_column width=&#8221;3\/4&#8243;][vc_column_text] \u00dd ki\u1ebfn c\u1ee7a Qu\u00fd kh\u00e1ch s\u1ebd \u0111\u01b0\u01a1c g\u1edfi tr\u1ef1c ti\u1ebfp \u0111\u1ebfn Ban gi\u00e1m \u0111\u1ed1c. H\u00e3y \u0111i\u1ec1n n\u1ed9i dung theo m\u1eabu v\u00e0 g\u1edfi cho ch\u00fang t\u00f4i![\/vc_column_text][\/vc_column][vc_column width=&#8221;1\/4&#8243;][vc_column_text] Qu\u00fd kh\u00e1ch ngh\u0129 g\u00ec v\u1ec1 ch\u00fang t\u00f4i? Ch\u00fang t\u00f4i r\u1ea5t c\u1ea3m \u01a1n m\u1ecdi th\u00f4ng tin ph\u1ea3n h\u1ed3i c\u1ee7a Qu\u00fd kh\u00e1ch, \u00fd ki\u1ebfn ph\u1ea3n h\u1ed3i c\u1ee7a Qu\u00fd kh\u00e1ch [&hellip;]<\/p>\n","protected":false},"author":1,"featured_media":0,"parent":0,"menu_order":0,"comment_status":"closed","ping_status":"closed","template":"","meta":{"nf_dc_page":"","footnotes":""},"class_list":["post-8630","page","type-page","status-publish","hentry"],"_links":{"self":[{"href":"https:\/\/worknow.vn\/vi\/wp-json\/wp\/v2\/pages\/8630","targetHints":{"allow":["GET"]}}],"collection":[{"href":"https:\/\/worknow.vn\/vi\/wp-json\/wp\/v2\/pages"}],"about":[{"href":"https:\/\/worknow.vn\/vi\/wp-json\/wp\/v2\/types\/page"}],"author":[{"embeddable":true,"href":"https:\/\/worknow.vn\/vi\/wp-json\/wp\/v2\/users\/1"}],"replies":[{"embeddable":true,"href":"https:\/\/worknow.vn\/vi\/wp-json\/wp\/v2\/comments?post=8630"}],"version-history":[{"count":5,"href":"https:\/\/worknow.vn\/vi\/wp-json\/wp\/v2\/pages\/8630\/revisions"}],"predecessor-version":[{"id":8663,"href":"https:\/\/worknow.vn\/vi\/wp-json\/wp\/v2\/pages\/8630\/revisions\/8663"}],"wp:attachment":[{"href":"https:\/\/worknow.vn\/vi\/wp-json\/wp\/v2\/media?parent=8630"}],"curies":[{"name":"wp","href":"https:\/\/api.w.org\/{rel}","templated":true}]}}