{"id":9024,"date":"2021-04-11T04:39:17","date_gmt":"2021-04-11T04:39:17","guid":{"rendered":"https:\/\/colaw.vn\/?page_id=9024\/"},"modified":"2022-05-18T03:36:57","modified_gmt":"2022-05-18T03:36:57","slug":"gia-tri-cua-chung-toi","status":"publish","type":"page","link":"https:\/\/worknow.vn\/vi\/gia-tri-cua-chung-toi\/","title":{"rendered":"Gi\u00e1 Tr\u1ecb C\u1ee7a Ch\u00fang T\u00f4i"},"content":{"rendered":"<div class=\"wpb-content-wrapper\">[vc_row top_margin=&#8221;0&#8243; bottom_margin=&#8221;0&#8243; css=&#8221;.vc_custom_1499912039446{margin-top: -30px !important;}&#8221;][vc_column]<div class=\"shortcode-wrapper shortcode-title clearfix hb-animate-element hb-fade-in\"><p style=\"color:#9a4c3c!important;border-color:#9a4c3c\" class=\"hb-text-large aligncenter\">D\u1ecbch V\u1ee5 \u0110\u0103ng K\u00fd K\u1ebft H\u00f4n V\u1edbi Ng\u01b0\u1eddi N\u01b0\u1edbc Ngo\u00e0i<\/p><\/div>[vc_row_inner][vc_column_inner][vc_column_text]Ch\u00fang t\u00f4i cung c\u1ea5p d\u1ecbch v\u1ee5 K\u1ebft h\u00f4n, v\u1edbi mong mu\u1ed1n \u0111\u01b0\u1ee3c h\u1ed7 tr\u1ee3 Kh\u00e1ch h\u00e0ng K\u1ebft h\u00f4n th\u00e0nh c\u00f4ng nhanh ch\u00f3ng v\u00e0 H\u1ea1nh ph\u00fac b\u1ec1n v\u1eefng c\u00f9ng nhau, \u0111\u00f3 l\u00e0 gi\u00e1 tr\u1ecb \u0111\u00edch th\u1ef1c Ch\u00fang t\u00f4i mang \u0111\u1ebfn cho kh\u00e1ch h\u00e0ng, s\u1ef1 h\u00e0i l\u00f2ng c\u1ee7a kh\u00e1ch h\u00e0ng ch\u00ednh l\u00e0 th\u00e0nh c\u00f4ng c\u1ee7a ch\u00fang t\u00f4i! H\u00e3y li\u00ean h\u1ec7 ngay, ch\u00fang t\u00f4i lu\u00f4n s\u1eb5n s\u00e0ng h\u1ed7 tr\u1ee3 v\u00e0 \u0111\u1ed3ng h\u00e0nh c\u00f9ng Qu\u00fd kh\u00e1ch!<br \/>\nCh\u00fang t\u00f4i cung c\u1ea5p d\u1ecbch v\u1ee5 K\u1ebft h\u00f4n gi\u1eefa c\u00f4ng d\u00e2n Vi\u1ec7t Nam v\u1edbi ng\u01b0\u1eddi n\u01b0\u1edbc ngo\u00e0i, Ng\u01b0\u1eddi n\u01b0\u1edbc ngo\u00e0i c\u01b0 tr\u00fa t\u1ea1i Vi\u1ec7t Nam c\u00f3 nhu c\u1ea7u \u0111\u0103ng k\u00fd k\u1ebft h\u00f4n t\u1ea1i Vi\u1ec7t Nam, K\u1ebft h\u00f4n gi\u1eefa c\u00f4ng d\u00e2n Vi\u1ec7t Nam c\u01b0 tr\u00fa \u1edf trong n\u01b0\u1edbc v\u1edbi c\u00f4ng d\u00e2n Vi\u1ec7t Nam \u0111\u1ecbnh c\u01b0 \u1edf n\u01b0\u1edbc ngo\u00e0i, K\u1ebft h\u00f4n gi\u1eefa c\u00f4ng d\u00e2n Vi\u1ec7t Nam \u0111\u1ecbnh c\u01b0 \u1edf n\u01b0\u1edbc ngo\u00e0i v\u1edbi nhau, K\u1ebft h\u00f4n gi\u1eefa c\u00f4ng d\u00e2n Vi\u1ec7t Nam \u0111\u1ed3ng th\u1eddi c\u00f3 qu\u1ed1c t\u1ecbch n\u01b0\u1edbc ngo\u00e0i v\u1edbi c\u00f4ng d\u00e2n Vi\u1ec7t Nam ho\u1eb7c v\u1edbi ng\u01b0\u1eddi n\u01b0\u1edbc ngo\u00e0i,<\/p>\n<p style=\"text-align: left;\">C\u0103n c\u1ee9 theo \u0110i\u1ec1u 30 Ngh\u1ecb \u0111\u1ecbnh 123\/2015\/N\u0110-CP k\u1ebft h\u00f4n c\u00f3 y\u1ebfu t\u1ed1 n\u01b0\u1edbc ngo\u00e0i t\u1ea1i Vi\u1ec7t nam c\u1ea7n ph\u1ea3i \u0111\u00e1p \u1ee9ng \u0111i\u1ec1u ki\u1ec7n k\u1ebft h\u00f4n theo quy \u0111\u1ecbnh c\u1ee7a Lu\u1eadt H\u00f4n nh\u00e2n v\u00e0 gia \u0111\u00ecnh 2014, y\u00eau c\u1ea7u h\u1ed3 s\u01a1 \u0111\u0103ng k\u00fd k\u1ebft h\u00f4n nh\u01b0 sau:<\/p>\n[\/vc_column_text][\/vc_column_inner][\/vc_row_inner][vc_row_inner][vc_column_inner width=&#8221;1\/2&#8243;][vc_column_text]<strong><em>Y\u00eau c\u1ea7u t\u00e0i li\u1ec7u h\u1ed3 s\u01a1 \u0111\u1ed1i v\u1edbi ng\u01b0\u1eddi Vi\u1ec7t Nam (N\u1eef t\u1eeb \u0111\u1ee7 18 tu\u1ed5i tr\u1edf l\u00ean \/ Nam t\u1eeb \u0111\u1ee7 20 tu\u1ed5i tr\u1edf l\u00ean)<\/em><\/strong><br \/>\n\u2013 Ch\u1ee9ng minh th\u01b0, s\u1ed5 h\u1ed9 kh\u1ea9u (b\u1ea3n sao c\u00f3 ch\u1ee9ng th\u1ef1c)<br \/>\n\u2013 Gi\u1ea5y x\u00e1c nh\u1eadn t\u00ecnh tr\u1ea1ng h\u00f4n nh\u00e2n (c\u00f2n hi\u1ec7u l\u1ef1c)<br \/>\n\u2013 Gi\u1ea5y kh\u00e1m s\u1ee9c kh\u1ecfe c\u1ee7a c\u01a1 s\u1edf kh\u00e1m ch\u1eefa b\u1ec7nh c\u00f3 th\u1ea9m quy\u1ec1n x\u00e1c nh\u1eadn kh\u00f4ng m\u1eafc b\u1ec7nh t\u00e2m th\u1ea7n ho\u1eb7c b\u1ec7nh kh\u00e1c m\u00e0 kh\u00f4ng c\u00f3 kh\u1ea3 n\u0103ng nh\u1eadn th\u1ee9c, l\u00e0m ch\u1ee7 \u0111\u01b0\u1ee3c h\u00e0nh vi<br \/>\n\u2013 T\u1edd khai \u0111\u0103ng k\u00fd k\u1ebft h\u00f4n theo m\u1eabu<br \/>\n\u2013 Tr\u01b0\u1eddng h\u1ee3p \u0111\u00e3 ly h\u00f4n ho\u1eb7c h\u1ee7y vi\u1ec7c k\u1ebft h\u00f4n t\u1ea1i c\u01a1 quan c\u00f3 th\u1ea9m quy\u1ec1n n\u01b0\u1edbc ngo\u00e0i th\u00ec c\u00f2n ph\u1ea3i n\u1ed9p b\u1ea3n sao tr\u00edch l\u1ee5c h\u1ed9 t\u1ecbch v\u1ec1 vi\u1ec7c \u0111\u00e3 ghi v\u00e0o s\u1ed5 vi\u1ec7c ly h\u00f4n ho\u1eb7c h\u1ee7y vi\u1ec7c k\u1ebft h\u00f4n; n\u1ebfu l\u00e0 c\u00f4ng ch\u1ee9c, vi\u00ean ch\u1ee9c ho\u1eb7c \u0111ang ph\u1ee5c v\u1ee5 trong l\u1ef1c l\u01b0\u1ee3ng v\u0169 trang th\u00ec ph\u1ea3i n\u1ed9p v\u0103n b\u1ea3n c\u1ee7a c\u01a1 quan, \u0111\u01a1n v\u1ecb qu\u1ea3n l\u00fd x\u00e1c nh\u1eadn vi\u1ec7c ng\u01b0\u1eddi \u0111\u00f3 k\u1ebft h\u00f4n v\u1edbi ng\u01b0\u1eddi n\u01b0\u1edbc ngo\u00e0i kh\u00f4ng tr\u00e1i v\u1edbi quy \u0111\u1ecbnh c\u1ee7a ng\u00e0nh \u0111\u00f3[\/vc_column_text][\/vc_column_inner][vc_column_inner width=&#8221;1\/2&#8243;][vc_column_text]<strong><em>Y\u00eau c\u1ea7u t\u00e0i li\u1ec7u h\u1ed3 s\u01a1 \u0111\u1ed1i v\u1edbi ng\u01b0\u1eddi n\u01b0\u1edbc ngo\u00e0i (Nam t\u1eeb \u0111\u1ee7 20 tu\u1ed5i tr\u1edf l\u00ean\/ N\u1eef t\u1eeb \u0111\u1ee7 18 tu\u1ed5i tr\u1edf l\u00ean)<\/em><\/strong><br \/>\n\u2013 H\u1ed9 chi\u1ebfu hay Th\u1ebb t\u1ea1m tr\u00fa (Y\u00eau c\u1ea7u \u0111\u01b0\u1ee3c h\u1ee3p ph\u00e1p h\u00f3a l\u00e3nh s\u1ef1 \u0111\u1ec3 s\u1eed d\u1ee5ng t\u1ea1i Vi\u1ec7t nam, n\u1ebfu ch\u01b0a h\u1ee3p ph\u00e1p h\u00f3a l\u00e3nh s\u1ef1 Colaw s\u1ebd h\u1ed7 tr\u1ee3 v\u1edbi m\u1ee9c ph\u00ed h\u1ed7 tr\u1ee3)<br \/>\n\u2013 Gi\u1ea5y t\u1edd t\u01b0\u01a1ng \u0111\u01b0\u01a1ng x\u00e1c nh\u1eadn t\u00ecnh tr\u1ea1ng h\u00f4n nh\u00e2n c\u1ee7a ng\u01b0\u1eddi n\u01b0\u1edbc ngo\u00e0i do c\u01a1 quan c\u00f3 th\u1ea9m quy\u1ec1n c\u1ee7a n\u01b0\u1edbc ngo\u00e0i c\u1ea5p<br \/>\n\u2013 Gi\u1ea5y kh\u00e1m s\u1ee9c kh\u1ecfe c\u1ee7a c\u01a1 s\u1edf kh\u00e1m ch\u1eefa b\u1ec7nh c\u00f3 th\u1ea9m quy\u1ec1n x\u00e1c nh\u1eadn kh\u00f4ng m\u1eafc b\u1ec7nh t\u00e2m th\u1ea7n ho\u1eb7c b\u1ec7nh kh\u00e1c m\u00e0 kh\u00f4ng c\u00f3 kh\u1ea3 n\u0103ng nh\u1eadn th\u1ee9c, l\u00e0m ch\u1ee7 \u0111\u01b0\u1ee3c h\u00e0nh vi<br \/>\n\u2013 T\u1edd khai \u0111\u0103ng k\u00fd k\u1ebft h\u00f4n theo m\u1eabu[\/vc_column_text][\/vc_column_inner][\/vc_row_inner][\/vc_column][\/vc_row][vc_row][vc_column width=&#8221;1\/3&#8243;]<div class=\"shortcode-wrapper shortcode-icon-column clearfix hb-animate-element hb-fade-in\"><div class=\"feature-box standard-icon-box alignleft\"><div class=\"feature-box-content\"><h4 class=\"bold\"><i class=\"hb-moon-medal-2 title-icon\"><\/i>Cung C\u1ea5p D\u1ecbch V\u1ee5 Ch\u1ea5t L\u01b0\u1ee3ng<\/h4>Ch\u1ea5t l\u01b0\u1ee3ng d\u1ecbch v\u1ee5 l\u00e0 tr\u1ecdng t\u00e2m trong ho\u1ea1t \u0111\u1ed9ng c\u1ee7a ch\u00fang t\u00f4i. D\u1ecbch v\u1ee5 K\u1ebft h\u00f4n chuy\u00ean nghi\u1ec7p c\u1ee7a ch\u00fang t\u00f4i lu\u00f4n \u0111\u1ea3m b\u1ea3o Kh\u00e1ch h\u00e0ng c\u00f3 Gi\u1ea5y K\u1ebft h\u00f4n nhanh ch\u00f3ng theo y\u00eau c\u1ea7u. \u0110\u1ed9i ng\u0169 nh\u00e2n vi\u00ean c\u1ee7a ch\u00fang t\u00f4i s\u1ebd ch\u1ecbu tr\u00e1ch nhi\u1ec7m x\u1eed l\u00fd to\u00e0n b\u1ed9 th\u1ee7 t\u1ee5c, qui tr\u00ecnh v\u00e0 ho\u00e0n th\u00e0nh nh\u01b0 y\u00eau c\u1ea7u m\u1ed9t c\u00e1ch nhanh nh\u1ea5t!<\/p>\n<p><strong>B\u1ea3o m\u1eadt<\/strong><\/p>\n<p>Ch\u00fang t\u00f4i \u0111\u00e1nh gi\u00e1 cao s\u1ef1 ri\u00eang t\u01b0 v\u00e0 b\u1ea3o m\u1eadt c\u1ee7a kh\u00e1ch h\u00e0ng, vi\u1ec7c x\u1eed l\u00fd c\u00e1c t\u00e0i li\u1ec7u b\u1ea3o m\u1eadt c\u1ee7a doanh nghi\u1ec7p v\u00e0\/ho\u1eb7c c\u00e1 nh\u00e2n \u0111\u01b0\u1ee3c tu\u00e2n th\u1ee7 c\u00e1c \u0111i\u1ec1u kho\u1ea3n tho\u1ea3 thu\u1eadn b\u1ea3o m\u1eadt v\u00e0 kh\u00f4ng ti\u1ebft l\u1ed9, kh\u00f4ng \u0111\u01b0\u1ee3c chia s\u1ebb c\u00e1c t\u00e0i li\u1ec7u ho\u1eb7c n\u1ed9i dung t\u00e0i li\u1ec7u c\u1ee7a kh\u00e1ch h\u00e0ng v\u1edbi b\u1ea5t k\u1ef3 ai ngo\u00e0i b\u1ed9 ph\u1eadn \u0111\u01b0\u1ee3c giao nhi\u1ec7m v\u1ee5 x\u1eed l\u00fd t\u00e0i li\u1ec7u.<\/div><\/div><\/div>[\/vc_column][vc_column width=&#8221;1\/3&#8243;]<div class=\"shortcode-wrapper shortcode-icon-column clearfix hb-animate-element hb-fade-in\"><div class=\"feature-box standard-icon-box alignleft\"><div class=\"feature-box-content\"><h4 class=\"bold\"><i class=\"hb-moon-coin title-icon\"><\/i>M\u1ee9c Ph\u00ed D\u1ecbch V\u1ee5 H\u1ee3p L\u00fd<\/h4>\n<p style=\"text-align: left;\">Ch\u00fang t\u00f4i lu\u00f4n n\u1ed7 l\u1ef1c \u0111\u1ec3 mang l\u1ea1i cho kh\u00e1ch h\u00e0ng s\u1ef1 h\u00e0i l\u00f2ng v\u00e0 ch\u1ea5t l\u01b0\u1ee3ng d\u1ecbch v\u1ee5 t\u1ed1t nh\u1ea5t v\u1edbi m\u1ee9c ph\u00ed th\u1ea5p nh\u1ea5t. Qu\u00fd kh\u00e1ch kh\u00f4ng m\u1ea5t ph\u00ed d\u1ecbch v\u1ee5 t\u01b0 v\u1ea5n, ch\u00fang t\u00f4i ch\u1ec9 t\u00ednh ph\u00ed khi th\u1ef1c hi\u1ec7n d\u1ecbch v\u1ee5.<\/p>\n<p><em>Vui l\u00f2ng <a href=\"https:\/\/www.colaw.vn\/dang-ky-online\/\">\u0110\u0103ng k\u00fd online<\/a> \u0111\u1ec3 \u0111\u01b0\u1ee3c t\u01b0 v\u1ea5n v\u00e0 nh\u1eadn b\u00e1o gi\u00e1!<\/em><\/p>\n<h4 style=\"text-align: left;\"><i class=\"hb-moon-diamond-2\" style=\"color: #f1592a;\"><\/i> H\u00e3y \u0110\u1ec3 Ch\u00fang T\u00f4i H\u1ed7 Tr\u1ee3 Qu\u00fd Kh\u00e1ch!<\/h4>\n<p><i class=\"icon-ok\" style=\"color: #9a4c3c;\"><\/i>\u0110\u01a1n Gi\u1ea3n, D\u1ec5 D\u00e0ng, v\u00e0 Nhanh Ch\u00f3ng<br \/>\n<i class=\"icon-ok\" style=\"color: #9a4c3c;\"><\/i>Kh\u00f4ng B\u1eadn T\u00e2m Lo L\u1eafng V\u1ec1 Th\u1ee7 T\u1ee5c H\u1ed3 S\u01a1<br \/>\n<i class=\"icon-ok\" style=\"color: #9a4c3c;\"><\/i>Kh\u00f4ng M\u1ea5t Th\u1eddi Gian \u0110i L\u1ea1i v\u00e0 Ch\u1edd \u0110\u1ee3i<\/div><\/div><\/div>[\/vc_column][vc_column width=&#8221;1\/3&#8243;]<div class=\"shortcode-wrapper shortcode-icon-column clearfix hb-animate-element hb-fade-in\"><div class=\"feature-box standard-icon-box alignleft\"><div class=\"feature-box-content\"><h4 class=\"bold\"><i class=\"hb-moon-balance title-icon\"><\/i>H\u1ed7 Tr\u1ee3 T\u01b0 V\u1ea5n Th\u1ee7 T\u1ee5c<\/h4>Ch\u00fang t\u00f4i lu\u00f4n s\u1eb5n s\u00e0ng h\u1ed7 tr\u1ee3 cho kh\u00e1ch h\u00e0ng m\u1ecdi c\u00e2u h\u1ecfi li\u00ean quan tr\u01b0\u1edbc v\u00e0 sau khi ho\u00e0n th\u00e0nh \u0111\u01a1n h\u00e0ng. Qu\u00fd kh\u00e1ch c\u00f3 th\u1ec3 tham kh\u1ea3o c\u00e1c c\u00e2u h\u1ecfi th\u01b0\u1eddng g\u1eb7p t\u1ea1i:<\/p>\n<p><em><span lang=\"VI\"><a href=\"https:\/\/colaw.vn\/trung-tam-ho-tro-faq\/\">Trung T\u00e2m H\u1ed7 Tr\u1ee3\/ FAQ<\/a><\/span><\/em><\/p>\n<p><a href=\"https:\/\/colaw.vn\/mau-to-khai-dang-ky-ket-hon\/\">M\u1eabu t\u1edd khai \u0111\u0103ng k\u00fd k\u1ebft h\u00f4n<\/a><\/div><\/div><\/div>[\/vc_column][\/vc_row][vc_row fullwidth=&#8221;yes&#8221; top_margin=&#8221;0&#8243; bottom_margin=&#8221;0&#8243; background_color=&#8221;#ececec&#8221;][vc_column][vc_empty_space height=&#8221;20px&#8221;]<div class=\"shortcode-wrapper shortcode-title clearfix hb-animate-element hb-scale-up\"><h5 style=\"color:#9a4c3c!important;border-color:#9a4c3c\" class=\"modern aligncenter\">Qui Tr\u00ecnh Th\u1ef1c Hi\u1ec7n D\u1ecbch V\u1ee5 Nhanh Ch\u00f3ng<span style=\"color:#9a4c3c!important;border-color:#9a4c3c\" class=\"bottom-line\"><\/span><\/h5><\/div>[vc_empty_space height=&#8221;20px&#8221;]<div class=\"shortcode-wrapper shortcode-title clearfix hb-animate-element hb-helix\"><h3 style=\"color:#9a4c3c!important;border-color:#9a4c3c\" class=\"aligncenter\">\u0110\u0103ng k\u00fd K\u1ebft h\u00f4n d\u1ec5 d\u00e0ng v\u00e0 nhanh ch\u00f3ng! Ch\u1ec9 c\u1ea7n Qu\u00fd kh\u00e1ch ch\u1ecdn m\u1ed9t v\u00e0i click chu\u1ed9t trong \u0110\u0103ng k\u00fd online hay g\u1ecdi \u0111i\u1ec7n, ch\u00fang t\u00f4i lu\u00f4n s\u1eb5n s\u00e0ng h\u1ed7 tr\u1ee3 Qu\u00fd kh\u00e1ch!<\/h3><\/div>[vc_empty_space height=&#8221;20px&#8221;][vc_column_text]<div class=\"hb-process-steps clearfix steps-4 \"><ul class=\"hb-process\">\n<li><div class=\"feature-box aligncenter\"><i class=\"icon-lightbulb ic-holder-1\"><\/i><h4 class=\"bold\">T\u01b0 v\u1ea5n v\u00e0 b\u00e1o gi\u00e1<\/h4><div class=\"hb-small-break\"><\/div><p>T\u01b0 v\u1ea5n, ti\u1ebfp nh\u1eadn th\u00f4ng tin t\u1eeb kh\u00e1ch h\u00e0ng v\u1ec1 y\u00eau c\u1ea7u d\u1ecbch v\u1ee5 Visa, v\u00e0 b\u00e1o gi\u00e1 cho kh\u00e1ch h\u00e0ng.<\/p><\/div><\/li>\n<li><div class=\"feature-box aligncenter\"><i class=\"hb-moon-file-9 ic-holder-1\"><\/i><h4 class=\"bold\">X\u00e1c nh\u1eadn \u0111\u01a1n h\u00e0ng<\/h4><div class=\"hb-small-break\"><\/div><p>Sau khi kh\u00e1ch h\u00e0ng nh\u1eadn b\u00e1o gi\u00e1 v\u00e0 x\u00e1c nh\u1eadn \u0111\u01a1n h\u00e0ng online ho\u1eb7c k\u00fd order\/ h\u1ee3p \u0111\u1ed3ng v\u00e0 thanh to\u00e1n. <\/p><\/div><\/li>\n<li><div class=\"feature-box aligncenter\"><i class=\"icon-rocket ic-holder-1\"><\/i><h4 class=\"bold\">Th\u1ef1c hi\u1ec7n \u0111\u01a1n h\u00e0ng<\/h4><div class=\"hb-small-break\"><\/div><p> Colaw th\u1ef1c hi\u1ec7n to\u00e0n b\u1ed9 h\u1ed3 s\u01a1 t\u00e0i li\u1ec7u c\u1ea7n thi\u1ebft theo th\u1ee7 t\u1ee5c k\u1ebft h\u00f4n hi\u1ec7n h\u00e0nh qui \u0111\u1ecbnh v\u00e0 h\u1eb9n ng\u00e0y n\u1ed9p h\u1ed3 s\u01a1 t\u1ea1i UBND. <\/p><\/div><\/li>\n<li><div class=\"feature-box aligncenter\"><i class=\"hb-moon-checkbox ic-holder-1\"><\/i><h4 class=\"bold\">Nh\u1eadn k\u1ebft qu\u1ea3<\/h4><div class=\"hb-small-break\"><\/div><p>Colaw h\u1ed7 tr\u1ee3 Qu\u00fd kh\u00e1ch h\u00e0ng \u0111\u1ebfn nh\u1eadn k\u1ebft qu\u1ea3 tr\u1ef1c ti\u1ebfp t\u1ea1i UBND Qu\u1eadn\/ Huy\u1ec7n n\u01a1i n\u1ed9p theo l\u1ecbch h\u1eb9n<\/p>\n<\/p><\/div><\/li>\n<\/ul><\/div>[\/vc_column_text][\/vc_column][\/vc_row]\n<\/div>","protected":false},"excerpt":{"rendered":"<p>[vc_row top_margin=&#8221;0&#8243; bottom_margin=&#8221;0&#8243; css=&#8221;.vc_custom_1499912039446{margin-top: -30px !important;}&#8221;][vc_column][vc_row_inner][vc_column_inner][vc_column_text]Ch\u00fang t\u00f4i cung c\u1ea5p d\u1ecbch v\u1ee5 K\u1ebft h\u00f4n, v\u1edbi mong mu\u1ed1n \u0111\u01b0\u1ee3c h\u1ed7 tr\u1ee3 Kh\u00e1ch h\u00e0ng K\u1ebft h\u00f4n th\u00e0nh c\u00f4ng nhanh ch\u00f3ng v\u00e0 H\u1ea1nh ph\u00fac b\u1ec1n v\u1eefng c\u00f9ng nhau, \u0111\u00f3 l\u00e0 gi\u00e1 tr\u1ecb \u0111\u00edch th\u1ef1c Ch\u00fang t\u00f4i mang \u0111\u1ebfn cho kh\u00e1ch h\u00e0ng, s\u1ef1 h\u00e0i l\u00f2ng c\u1ee7a kh\u00e1ch h\u00e0ng ch\u00ednh l\u00e0 [&hellip;]<\/p>\n","protected":false},"author":1,"featured_media":0,"parent":0,"menu_order":0,"comment_status":"closed","ping_status":"closed","template":"","meta":{"nf_dc_page":"","footnotes":""},"class_list":["post-9024","page","type-page","status-publish","hentry"],"_links":{"self":[{"href":"https:\/\/worknow.vn\/vi\/wp-json\/wp\/v2\/pages\/9024","targetHints":{"allow":["GET"]}}],"collection":[{"href":"https:\/\/worknow.vn\/vi\/wp-json\/wp\/v2\/pages"}],"about":[{"href":"https:\/\/worknow.vn\/vi\/wp-json\/wp\/v2\/types\/page"}],"author":[{"embeddable":true,"href":"https:\/\/worknow.vn\/vi\/wp-json\/wp\/v2\/users\/1"}],"replies":[{"embeddable":true,"href":"https:\/\/worknow.vn\/vi\/wp-json\/wp\/v2\/comments?post=9024"}],"version-history":[{"count":6,"href":"https:\/\/worknow.vn\/vi\/wp-json\/wp\/v2\/pages\/9024\/revisions"}],"predecessor-version":[{"id":9331,"href":"https:\/\/worknow.vn\/vi\/wp-json\/wp\/v2\/pages\/9024\/revisions\/9331"}],"wp:attachment":[{"href":"https:\/\/worknow.vn\/vi\/wp-json\/wp\/v2\/media?parent=9024"}],"curies":[{"name":"wp","href":"https:\/\/api.w.org\/{rel}","templated":true}]}}