{"id":9741,"date":"2022-08-18T01:42:26","date_gmt":"2022-08-18T01:42:26","guid":{"rendered":"https:\/\/worknow.vn\/?page_id=9741\/"},"modified":"2023-06-02T08:55:17","modified_gmt":"2023-06-02T08:55:17","slug":"nhan-vien-truc-web","status":"publish","type":"page","link":"https:\/\/worknow.vn\/vi\/nhan-vien-truc-web\/","title":{"rendered":"Nh\u00e2n Vi\u00ean Tr\u1ef1c Web"},"content":{"rendered":"<div class=\"wpb-content-wrapper\">[vc_row top_margin=&#8221;0&#8243; bottom_margin=&#8221;0&#8243; css=&#8221;.vc_custom_1499912039446{margin-top: -30px !important;}&#8221;][vc_column]<div class=\"shortcode-wrapper shortcode-title clearfix hb-animate-element hb-fade-in\"><p style=\"color:#878787!important;border-color:#878787\" class=\"hb-text-large aligncenter\">Nh\u00e2n Vi\u00ean Tr\u1ef1c Web<\/p><\/div>[vc_row_inner][vc_column_inner][vc_empty_space height=&#8221;10px&#8221;]<div class=\"shortcode-wrapper shortcode-icon-box clearfix\"><div class=\"feature-box alternative left-icon-box aligncenter\"><div class=\"feature-box-content\"><h4 class=\"bold\">M\u00f4 t\u1ea3 c\u00f4ng vi\u1ec7c<\/h4><p>Tr\u1ea3 l\u1eddi c\u00e1c c\u00e2u h\u1ecfi v\u00e0 h\u1ed7 tr\u1ee3 tr\u1ef1c ti\u1ebfp cho c\u00e1c th\u1eafc m\u1eafc v\u00e0 y\u00eau c\u1ea7u c\u1ee7a kh\u00e1ch h\u00e0ng. C\u00f4ng vi\u1ec7c n\u00e0y bao g\u1ed3m b\u00e1n h\u00e0ng ho\u1eb7c kh\u1eafc ph\u1ee5c s\u1ef1 c\u1ed1 k\u1ef9 thu\u1eadt. Tr\u00e1ch nhi\u1ec7m c\u1ee7a nh\u00e2n vi\u00ean tr\u1ef1c web l\u00e0 ph\u1ea3i ph\u1ea3n h\u1ed3i nhanh ch\u00f3ng th\u00f4ng qua tr\u00f2 chuy\u1ec7n tr\u1ef1c ti\u1ebfp v\u00e0 cung c\u1ea5p d\u1ecbch v\u1ee5 kh\u00e1ch h\u00e0ng l\u1ecbch s\u1ef1 v\u00e0 chuy\u00ean nghi\u1ec7p. L\u00e0m vi\u1ec7c t\u1ea1i v\u0103n ph\u00f2ng theo \u0111\u1ed9i nh\u00f3m.<\/p>\n<p><strong>Vai tr\u00f2 v\u00e0 tr\u00e1ch nhi\u1ec7m:<\/strong><\/p>\n<ul>\n<li>Tr\u1ea3 l\u1eddi c\u00e1c th\u1eafc m\u1eafc v\u00e0 y\u00eau c\u1ea7u c\u1ee7a kh\u00e1ch h\u00e0ng qua \u0111i\u1ec7n tho\u1ea1i, email v\u00e0 tr\u00f2 chuy\u1ec7n k\u1ecbp th\u1eddi.<\/li>\n<li>Ghi l\u1ea1i t\u1ea5t c\u1ea3 c\u00e1c th\u1eafc m\u1eafc, y\u00eau c\u1ea7u, gi\u1ea3i ph\u00e1p v\u00e0 c\u00e1c nhi\u1ec7m v\u1ee5 ti\u1ebfp theo<\/li>\n<li>Th\u1ec3 hi\u1ec7n th\u00e1i \u0111\u1ed9 l\u1ecbch s\u1ef1 v\u00e0 \u0111\u1ed3ng c\u1ea3m v\u1edbi t\u1ea5t c\u1ea3 kh\u00e1ch h\u00e0ng<\/li>\n<li>Tr\u1ea3 l\u1eddi c\u00e1c th\u1eafc m\u1eafc v\u00e0 y\u00eau c\u1ea7u c\u1ee7a kh\u00e1ch h\u00e0ng<\/li>\n<li>Ph\u00e1t tri\u1ec3n t\u00e0i kho\u1ea3n kh\u00e1ch h\u00e0ng hi\u1ec7n t\u1ea1i th\u00f4ng qua d\u1ecbch v\u1ee5 kh\u00e1ch h\u00e0ng \u0111\u1eb7c bi\u1ec7t v\u00e0 c\u00e1c k\u1ef9 thu\u1eadt b\u00e1n h\u00e0ng hi\u1ec7u qu\u1ea3.<\/li>\n<li>Gi\u1eef cho t\u00e0i kho\u1ea3n kh\u00e1ch h\u00e0ng lu\u00f4n c\u1eadp nh\u1eadt b\u1eb1ng c\u00e1ch c\u1eadp nh\u1eadt c\u01a1 s\u1edf d\u1eef li\u1ec7u trong cu\u1ed9c g\u1ecdi.<\/li>\n<\/ul>\n<\/p><\/div><\/div><\/div>[vc_empty_space height=&#8221;30px&#8221;]<div class=\"shortcode-wrapper shortcode-icon-box clearfix\"><div class=\"feature-box alternative left-icon-box aligncenter\"><div class=\"feature-box-content\"><h4 class=\"bold\">K\u0129 n\u0103ng thi\u1ebft y\u1ebfu<\/h4><p>\n<ul>\n<li>Ti\u1ebfng anh giao ti\u1ebfp t\u1ed1t.<\/li>\n<li>K\u1ef9 n\u0103ng vi\u1ebft v\u00e0 t\u1ed1c \u0111\u1ed9 \u0111\u00e1nh m\u00e1y nhanh.<\/li>\n<li>X\u1eed l\u00fd email.<\/li>\n<li>Giao ti\u1ebfp t\u1ed1t v\u00e0 k\u1ef9 n\u0103ng giao ti\u1ebfp.<\/li>\n<li>Tinh th\u1ea7n v\u1eefng v\u00e0 c\u00f3 kh\u1ea3 n\u0103ng x\u1eed l\u00fd s\u1ef1 t\u1eeb ch\u1ed1i.<\/li>\n<\/ul>\n<p><strong>Tr\u00ecnh \u0111\u1ed9:<\/strong> T\u1ed1t nghi\u1ec7p \u0110\u1ea1i h\u1ecdc.<\/p><\/div><\/div><\/div>[\/vc_column_inner][\/vc_row_inner][\/vc_column][\/vc_row]\n<\/div>","protected":false},"excerpt":{"rendered":"<p>[vc_row top_margin=&#8221;0&#8243; bottom_margin=&#8221;0&#8243; css=&#8221;.vc_custom_1499912039446{margin-top: -30px !important;}&#8221;][vc_column][vc_row_inner][vc_column_inner][vc_empty_space height=&#8221;10px&#8221;][vc_empty_space height=&#8221;30px&#8221;][\/vc_column_inner][\/vc_row_inner][\/vc_column][\/vc_row]<\/p>\n","protected":false},"author":4,"featured_media":0,"parent":0,"menu_order":0,"comment_status":"closed","ping_status":"closed","template":"","meta":{"nf_dc_page":"","footnotes":""},"class_list":["post-9741","page","type-page","status-publish","hentry"],"_links":{"self":[{"href":"https:\/\/worknow.vn\/vi\/wp-json\/wp\/v2\/pages\/9741","targetHints":{"allow":["GET"]}}],"collection":[{"href":"https:\/\/worknow.vn\/vi\/wp-json\/wp\/v2\/pages"}],"about":[{"href":"https:\/\/worknow.vn\/vi\/wp-json\/wp\/v2\/types\/page"}],"author":[{"embeddable":true,"href":"https:\/\/worknow.vn\/vi\/wp-json\/wp\/v2\/users\/4"}],"replies":[{"embeddable":true,"href":"https:\/\/worknow.vn\/vi\/wp-json\/wp\/v2\/comments?post=9741"}],"version-history":[{"count":5,"href":"https:\/\/worknow.vn\/vi\/wp-json\/wp\/v2\/pages\/9741\/revisions"}],"predecessor-version":[{"id":12166,"href":"https:\/\/worknow.vn\/vi\/wp-json\/wp\/v2\/pages\/9741\/revisions\/12166"}],"wp:attachment":[{"href":"https:\/\/worknow.vn\/vi\/wp-json\/wp\/v2\/media?parent=9741"}],"curies":[{"name":"wp","href":"https:\/\/api.w.org\/{rel}","templated":true}]}}